{"id":4753,"date":"2016-02-10T16:49:59","date_gmt":"2016-02-10T15:49:59","guid":{"rendered":"http:\/\/goerdeler.lspb.de\/wordpress\/?page_id=4753"},"modified":"2026-02-19T12:23:58","modified_gmt":"2026-02-19T11:23:58","slug":"downloads","status":"publish","type":"page","link":"https:\/\/goerdeler.lspb.de\/wordpress\/service\/downloads\/","title":{"rendered":"Downloads"},"content":{"rendered":"\n<h1 class=\"wp-block-heading\">Eltern-Infos<\/h1>\n\n\n\n<ul class=\"wp-block-list\">\n<li><a href=\"https:\/\/goerdeler.lspb.de\/wordpress\/wp-content\/uploads\/Goerdeler-ABC.pdf\" data-type=\"attachment\" data-id=\"13045\">Das Goerdeler-ABC<\/a><\/li>\n\n\n\n<li><a href=\"https:\/\/goerdeler.lspb.de\/wordpress\/wp-content\/uploads\/Vorschriften-und-Verfahrensweisen-3.pdf\">Verfahrensweise bei Beurlaubungen und Entschuldigungen<\/a><\/li>\n\n\n\n<li><a href=\"https:\/\/goerdeler.lspb.de\/wordpress\/wp-content\/uploads\/Verordnung-ueber-die-Verarbeitung-von-Daten.pdf\">Verordnung \u00fcber die zur Verarbeitung zugelassenen Daten<\/a><\/li>\n<\/ul>\n\n\n\n\n\n<h1 class=\"wp-block-heading\">Informationsflyer<\/h1>\n\n\n\n<figure class=\"wp-block-gallery has-nested-images columns-default is-cropped wp-block-gallery-1 is-layout-flex wp-block-gallery-is-layout-flex\"><\/figure>\n\n\n\n<ul class=\"wp-block-list\">\n<li><a href=\"https:\/\/goerdeler.lspb.de\/wordpress\/wp-content\/uploads\/GG_2025_Oberstufenflyer.pdf\">Flyer f\u00fcr zuk\u00fcnftige Oberstufensch\u00fcler <\/a><\/li>\n\n\n\n<li><a href=\"https:\/\/goerdeler.lspb.de\/wordpress\/wp-content\/uploads\/GG_2025_Grundschulflyer.pdf\">Flyer f\u00fcr zuk\u00fcnftige F\u00fcnftkl\u00e4ssler<\/a><\/li>\n\n\n\n<li><a href=\"https:\/\/goerdeler.lspb.de\/wordpress\/wp-content\/uploads\/GG_2025_Flyer_Blaeserklasse.pdf\">Flyer zur Bl\u00e4serKlasse<\/a><\/li>\n\n\n\n<li><a href=\"https:\/\/goerdeler.lspb.de\/wordpress\/wp-content\/uploads\/GG_2025_Flyer_NaWiKlasse.pdf\">Flyer zur Naturwissenschaftlichen Klasse (NaWi-Klasse)<\/a><\/li>\n\n\n\n<li><a href=\"https:\/\/goerdeler.lspb.de\/wordpress\/wp-content\/uploads\/2020_Flyer_MINT.pdf\" data-type=\"URL\" data-id=\"https:\/\/goerdeler.lspb.de\/wordpress\/wp-content\/uploads\/2020_Flyer_MINT.pdf\">F<\/a><a href=\"https:\/\/goerdeler.lspb.de\/wordpress\/wp-content\/uploads\/GG_2025_Flyer_MINT-1.pdf\">lyer zum MINT-Profil der Schule<\/a><\/li>\n\n\n\n<li><a href=\"https:\/\/goerdeler.lspb.de\/wordpress\/wp-content\/uploads\/GG_2023_Betreuung_Flyer-1.pdf\">Flyer zur P\u00e4dagogischen \u00dcbermittagsbetreuung<\/a><\/li>\n\n\n\n<li><a href=\"https:\/\/goerdeler.lspb.de\/wordpress\/wp-content\/uploads\/GG_2024_Beratung_Flyer-1.pdf\">Flyer zu den Beratungsangeboten <\/a><br><br><\/li>\n\n\n\n<li><a href=\"https:\/\/goerdeler.lspb.de\/wordpress\/wp-content\/uploads\/Anleitung-z.-Ausfuellen-Antrag-SchulwegTicket.pdf\">Flyer zur Sch\u00fclerbef\u00f6rderung (digitale Anmeldung)<\/a><\/li>\n\n\n\n<li><a href=\"https:\/\/goerdeler.lspb.de\/wordpress\/wp-content\/uploads\/6_Seiter_Mittags_Warmverpflegung-2025.pdf\">Info-Flyer Schulverpflegung<\/a><\/li>\n\n\n\n<li><a href=\"https:\/\/goerdeler.lspb.de\/wordpress\/wp-content\/uploads\/MDM-Anleitung-Deutsch.pdf\">Infos zum Einbinden von Bestandsger\u00e4ten (iPads) in das MDM der Lernstatt<\/a><\/li>\n<\/ul>\n\n\n\n<h1 class=\"wp-block-heading\">Formulare<\/h1>\n\n\n\n<ul class=\"wp-block-list\">\n<li>Protokollvorlage f\u00fcr Pflegschaftssitzungen (<a href=\"https:\/\/bid.lspb.de\/Download\/Document\/1189954\/\">PDF-Vordruck,<\/a> <a href=\"https:\/\/bid.lspb.de\/Download\/Document\/1189955\/\">editierbare Word-Datei<\/a>)<\/li>\n\n\n\n<li><a href=\"https:\/\/mein-digiport.de\/suche\/-\/vr-bis-detail\/dienstleistung\/21389\/show\">Anmeldung zur Schulverpflegung<\/a><\/li>\n\n\n\n<li><a href=\"https:\/\/goerdeler.lspb.de\/wordpress\/wp-content\/uploads\/anmeldung_uemibetr_25_26.pdf\">Anmeldung f\u00fcr die \u00dcbermittagbetreuung<\/a> am Goerdeler-Gymnasium<\/li>\n\n\n\n<li><a href=\"https:\/\/goerdeler.lspb.de\/wordpress\/wp-content\/uploads\/20210111MS-Teams-Nutzungsvereinbarung-Formular.pdf\">Einverst\u00e4ndniserkl\u00e4rung<\/a> (Microsoft Office, inkl. Videokonferenzen via &#8222;Teams&#8220;)<\/li>\n<\/ul>\n\n\n","protected":false},"excerpt":{"rendered":"<p>Eltern-Infos Informationsflyer Formulare<\/p>\n","protected":false},"author":2,"featured_media":0,"parent":4870,"menu_order":40,"comment_status":"closed","ping_status":"closed","template":"","meta":{"_themeisle_gutenberg_block_has_review":false,"_mc_calendar":[],"footnotes":""},"class_list":["post-4753","page","type-page","status-publish","hentry"],"_links":{"self":[{"href":"https:\/\/goerdeler.lspb.de\/wordpress\/wp-json\/wp\/v2\/pages\/4753","targetHints":{"allow":["GET"]}}],"collection":[{"href":"https:\/\/goerdeler.lspb.de\/wordpress\/wp-json\/wp\/v2\/pages"}],"about":[{"href":"https:\/\/goerdeler.lspb.de\/wordpress\/wp-json\/wp\/v2\/types\/page"}],"author":[{"embeddable":true,"href":"https:\/\/goerdeler.lspb.de\/wordpress\/wp-json\/wp\/v2\/users\/2"}],"replies":[{"embeddable":true,"href":"https:\/\/goerdeler.lspb.de\/wordpress\/wp-json\/wp\/v2\/comments?post=4753"}],"version-history":[{"count":162,"href":"https:\/\/goerdeler.lspb.de\/wordpress\/wp-json\/wp\/v2\/pages\/4753\/revisions"}],"predecessor-version":[{"id":19256,"href":"https:\/\/goerdeler.lspb.de\/wordpress\/wp-json\/wp\/v2\/pages\/4753\/revisions\/19256"}],"up":[{"embeddable":true,"href":"https:\/\/goerdeler.lspb.de\/wordpress\/wp-json\/wp\/v2\/pages\/4870"}],"wp:attachment":[{"href":"https:\/\/goerdeler.lspb.de\/wordpress\/wp-json\/wp\/v2\/media?parent=4753"}],"curies":[{"name":"wp","href":"https:\/\/api.w.org\/{rel}","templated":true}]}}