{"id":4763,"date":"2016-02-10T15:42:21","date_gmt":"2016-02-10T14:42:21","guid":{"rendered":"http:\/\/goerdeler.lspb.de\/wordpress\/?page_id=4763"},"modified":"2016-02-25T10:51:57","modified_gmt":"2016-02-25T09:51:57","slug":"schliessfaecher","status":"publish","type":"page","link":"https:\/\/goerdeler.lspb.de\/wordpress\/service\/schliessfaecher\/","title":{"rendered":"Schlie\u00dff\u00e4cher"},"content":{"rendered":"<p><img loading=\"lazy\" decoding=\"async\" class=\"alignright size-medium wp-image-4767\" src=\"http:\/\/goerdeler.lspb.de\/wordpress\/wp-content\/uploads\/GG-Schlie\u00dff\u00e4cher-300x225.jpg\" alt=\"GG-Schlie\u00dff\u00e4cher\" width=\"300\" height=\"225\" srcset=\"https:\/\/goerdeler.lspb.de\/wordpress\/wp-content\/uploads\/GG-Schlie\u00dff\u00e4cher-300x225.jpg 300w, https:\/\/goerdeler.lspb.de\/wordpress\/wp-content\/uploads\/GG-Schlie\u00dff\u00e4cher-768x576.jpg 768w, https:\/\/goerdeler.lspb.de\/wordpress\/wp-content\/uploads\/GG-Schlie\u00dff\u00e4cher-400x300.jpg 400w, https:\/\/goerdeler.lspb.de\/wordpress\/wp-content\/uploads\/GG-Schlie\u00dff\u00e4cher.jpg 953w\" sizes=\"auto, (max-width: 300px) 100vw, 300px\" \/>Zum Verstauen der Schulb\u00fccher, Hefte und weiterer Materialien k\u00f6nnen unsere Sch\u00fcler und Sch\u00fclerinnen Schlie\u00dff\u00e4cher eines externen Anbieters mieten. Die Firma <em>AstraDirekt Leasing &amp; Service GmbH<\/em> aus Mannheim stellt die F\u00e4cher in den Fluren unseres Schulgeb\u00e4udes zur Verf\u00fcgung. Mit einer Gr\u00f6\u00dfe von 46 x 35 x 50cm bietet die F\u00e4cher genug Stauraum f\u00fcr B\u00fccher, Zeichenmaterial oder eine Sporttasche.<\/p>\n<p>Weitere Informationen und die M\u00f6glichkeit ein Schlie\u00dffach im Goerdeler-Gymnasium zu beantragen gibt es unter <a href=\"http:\/\/www.astradirekt.de\/\">www.astradirekt.de<\/a>.<\/p>\n","protected":false},"excerpt":{"rendered":"<p>Zum Verstauen der Schulb\u00fccher, Hefte und weiterer Materialien k\u00f6nnen unsere Sch\u00fcler und Sch\u00fclerinnen Schlie\u00dff\u00e4cher eines externen Anbieters mieten. Die Firma AstraDirekt Leasing &amp; Service GmbH aus Mannheim stellt die F\u00e4cher in den Fluren unseres Schulgeb\u00e4udes zur Verf\u00fcgung. Mit einer Gr\u00f6\u00dfe von 46 x 35 x 50cm bietet die F\u00e4cher genug Stauraum f\u00fcr B\u00fccher, Zeichenmaterial oder [&hellip;]<\/p>\n","protected":false},"author":2,"featured_media":0,"parent":4870,"menu_order":46,"comment_status":"closed","ping_status":"closed","template":"","meta":{"_themeisle_gutenberg_block_has_review":false,"_mc_calendar":[],"footnotes":""},"class_list":["post-4763","page","type-page","status-publish","hentry"],"_links":{"self":[{"href":"https:\/\/goerdeler.lspb.de\/wordpress\/wp-json\/wp\/v2\/pages\/4763","targetHints":{"allow":["GET"]}}],"collection":[{"href":"https:\/\/goerdeler.lspb.de\/wordpress\/wp-json\/wp\/v2\/pages"}],"about":[{"href":"https:\/\/goerdeler.lspb.de\/wordpress\/wp-json\/wp\/v2\/types\/page"}],"author":[{"embeddable":true,"href":"https:\/\/goerdeler.lspb.de\/wordpress\/wp-json\/wp\/v2\/users\/2"}],"replies":[{"embeddable":true,"href":"https:\/\/goerdeler.lspb.de\/wordpress\/wp-json\/wp\/v2\/comments?post=4763"}],"version-history":[{"count":3,"href":"https:\/\/goerdeler.lspb.de\/wordpress\/wp-json\/wp\/v2\/pages\/4763\/revisions"}],"predecessor-version":[{"id":4768,"href":"https:\/\/goerdeler.lspb.de\/wordpress\/wp-json\/wp\/v2\/pages\/4763\/revisions\/4768"}],"up":[{"embeddable":true,"href":"https:\/\/goerdeler.lspb.de\/wordpress\/wp-json\/wp\/v2\/pages\/4870"}],"wp:attachment":[{"href":"https:\/\/goerdeler.lspb.de\/wordpress\/wp-json\/wp\/v2\/media?parent=4763"}],"curies":[{"name":"wp","href":"https:\/\/api.w.org\/{rel}","templated":true}]}}