{"id":4770,"date":"2016-02-10T15:48:52","date_gmt":"2016-02-10T14:48:52","guid":{"rendered":"http:\/\/goerdeler.lspb.de\/wordpress\/?page_id=4770"},"modified":"2018-10-24T13:59:36","modified_gmt":"2018-10-24T11:59:36","slug":"schullaufbahn","status":"publish","type":"page","link":"https:\/\/goerdeler.lspb.de\/wordpress\/unsere-schule\/schullaufbahn\/","title":{"rendered":"Schullaufbahn"},"content":{"rendered":"<p>Das Goerdeler-Gymnasium erm\u00f6glicht, wie alle Gymnasien in Nordrhein-Westfalen, den Sch\u00fclerinnen und Sch\u00fclern den direkten Weg zum Abitur. In einem durchgehenden Bildungsgang wird dieser Abschluss im Regelfall nach acht Jahren erreicht.<\/p>\n<div class=\"park-article-content\">\n<p class=\"text\">2018 beschloss der Landtag in D\u00fcsseldorf, dass die Gymnasien ab dem Schuljahr 2019\/2020 von der achtj\u00e4hrigen Gymnasialzeit, genannt G8, im Regelfall wieder zu G9 zur\u00fcckkehren. Die Schulkonferenz des Goerdeler-Gymnasiums ist diesem Beschluss einstimmig gefolgt. Die Umstellung erfolgt zum Schuljahr 2019\/20 mit den Klassen 5 und 6.<\/p>\n<\/div>\n<p>Ziel des Gymnasiums ist die Vermittlung einer vertieften allgemeinen Bildung, die zur Aufnahme eines Hochschulstudiums bef\u00e4higt und f\u00fcr eine berufliche Ausbildung qualifiziert. Der Unterricht soll zur Auseinandersetzung mit komplexen Problemstellungen anleiten und zu abstrahierendem, analysierendem und kritischem Denken f\u00fchren.<\/p>\n<p style=\"text-align: left;\"><a href=\"http:\/\/goerdeler.lspb.de\/wordpress\/wp-content\/uploads\/Schulweg_G9.bmp\"><img loading=\"lazy\" decoding=\"async\" class=\"wp-image-8307 alignright\" src=\"http:\/\/goerdeler.lspb.de\/wordpress\/wp-content\/uploads\/Schulweg_G9.bmp\" alt=\"\" width=\"536\" height=\"848\" \/><\/a>Der gymnasiale G9-Bildungsgang gliedert sich dabei in eine sechsj\u00e4hrige <a href=\"https:\/\/www.schulministerium.nrw.de\/docs\/Schulsystem\/Schulformen\/Gymnasium\/Sek-1\/index.html\">Sekundarstufe I<\/a> (zweij\u00e4hrige Erprobungs- und dreij\u00e4hrige Mittelstufe) sowie eine dreij\u00e4hrige <a href=\"https:\/\/www.schulministerium.nrw.de\/docs\/Schulsystem\/Schulformen\/Gymnasium\/Sek-2\/index.html\">gymnasiale Oberstufe\/Sekundarstufe II <\/a>\u00a0(Einf\u00fchrungs- und Qualifikationsphase).<\/p>\n<p>Die Gestaltung der Laufbahn am Goerdeler-Gymnasium wird in der nebenstehenden Abbildung in kurzer Form anschaulich als \u201eSchulweg\u201c dargestellt.<\/p>\n<p>Genauere Ausf\u00fchrungen zur Konzeption der dreigliedrigen Laufbahn an unserer Schule entnehmen Sie bitte den Seiten zur <a href=\"http:\/\/goerdeler.lspb.de\/wordpress\/unsere-schule\/erprobungsstufe\/\">Erprobungsstufe<\/a>, <a href=\"http:\/\/goerdeler.lspb.de\/wordpress\/unsere-schule\/mittelstufe\/\">Mittelstufe<\/a> und <a href=\"http:\/\/goerdeler.lspb.de\/wordpress\/unsere-schule\/oberstufe\/\">Oberstufe<\/a>.<\/p>\n","protected":false},"excerpt":{"rendered":"<p>Das Goerdeler-Gymnasium erm\u00f6glicht, wie alle Gymnasien in Nordrhein-Westfalen, den Sch\u00fclerinnen und Sch\u00fclern den direkten Weg zum Abitur. In einem durchgehenden Bildungsgang wird dieser Abschluss im Regelfall nach acht Jahren erreicht. 2018 beschloss der Landtag in D\u00fcsseldorf, dass die Gymnasien ab dem Schuljahr 2019\/2020 von der achtj\u00e4hrigen Gymnasialzeit, genannt G8, im Regelfall wieder zu G9 zur\u00fcckkehren. [&hellip;]<\/p>\n","protected":false},"author":2,"featured_media":0,"parent":4252,"menu_order":72,"comment_status":"closed","ping_status":"closed","template":"","meta":{"_themeisle_gutenberg_block_has_review":false,"_mc_calendar":[],"footnotes":""},"class_list":["post-4770","page","type-page","status-publish","hentry"],"_links":{"self":[{"href":"https:\/\/goerdeler.lspb.de\/wordpress\/wp-json\/wp\/v2\/pages\/4770","targetHints":{"allow":["GET"]}}],"collection":[{"href":"https:\/\/goerdeler.lspb.de\/wordpress\/wp-json\/wp\/v2\/pages"}],"about":[{"href":"https:\/\/goerdeler.lspb.de\/wordpress\/wp-json\/wp\/v2\/types\/page"}],"author":[{"embeddable":true,"href":"https:\/\/goerdeler.lspb.de\/wordpress\/wp-json\/wp\/v2\/users\/2"}],"replies":[{"embeddable":true,"href":"https:\/\/goerdeler.lspb.de\/wordpress\/wp-json\/wp\/v2\/comments?post=4770"}],"version-history":[{"count":5,"href":"https:\/\/goerdeler.lspb.de\/wordpress\/wp-json\/wp\/v2\/pages\/4770\/revisions"}],"predecessor-version":[{"id":16231,"href":"https:\/\/goerdeler.lspb.de\/wordpress\/wp-json\/wp\/v2\/pages\/4770\/revisions\/16231"}],"up":[{"embeddable":true,"href":"https:\/\/goerdeler.lspb.de\/wordpress\/wp-json\/wp\/v2\/pages\/4252"}],"wp:attachment":[{"href":"https:\/\/goerdeler.lspb.de\/wordpress\/wp-json\/wp\/v2\/media?parent=4770"}],"curies":[{"name":"wp","href":"https:\/\/api.w.org\/{rel}","templated":true}]}}