{"id":4782,"date":"2016-02-10T15:59:14","date_gmt":"2016-02-10T14:59:14","guid":{"rendered":"http:\/\/goerdeler.lspb.de\/wordpress\/?page_id=4782"},"modified":"2025-09-16T09:26:31","modified_gmt":"2025-09-16T07:26:31","slug":"sprachenfolge","status":"publish","type":"page","link":"https:\/\/goerdeler.lspb.de\/wordpress\/sprachenfolge\/","title":{"rendered":"Sprachenfolge"},"content":{"rendered":"\n<p>Am Goerdeler-Gymnasium erm\u00f6glichen wir unseren Sch\u00fcler:innen, drei moderne Fremdsprachen und Latein zu erlernen. Alle beginnen in <strong>Klasse 5<\/strong> mit <strong>Englisch<\/strong>. Im neunj\u00e4hrigen Bildungsgang (&#8222;G9&#8220;) gibt es ab der Klasse 7 an mehreren Stellen der Schullaufbahn die Wahlm\u00f6glichkeit f\u00fcr verschiedene weitere Fremdsprachen.<\/p>\n\n\n\n<ul class=\"wp-block-list\">\n<li><strong>Klasse 7<\/strong>: <strong>Franz\u00f6sisch <\/strong>oder<strong> Latein<\/strong> m\u00fcssen mindestens bis zum Ende der Jahrgangsstufe 10 belegt werden.&nbsp;Wer ab der Jahrgangsstufe 7 Latein w\u00e4hlt, erwirbt am Ende der Einf\u00fchrungsphase bei mindestens ausreichenden Leistungen das Latinum.<\/li>\n\n\n\n<li><strong>Klasse 9<\/strong>: Als dritte Fremdsprache steht im Rahmen der differenzierten Mittelstufe im Wahlpflichtbereich II  <strong>Spanisch <\/strong>zur Wahl. Die F\u00e4cher werden mindestens zwei Jahre belegt und haben versetzungsrechtlich den Charakter der F\u00e4chergruppe II.&nbsp;<\/li>\n\n\n\n<li><strong>Jahrgangsstufe EF<\/strong>: Zu Beginn der gymnasialen Oberstufe kann <strong>Spanisch <\/strong>als neu einsetzende Fremdsprache belegt werden.<\/li>\n<\/ul>\n\n\n\n<p><\/p>\n","protected":false},"excerpt":{"rendered":"<p>Am Goerdeler-Gymnasium erm\u00f6glichen wir unseren Sch\u00fcler:innen, drei moderne Fremdsprachen und Latein zu erlernen. Alle beginnen in Klasse 5 mit Englisch. Im neunj\u00e4hrigen Bildungsgang (&#8222;G9&#8220;) gibt es ab der Klasse 7 an mehreren Stellen der Schullaufbahn die Wahlm\u00f6glichkeit f\u00fcr verschiedene weitere Fremdsprachen.<\/p>\n","protected":false},"author":2,"featured_media":0,"parent":0,"menu_order":70,"comment_status":"closed","ping_status":"closed","template":"","meta":{"_themeisle_gutenberg_block_has_review":false,"_mc_calendar":[],"footnotes":""},"class_list":["post-4782","page","type-page","status-publish","hentry"],"_links":{"self":[{"href":"https:\/\/goerdeler.lspb.de\/wordpress\/wp-json\/wp\/v2\/pages\/4782","targetHints":{"allow":["GET"]}}],"collection":[{"href":"https:\/\/goerdeler.lspb.de\/wordpress\/wp-json\/wp\/v2\/pages"}],"about":[{"href":"https:\/\/goerdeler.lspb.de\/wordpress\/wp-json\/wp\/v2\/types\/page"}],"author":[{"embeddable":true,"href":"https:\/\/goerdeler.lspb.de\/wordpress\/wp-json\/wp\/v2\/users\/2"}],"replies":[{"embeddable":true,"href":"https:\/\/goerdeler.lspb.de\/wordpress\/wp-json\/wp\/v2\/comments?post=4782"}],"version-history":[{"count":7,"href":"https:\/\/goerdeler.lspb.de\/wordpress\/wp-json\/wp\/v2\/pages\/4782\/revisions"}],"predecessor-version":[{"id":18145,"href":"https:\/\/goerdeler.lspb.de\/wordpress\/wp-json\/wp\/v2\/pages\/4782\/revisions\/18145"}],"wp:attachment":[{"href":"https:\/\/goerdeler.lspb.de\/wordpress\/wp-json\/wp\/v2\/media?parent=4782"}],"curies":[{"name":"wp","href":"https:\/\/api.w.org\/{rel}","templated":true}]}}