{"id":4787,"date":"2016-02-10T16:01:49","date_gmt":"2016-02-10T15:01:49","guid":{"rendered":"http:\/\/goerdeler.lspb.de\/wordpress\/?page_id=4787"},"modified":"2025-03-19T07:53:01","modified_gmt":"2025-03-19T06:53:01","slug":"zentrale-pruefungen","status":"publish","type":"page","link":"https:\/\/goerdeler.lspb.de\/wordpress\/unterricht\/zentrale-pruefungen\/","title":{"rendered":"Zentrale Pr\u00fcfungen"},"content":{"rendered":"\n<h2 class=\"wp-block-heading\"><strong>Lernstandserhebungen in Klasse 8<\/strong><\/h2>\n\n\n\n<p>Die Durchf\u00fchrung von Lernstandserhebungen (bzw. <strong>Ver<\/strong>gleichs<strong>a<\/strong>rbeiten; VERA) in allen L\u00e4ndern der Bundesrepublik Deutschland ist Teil der 2006 verabschiedeten Gesamtstrategie der Kultusministerkonferenz zum Bildungsmonitoring. Damit ist das Ziel verbunden, die Kompetenzorientierung im Bildungssystem zu st\u00e4rken.<br>In NRW werden jeweils im zweiten Halbjahr der Jahrgangsstufe 8 &nbsp;die Lernstandserhebungen (bzw. VERA 8) durchgef\u00fchrt, in denen die erreichten Kompetenzen in den F\u00e4chern Deutsch, Englisch und Mathematik \u00fcberpr\u00fcft und landesweit verglichen werden. Die nicht benoteten Ergebnisse geben einerseits den Sch\u00fclerinnen und Sch\u00fclern eine individuelle R\u00fcckmeldung \u00fcber den Grad ihrer Kompetenzerreichung,&nbsp; aber andererseits auch den &nbsp;Lehrern und Fachschaften eine Auskunft \u00fcber Ans\u00e4tze f\u00fcr F\u00f6rderbereiche und Optimierungen des Unterrichts.<br>Weitere Informationen und die j\u00e4hrlichen Termine finden Sie auf den <a href=\"https:\/\/www.schulentwicklung.nrw.de\/e\/lernstand8\/allgemeine-informationen\/index.html\">Seiten der QUA-LiS NRW<\/a>.<\/p>\n\n\n\n<h2 class=\"wp-block-heading\"><strong>Zentrale Pr\u00fcfungen am Ende der Klasse 10 (MSA)<\/strong><\/h2>\n\n\n\n<p>In Nordrhein-Westfalen finden gem\u00e4\u00df&nbsp;Schulgesetz&nbsp;(\u00a7 12 Abs. 3) und der Ausbildungs- und Pr\u00fcfungsordnung f\u00fcr die Sekundarstufe I&nbsp;(\u00a7\u00a7 30 ff.&nbsp;APO-S I) ab dem Schuljahr 2023\/2024 die Zentralen Abschlusspr\u00fcfungen zum Erwerb des Mittleren Schulabschlusses (MSA) ebenfalls verbindlich an den Gymnasien statt. In den F\u00e4chern Deutsch, Mathematik und Englisch legen alle Sch\u00fclerinnen und Sch\u00fcler zentrale landeseinheitliche schriftliche Pr\u00fcfungen ab.<\/p>\n\n\n\n<p>Weitere Informationen und die j\u00e4hrlichen Termine finden Sie auf den <strong><a href=\"https:\/\/www.standardsicherung.schulministerium.nrw.de\/cms\/zentrale-pruefungen-10\/termine\/termine-2025\/\">Seiten des Schulministeriums<\/a>.<\/strong><\/p>\n\n\n\n<p><a href=\"https:\/\/goerdeler.lspb.de\/wordpress\/wp-content\/uploads\/Schueler_inneninformation_ZP_10.pdf\">Zentrale Pr\u00fcfungen der Stufe 10<\/a><\/p>\n\n\n\n<h2 class=\"wp-block-heading\"><strong>Zentrale Klausur am Ende der Einf\u00fchrungsphase<\/strong><\/h2>\n\n\n\n<p>Seit dem Schuljahr 2011\/2012 nehmen alle Sch\u00fclerinnen und Sch\u00fcler an Gymnasien und Gesamtschulen gem\u00e4\u00df \u00a7 14 Abs. 1 Satz 3 APO-GOSt (BASS 13 \u2013 32 Nr. 3.1 B\/Nr. 3.2 B) an zentralen Klausuren mit landeseinheitlich gestellten Aufgaben teil.&nbsp; Sie werden f\u00fcr die F\u00e4cher Deutsch und Mathematik erstellt und als zweite zu benotende Klausur im zweiten Halbjahr geschrieben.<br>Weitere Informationen und die j\u00e4hrlichen Termine finden Sie auf den <a href=\"https:\/\/www.standardsicherung.schulministerium.nrw.de\/cms\/zur-uebersicht\/zentrale-klausuren-s-ii\/\">Seiten des Schulministeriums NRW<\/a>.<\/p>\n\n\n\n<h2 class=\"wp-block-heading\"><strong>Schriftliche Abiturpr\u00fcfungen<\/strong><\/h2>\n\n\n\n<p>In Nordrhein-Westfalen finden die Abschlusspr\u00fcfungen f\u00fcr die Sekundarstufe II seit 2007 mit zentralen schriftlichen Pr\u00fcfungsaufgaben statt. Sie werden in allen Pr\u00fcfungsf\u00e4chern durchgef\u00fchrt und beziehen sich inhaltlich und thematisch auf den Rahmen der g\u00fcltigen Lehrpl\u00e4ne.<br>Vorgaben, Hinweise und Beispielaufgaben der F\u00e4cher, die landeseinheitlichen Termine und weitere Informationen finden Sie auf den <a href=\"https:\/\/www.standardsicherung.schulministerium.nrw.de\/cms\/zentralabitur-gost\/termine\/termine-2025\/\">Seiten des Schulministeriums NRW<\/a>.<\/p>\n","protected":false},"excerpt":{"rendered":"<p>Lernstandserhebungen in Klasse 8 Die Durchf\u00fchrung von Lernstandserhebungen (bzw. Vergleichsarbeiten; VERA) in allen L\u00e4ndern der Bundesrepublik Deutschland ist Teil der 2006 verabschiedeten Gesamtstrategie der Kultusministerkonferenz zum Bildungsmonitoring. Damit ist das Ziel verbunden, die Kompetenzorientierung im Bildungssystem zu st\u00e4rken.In NRW werden jeweils im zweiten Halbjahr der Jahrgangsstufe 8 &nbsp;die Lernstandserhebungen (bzw. VERA 8) durchgef\u00fchrt, in denen [&hellip;]<\/p>\n","protected":false},"author":2,"featured_media":0,"parent":4384,"menu_order":112,"comment_status":"closed","ping_status":"closed","template":"","meta":{"_themeisle_gutenberg_block_has_review":false,"_mc_calendar":[],"footnotes":""},"class_list":["post-4787","page","type-page","status-publish","hentry"],"_links":{"self":[{"href":"https:\/\/goerdeler.lspb.de\/wordpress\/wp-json\/wp\/v2\/pages\/4787","targetHints":{"allow":["GET"]}}],"collection":[{"href":"https:\/\/goerdeler.lspb.de\/wordpress\/wp-json\/wp\/v2\/pages"}],"about":[{"href":"https:\/\/goerdeler.lspb.de\/wordpress\/wp-json\/wp\/v2\/types\/page"}],"author":[{"embeddable":true,"href":"https:\/\/goerdeler.lspb.de\/wordpress\/wp-json\/wp\/v2\/users\/2"}],"replies":[{"embeddable":true,"href":"https:\/\/goerdeler.lspb.de\/wordpress\/wp-json\/wp\/v2\/comments?post=4787"}],"version-history":[{"count":7,"href":"https:\/\/goerdeler.lspb.de\/wordpress\/wp-json\/wp\/v2\/pages\/4787\/revisions"}],"predecessor-version":[{"id":17218,"href":"https:\/\/goerdeler.lspb.de\/wordpress\/wp-json\/wp\/v2\/pages\/4787\/revisions\/17218"}],"up":[{"embeddable":true,"href":"https:\/\/goerdeler.lspb.de\/wordpress\/wp-json\/wp\/v2\/pages\/4384"}],"wp:attachment":[{"href":"https:\/\/goerdeler.lspb.de\/wordpress\/wp-json\/wp\/v2\/media?parent=4787"}],"curies":[{"name":"wp","href":"https:\/\/api.w.org\/{rel}","templated":true}]}}