{"id":4796,"date":"2016-02-10T16:21:58","date_gmt":"2016-02-10T15:21:58","guid":{"rendered":"http:\/\/goerdeler.lspb.de\/wordpress\/?page_id=4796"},"modified":"2024-09-13T15:22:08","modified_gmt":"2024-09-13T13:22:08","slug":"begabtenfoerderung","status":"publish","type":"page","link":"https:\/\/goerdeler.lspb.de\/wordpress\/unsere-schule\/begabtenfoerderung\/","title":{"rendered":"Begabtenf\u00f6rderung"},"content":{"rendered":"<p>Ein besonderes Anliegen ist uns die F\u00f6rderung von begabten Sch\u00fclerinnen und Sch\u00fclern. In Zusammenarbeit von Schule und Elternhaus m\u00f6chten wir Rahmenbedingungen schaffen und Angebote machen, die eine optimale Entfaltung von Potenzialen erm\u00f6glichen.<\/p>\n<p>Dazu geh\u00f6ren vor allem:<\/p>\n<ul>\n<li>ein leistungsfreundliches Umfeld schaffen<\/li>\n<li>begabungsfreundlichen, differenzierten Unterricht anbieten<\/li>\n<li>herausfordernde Zusatzangebote bereithalten<\/li>\n<li>st\u00fctzende Ma\u00dfnahmen bei besonderen Schwierigkeiten anbieten.<\/li>\n<\/ul>\n<p>Unsere Angebote, die \u00fcber den begabungsf\u00f6rdernden Unterricht hinausgehen:<\/p>\n<h3>Wettbewerbskultur und Akademieteilnahmen<\/h3>\n<ul>\n<li>Teilnahme an Wettbewerben\/Begleitung durch die Fachlehrer (z.B. Jugend forscht)<\/li>\n<li>Teilnahme an den OWL-Akademien (Klassen 8 &#8211; 10)<\/li>\n<li>Deutsche Juniorakademie (Klassen 8 und 9)\u00a0 Kurse in den Sommerferien<\/li>\n<li>Deutsche Sch\u00fclerAkademie (Oberstufe) Kurse in den Sommerferien<\/li>\n<\/ul>\n<h3>Wertsch\u00e4tzung besonderer Leistungen<\/h3>\n<ul>\n<li>Eintragen in Bestenlisten nach den Zeugnissen<\/li>\n<li>Ehrung besonderer Leistungen\/besonderen Engagements<\/li>\n<\/ul>\n<h3><u><\/u>Sprachenf\u00f6rderung<\/h3>\n<ul>\n<li>Sprachendiplome\n<ul>\n<li>DELF (frz.)<\/li>\n<li>DELE (span.)<\/li>\n<li>Cambridge (engl.)<\/li>\n<\/ul>\n<\/li>\n<li>Jugend debattiert<\/li>\n<\/ul>\n<h3>Mathef\u00f6rderung<\/h3>\n<ul>\n<li>Problem des Monats<\/li>\n<li>Universit\u00e4tskurse<\/li>\n<li>K\u00e4ngeru-Wettbewerb<\/li>\n<li>Mathe-Olympiade<\/li>\n<\/ul>\n<h3>Dreht\u00fcrmodell<\/h3>\n<p>Freistellung vom regul\u00e4ren Unterricht f\u00fcr besondere Projekte:<\/p>\n<ul>\n<li>doppeltes Fremdsprachenlernen (Latein und Franz\u00f6sisch gleichzeitig)<\/li>\n<li>Universit\u00e4tsstudium<\/li>\n<li>Unterricht in h\u00f6heren Klassenstufe (z.B. bei Unterforderung in einem Fach)<\/li>\n<li>Expertenprojekt (Klassen 6)<\/li>\n<\/ul>\n<h3>Profilklassen<\/h3>\n<ul>\n<li><a href=\"http:\/\/goerdeler.lspb.de\/wordpress\/unsere-schule\/blaeserklasse\/\">Bl\u00e4serKlasse<\/a><\/li>\n<li><a href=\"http:\/\/goerdeler.lspb.de\/wordpress\/unsere-schule\/nawi-klasse\/\">NAWI-Klasse<\/a><\/li>\n<\/ul>\n<h3>Einzelberatung<\/h3>\n<ul>\n<li>Beratung und individuelle Betreuung bei Lern-\/Leistungsproblemen<\/li>\n<li>w\u00f6chentliche Extrasprechzeiten und auf den Elternsprechtagen<\/li>\n<li>Coaching bei Underachievement<\/li>\n<li>Stipendienberatung<\/li>\n<\/ul>\n<h3>Ansprechpartnerin<\/h3>\n<p>Ansprechpartnerin ist\u00a0<a href=\"mailto:jschnei5@lspb.de\">Frau Janine Busche.<\/a><\/p>\n","protected":false},"excerpt":{"rendered":"<p>Ein besonderes Anliegen ist uns die F\u00f6rderung von begabten Sch\u00fclerinnen und Sch\u00fclern. In Zusammenarbeit von Schule und Elternhaus m\u00f6chten wir Rahmenbedingungen schaffen und Angebote machen, die eine optimale Entfaltung von Potenzialen erm\u00f6glichen. Dazu geh\u00f6ren vor allem: ein leistungsfreundliches Umfeld schaffen begabungsfreundlichen, differenzierten Unterricht anbieten herausfordernde Zusatzangebote bereithalten st\u00fctzende Ma\u00dfnahmen bei besonderen Schwierigkeiten anbieten. Unsere Angebote, [&hellip;]<\/p>\n","protected":false},"author":2,"featured_media":0,"parent":4252,"menu_order":61,"comment_status":"closed","ping_status":"closed","template":"","meta":{"_themeisle_gutenberg_block_has_review":false,"_mc_calendar":[],"footnotes":""},"class_list":["post-4796","page","type-page","status-publish","hentry"],"_links":{"self":[{"href":"https:\/\/goerdeler.lspb.de\/wordpress\/wp-json\/wp\/v2\/pages\/4796","targetHints":{"allow":["GET"]}}],"collection":[{"href":"https:\/\/goerdeler.lspb.de\/wordpress\/wp-json\/wp\/v2\/pages"}],"about":[{"href":"https:\/\/goerdeler.lspb.de\/wordpress\/wp-json\/wp\/v2\/types\/page"}],"author":[{"embeddable":true,"href":"https:\/\/goerdeler.lspb.de\/wordpress\/wp-json\/wp\/v2\/users\/2"}],"replies":[{"embeddable":true,"href":"https:\/\/goerdeler.lspb.de\/wordpress\/wp-json\/wp\/v2\/comments?post=4796"}],"version-history":[{"count":6,"href":"https:\/\/goerdeler.lspb.de\/wordpress\/wp-json\/wp\/v2\/pages\/4796\/revisions"}],"predecessor-version":[{"id":16329,"href":"https:\/\/goerdeler.lspb.de\/wordpress\/wp-json\/wp\/v2\/pages\/4796\/revisions\/16329"}],"up":[{"embeddable":true,"href":"https:\/\/goerdeler.lspb.de\/wordpress\/wp-json\/wp\/v2\/pages\/4252"}],"wp:attachment":[{"href":"https:\/\/goerdeler.lspb.de\/wordpress\/wp-json\/wp\/v2\/media?parent=4796"}],"curies":[{"name":"wp","href":"https:\/\/api.w.org\/{rel}","templated":true}]}}