{"id":4840,"date":"2016-02-11T09:38:12","date_gmt":"2016-02-11T08:38:12","guid":{"rendered":"http:\/\/goerdeler.lspb.de\/wordpress\/?page_id=4840"},"modified":"2025-09-16T09:25:43","modified_gmt":"2025-09-16T07:25:43","slug":"unterrichtszeiten","status":"publish","type":"page","link":"https:\/\/goerdeler.lspb.de\/wordpress\/unsere-schule\/unterrichtszeiten\/","title":{"rendered":"Unterrichtszeiten"},"content":{"rendered":"<table style=\"width: 75%;\">\n<tbody>\n<tr>\n<td width=\"154\"><\/td>\n<td width=\"72\"><strong>Beginn<\/strong><\/td>\n<td width=\"71\"><strong>Ende<\/strong><\/td>\n<td width=\"113\"><strong>Bemerkung<\/strong><\/td>\n<\/tr>\n<tr>\n<td width=\"154\">1.Stunde<\/td>\n<td width=\"72\">7.50 Uhr<\/td>\n<td width=\"71\">8.35 Uhr<\/td>\n<td rowspan=\"2\" width=\"113\">Doppelstunde<\/td>\n<\/tr>\n<tr>\n<td width=\"154\">2. Stunde<\/td>\n<td width=\"72\">8.35 Uhr<\/td>\n<td width=\"71\">9.20 Uhr<\/td>\n<\/tr>\n<tr>\n<td style=\"background-color: #f0f0f0; width: 154px; text-align: left;\" width=\"154\">1. gro\u00dfe Pause<\/td>\n<td style=\"background-color: #f0f0f0; width: 154px; text-align: left;\" width=\"72\">9.20\u00a0 Uhr<\/td>\n<td style=\"background-color: #f0f0f0; width: 154px; text-align: left;\" width=\"71\">9.40 Uhr<\/td>\n<td style=\"background-color: #f0f0f0; width: 154px; text-align: left;\" width=\"113\"><\/td>\n<\/tr>\n<tr>\n<td width=\"154\">3. Stunde<\/td>\n<td width=\"72\">9.40 Uhr<\/td>\n<td width=\"71\">10.25 Uhr<\/td>\n<td width=\"113\"><\/td>\n<\/tr>\n<tr>\n<td width=\"154\">4 Stunde<\/td>\n<td width=\"72\">10.30 Uhr<\/td>\n<td width=\"71\">11.15 Uhr<\/td>\n<td width=\"113\"><\/td>\n<\/tr>\n<tr>\n<td style=\"background-color: #f0f0f0; width: 154px;\" width=\"154\">2. gro\u00dfe Pause<\/td>\n<td style=\"background-color: #f0f0f0; width: 154px;\" width=\"72\">11.15 Uhr<\/td>\n<td style=\"background-color: #f0f0f0; width: 154px;\" width=\"71\">11.30 Uhr<\/td>\n<td style=\"background-color: #f0f0f0; width: 154px;\" width=\"113\"><\/td>\n<\/tr>\n<tr>\n<td width=\"154\">5. Stunde<\/td>\n<td width=\"72\">11.30 Uhr<\/td>\n<td width=\"71\">12.15 Uhr<\/td>\n<td width=\"113\"><\/td>\n<\/tr>\n<tr>\n<td width=\"154\">6. Stunde<\/td>\n<td width=\"72\">12.20 Uhr<\/td>\n<td width=\"71\">13.05 Uhr<\/td>\n<td width=\"113\"><\/td>\n<\/tr>\n<tr>\n<td style=\"width: 154px; background-color: #dcdcdc;\" width=\"154\">Mittagspause<\/td>\n<td style=\"width: 154px; background-color: #dcdcdc;\" width=\"72\">13.05 Uhr<\/td>\n<td style=\"width: 154px; background-color: #dcdcdc;\" width=\"71\">14.00 Uhr<\/td>\n<td style=\"width: 154px; background-color: #dcdcdc;\" width=\"113\"><\/td>\n<\/tr>\n<tr>\n<td width=\"154\">8. Stunde<\/td>\n<td width=\"72\">14.00 Uhr<\/td>\n<td width=\"71\">14.45 Uhr<\/td>\n<td rowspan=\"2\" width=\"113\">Doppelstunde<\/td>\n<\/tr>\n<tr>\n<td width=\"154\">9. Stunde<\/td>\n<td width=\"72\">14.45 Uhr<\/td>\n<td width=\"71\">15.30 Uhr<\/td>\n<\/tr>\n<tr>\n<td width=\"154\">10. Stunde<\/td>\n<td width=\"72\">15.35 Uhr<\/td>\n<td width=\"71\">16.20 Uhr<\/td>\n<td rowspan=\"2\" width=\"113\">Doppelstunde<\/td>\n<\/tr>\n<tr>\n<td width=\"154\">11. Stunde<\/td>\n<td width=\"72\">16.20 Uhr<\/td>\n<td width=\"71\">17.05 Uhr<\/td>\n<\/tr>\n<\/tbody>\n<\/table>\n<p>Der Unterricht f\u00fcr Sch\u00fclerinnen und Sch\u00fcler der Sekundarstufe I (Klasse 5 bis 10) endet in der Regel nach der 6. Stunde oder nach der 9. Stunde.<br \/>\nAn Tagen mit Zeugnisausgaben endet der planm\u00e4\u00dfige Unterricht nach der 3. Stunde. Zu Beginn der 4. Stunde werden die Zeugnisse ausgegeben.<br \/>\nAm \u201eTag der offenen T\u00fcr\u201c\u00a0 (1. Samstag im Dezember) findet Unterricht f\u00fcr die Klassenstufen 5, 6 und EF nach Plan des darauf folgenden Montags statt.<\/p>\n<p style=\"text-align: right;\">Stand: 16.09.2025<\/p>\n","protected":false},"excerpt":{"rendered":"<p>Beginn Ende Bemerkung 1.Stunde 7.50 Uhr 8.35 Uhr Doppelstunde 2. Stunde 8.35 Uhr 9.20 Uhr 1. gro\u00dfe Pause 9.20\u00a0 Uhr 9.40 Uhr 3. Stunde 9.40 Uhr 10.25 Uhr 4 Stunde 10.30 Uhr 11.15 Uhr 2. gro\u00dfe Pause 11.15 Uhr 11.30 Uhr 5. Stunde 11.30 Uhr 12.15 Uhr 6. Stunde 12.20 Uhr 13.05 Uhr Mittagspause 13.05 [&hellip;]<\/p>\n","protected":false},"author":2,"featured_media":0,"parent":4252,"menu_order":79,"comment_status":"closed","ping_status":"closed","template":"","meta":{"_themeisle_gutenberg_block_has_review":false,"_mc_calendar":[],"footnotes":""},"class_list":["post-4840","page","type-page","status-publish","hentry"],"_links":{"self":[{"href":"https:\/\/goerdeler.lspb.de\/wordpress\/wp-json\/wp\/v2\/pages\/4840","targetHints":{"allow":["GET"]}}],"collection":[{"href":"https:\/\/goerdeler.lspb.de\/wordpress\/wp-json\/wp\/v2\/pages"}],"about":[{"href":"https:\/\/goerdeler.lspb.de\/wordpress\/wp-json\/wp\/v2\/types\/page"}],"author":[{"embeddable":true,"href":"https:\/\/goerdeler.lspb.de\/wordpress\/wp-json\/wp\/v2\/users\/2"}],"replies":[{"embeddable":true,"href":"https:\/\/goerdeler.lspb.de\/wordpress\/wp-json\/wp\/v2\/comments?post=4840"}],"version-history":[{"count":7,"href":"https:\/\/goerdeler.lspb.de\/wordpress\/wp-json\/wp\/v2\/pages\/4840\/revisions"}],"predecessor-version":[{"id":18144,"href":"https:\/\/goerdeler.lspb.de\/wordpress\/wp-json\/wp\/v2\/pages\/4840\/revisions\/18144"}],"up":[{"embeddable":true,"href":"https:\/\/goerdeler.lspb.de\/wordpress\/wp-json\/wp\/v2\/pages\/4252"}],"wp:attachment":[{"href":"https:\/\/goerdeler.lspb.de\/wordpress\/wp-json\/wp\/v2\/media?parent=4840"}],"curies":[{"name":"wp","href":"https:\/\/api.w.org\/{rel}","templated":true}]}}