{"id":5323,"date":"2016-02-18T09:50:00","date_gmt":"2016-02-18T08:50:00","guid":{"rendered":"http:\/\/goerdeler.lspb.de\/wordpress\/?page_id=5323"},"modified":"2024-09-07T18:44:26","modified_gmt":"2024-09-07T16:44:26","slug":"mint-arbeitsgemeinschaften","status":"publish","type":"page","link":"https:\/\/goerdeler.lspb.de\/wordpress\/unsere-schule\/mint\/mint-arbeitsgemeinschaften\/","title":{"rendered":"MINT-Arbeitsgemeinschaften"},"content":{"rendered":"\n<h2 class=\"wp-block-heading\">AG \u201eJugend forscht\u201c und \u201eSch\u00fcler experimentieren\u201c<\/h2>\n\n\n<div class=\"wp-block-image\">\n<figure class=\"alignright\"><a href=\"http:\/\/goerdeler.lspb.de\/wordpress\/wp-content\/uploads\/jugend-forscht-logo-text.jpg\" rel=\"attachment wp-att-5534\"><img loading=\"lazy\" decoding=\"async\" width=\"300\" height=\"73\" src=\"http:\/\/goerdeler.lspb.de\/wordpress\/wp-content\/uploads\/jugend-forscht-logo-text-300x73.jpg\" alt=\"jugend-forscht-logo-text\" class=\"wp-image-5534\" srcset=\"https:\/\/goerdeler.lspb.de\/wordpress\/wp-content\/uploads\/jugend-forscht-logo-text-300x73.jpg 300w, https:\/\/goerdeler.lspb.de\/wordpress\/wp-content\/uploads\/jugend-forscht-logo-text-768x187.jpg 768w, https:\/\/goerdeler.lspb.de\/wordpress\/wp-content\/uploads\/jugend-forscht-logo-text.jpg 800w\" sizes=\"auto, (max-width: 300px) 100vw, 300px\" \/><\/a><\/figure>\n<\/div>\n\n\n<p>Hier suchen sich interessierte Sch\u00fcler eine eigene Fragestellung f\u00fcr ihr pers\u00f6nliches Forschungsprojekt. Unter der Leitung von Herrn Dr. Michel bekommen sie die Gelegenheit, ihre Frage in Form von Projektarbeiten zu untersuchen, eine Antwort zu finden und ihr Projekt im Regionalwettbewerb vorzustellen. Das macht nicht nur viel Spa\u00df, sondern f\u00f6rdert auch Methodenkompetenz und macht die Sch\u00fclerinnen und Sch\u00fcler mit dem Handwerkszeug des wissenschaftlichen Arbeitens vertraut.<\/p>\n\n\n\n<p>Sch\u00fcler bis 14 Jahren nehmen am Regionalwettbewerb \u201eSch\u00fcler experimentieren\u201c teil, Sch\u00fcler bis 21 bei \u201eJugend forscht\u201c.<\/p>\n\n\n\n<p><\/p>\n","protected":false},"excerpt":{"rendered":"<p>AG \u201eJugend forscht\u201c und \u201eSch\u00fcler experimentieren\u201c Hier suchen sich interessierte Sch\u00fcler eine eigene Fragestellung f\u00fcr ihr pers\u00f6nliches Forschungsprojekt. Unter der Leitung von Herrn Dr. Michel bekommen sie die Gelegenheit, ihre Frage in Form von Projektarbeiten zu untersuchen, eine Antwort zu finden und ihr Projekt im Regionalwettbewerb vorzustellen. Das macht nicht nur viel Spa\u00df, sondern f\u00f6rdert [&hellip;]<\/p>\n","protected":false},"author":2,"featured_media":0,"parent":4027,"menu_order":66,"comment_status":"closed","ping_status":"closed","template":"","meta":{"_themeisle_gutenberg_block_has_review":false,"_mc_calendar":[],"footnotes":""},"class_list":["post-5323","page","type-page","status-publish","hentry"],"_links":{"self":[{"href":"https:\/\/goerdeler.lspb.de\/wordpress\/wp-json\/wp\/v2\/pages\/5323","targetHints":{"allow":["GET"]}}],"collection":[{"href":"https:\/\/goerdeler.lspb.de\/wordpress\/wp-json\/wp\/v2\/pages"}],"about":[{"href":"https:\/\/goerdeler.lspb.de\/wordpress\/wp-json\/wp\/v2\/types\/page"}],"author":[{"embeddable":true,"href":"https:\/\/goerdeler.lspb.de\/wordpress\/wp-json\/wp\/v2\/users\/2"}],"replies":[{"embeddable":true,"href":"https:\/\/goerdeler.lspb.de\/wordpress\/wp-json\/wp\/v2\/comments?post=5323"}],"version-history":[{"count":15,"href":"https:\/\/goerdeler.lspb.de\/wordpress\/wp-json\/wp\/v2\/pages\/5323\/revisions"}],"predecessor-version":[{"id":16246,"href":"https:\/\/goerdeler.lspb.de\/wordpress\/wp-json\/wp\/v2\/pages\/5323\/revisions\/16246"}],"up":[{"embeddable":true,"href":"https:\/\/goerdeler.lspb.de\/wordpress\/wp-json\/wp\/v2\/pages\/4027"}],"wp:attachment":[{"href":"https:\/\/goerdeler.lspb.de\/wordpress\/wp-json\/wp\/v2\/media?parent=5323"}],"curies":[{"name":"wp","href":"https:\/\/api.w.org\/{rel}","templated":true}]}}