{"id":5325,"date":"2016-02-18T09:51:03","date_gmt":"2016-02-18T08:51:03","guid":{"rendered":"http:\/\/goerdeler.lspb.de\/wordpress\/?page_id=5325"},"modified":"2016-02-29T14:11:49","modified_gmt":"2016-02-29T13:11:49","slug":"mint-berufsorientierung","status":"publish","type":"page","link":"https:\/\/goerdeler.lspb.de\/wordpress\/unsere-schule\/mint\/mint-berufsorientierung\/","title":{"rendered":"MINT-Berufsorientierung"},"content":{"rendered":"<p style=\"text-align: left;\">In den neunten Klassen findet am Goerdeler-Gymnasium der Berufserkundungstag statt. Dabei besucht regelm\u00e4\u00dfig eine gro\u00dfe A<a href=\"http:\/\/goerdeler.lspb.de\/wordpress\/wp-content\/uploads\/GG-Bilab.jpg\" rel=\"attachment wp-att-5539\"><img loading=\"lazy\" decoding=\"async\" class=\"wp-image-5539 alignright\" src=\"http:\/\/goerdeler.lspb.de\/wordpress\/wp-content\/uploads\/GG-Bilab-1024x765.jpg\" alt=\"GG-Bilab\" width=\"318\" height=\"238\" srcset=\"https:\/\/goerdeler.lspb.de\/wordpress\/wp-content\/uploads\/GG-Bilab-1024x765.jpg 1024w, https:\/\/goerdeler.lspb.de\/wordpress\/wp-content\/uploads\/GG-Bilab-300x224.jpg 300w, https:\/\/goerdeler.lspb.de\/wordpress\/wp-content\/uploads\/GG-Bilab-768x574.jpg 768w, https:\/\/goerdeler.lspb.de\/wordpress\/wp-content\/uploads\/GG-Bilab-585x440.jpg 585w, https:\/\/goerdeler.lspb.de\/wordpress\/wp-content\/uploads\/GG-Bilab-230x172.jpg 230w\" sizes=\"auto, (max-width: 318px) 100vw, 318px\" \/><\/a>nzahl von Sch\u00fclerinnen und Sch\u00fclern Paderborner Unternehmen die z.B.\u00a0in den Bereichen Informationstechnologie, Maschinenbau oder Automobiltechnik t\u00e4tig sind, wie wie Fujitsu, dSpace, Benteler, u.a.<\/p>\n<p>Anhand praktischer Beispiele bekommen die Sch\u00fclerinnen und Sch\u00fcler hier einen \u00dcberblick \u00fcber verschiedene T\u00e4tigkeitsfelder der Unternehmen und lernen den Berufsalltag von diversen MINT-Berufen kennen.<\/p>\n<h2 align=\"justify\"><\/h2>\n<h2 align=\"justify\"><\/h2>\n<h2 align=\"justify\">MINT-M\u00e4dchen-F\u00f6rderung<\/h2>\n<p align=\"justify\">Der \u201eGirls-Day\u201c ist ein wichtiger Baustein der MINT-F\u00f6rderung mit Hinblick auf die zuk\u00fcnftige Berufswahl der Sch\u00fcler. Am allj\u00e4hrlich stattfindenden \u201eGirls-Day\u201c nehmen 90% aller Sch\u00fclerinnen ab der 7. Klasse teil, um bei M\u00e4dchen das Interesse f\u00fcr naturwissenschaftlich-technische Berufe zu wecken bzw. zu erhalten.<\/p>\n<p align=\"justify\">Um Sch\u00fclerinnen zu zeigen, wie spannend und gesellschaftlich relevant Mathematik, Informatik, Naturwissenschaften und Technik sind, bietet das Goerdeler-Gymnasium im Rahmen der Berufsorientierung und der MINT-M\u00e4dchen-F\u00f6rderung ab dem Schuljahr 2015\/2016 mit Unterst\u00fctzung des ZdI (Zentrum f\u00fcr Innovation) einen Robotik-Kurs an, der ausschlie\u00dflich f\u00fcr M\u00e4dchen (ab der Jahrgangsstufe 8) ge\u00f6ffnet ist.<\/p>\n<p align=\"justify\">Das Interesse am Erforschen ist im Kindergarten bei M\u00e4dchen und Jungen noch gleich gro\u00df. Erst mit der Pubert\u00e4t verlieren viele M\u00e4dchen die Lust an der Technik, sie entwickeln gr\u00f6\u00dfere Selbstzweifel als die Jungen. Es muss Menschen geben, die dann das Feuer am Brennen halten. Die MINT-Lehrerinnen und -Lehrer sind f\u00fcr unsere Sch\u00fcler und insbesondere auch f\u00fcr unsere Sch\u00fclerinnen diese Menschen.<\/p>\n","protected":false},"excerpt":{"rendered":"<p>In den neunten Klassen findet am Goerdeler-Gymnasium der Berufserkundungstag statt. Dabei besucht regelm\u00e4\u00dfig eine gro\u00dfe Anzahl von Sch\u00fclerinnen und Sch\u00fclern Paderborner Unternehmen die z.B.\u00a0in den Bereichen Informationstechnologie, Maschinenbau oder Automobiltechnik t\u00e4tig sind, wie wie Fujitsu, dSpace, Benteler, u.a. Anhand praktischer Beispiele bekommen die Sch\u00fclerinnen und Sch\u00fcler hier einen \u00dcberblick \u00fcber verschiedene T\u00e4tigkeitsfelder der Unternehmen und [&hellip;]<\/p>\n","protected":false},"author":2,"featured_media":0,"parent":4027,"menu_order":77,"comment_status":"closed","ping_status":"closed","template":"","meta":{"_themeisle_gutenberg_block_has_review":false,"_mc_calendar":[],"footnotes":""},"class_list":["post-5325","page","type-page","status-publish","hentry"],"_links":{"self":[{"href":"https:\/\/goerdeler.lspb.de\/wordpress\/wp-json\/wp\/v2\/pages\/5325","targetHints":{"allow":["GET"]}}],"collection":[{"href":"https:\/\/goerdeler.lspb.de\/wordpress\/wp-json\/wp\/v2\/pages"}],"about":[{"href":"https:\/\/goerdeler.lspb.de\/wordpress\/wp-json\/wp\/v2\/types\/page"}],"author":[{"embeddable":true,"href":"https:\/\/goerdeler.lspb.de\/wordpress\/wp-json\/wp\/v2\/users\/2"}],"replies":[{"embeddable":true,"href":"https:\/\/goerdeler.lspb.de\/wordpress\/wp-json\/wp\/v2\/comments?post=5325"}],"version-history":[{"count":5,"href":"https:\/\/goerdeler.lspb.de\/wordpress\/wp-json\/wp\/v2\/pages\/5325\/revisions"}],"predecessor-version":[{"id":5543,"href":"https:\/\/goerdeler.lspb.de\/wordpress\/wp-json\/wp\/v2\/pages\/5325\/revisions\/5543"}],"up":[{"embeddable":true,"href":"https:\/\/goerdeler.lspb.de\/wordpress\/wp-json\/wp\/v2\/pages\/4027"}],"wp:attachment":[{"href":"https:\/\/goerdeler.lspb.de\/wordpress\/wp-json\/wp\/v2\/media?parent=5325"}],"curies":[{"name":"wp","href":"https:\/\/api.w.org\/{rel}","templated":true}]}}