{"id":5441,"date":"2016-02-25T10:53:40","date_gmt":"2016-02-25T09:53:40","guid":{"rendered":"http:\/\/goerdeler.lspb.de\/wordpress\/?page_id=5441"},"modified":"2026-01-21T15:13:18","modified_gmt":"2026-01-21T14:13:18","slug":"mittagessen","status":"publish","type":"page","link":"https:\/\/goerdeler.lspb.de\/wordpress\/service\/mittagessen\/","title":{"rendered":"Mittagessen"},"content":{"rendered":"\n<h2 class=\"wp-block-heading\"><strong>Mittagessen in der Mensa des Goerdeler-Gymnasiums<\/strong><\/h2>\n\n\n\n<h3 class=\"wp-block-heading\">Nachmittagsunterricht<\/h3>\n\n\n\n<p>Am Goerdeler-Gymnasium gibt es bis einschlie\u00dflich zur 7. Klasse keinen Nachmittagsunterricht. Der Unterricht endet also t\u00e4glich mit dem Ende der 6. Stunde um 13.05 Uhr \u2013 es sei denn, ein Kind nimmt freiwillig an einem F\u00f6rderkurs oder an einer Arbeitsgemeinschaft teil. <br><b>Unabh\u00e4ngig davon k\u00f6nnen alle Sch\u00fclerinnen und Sch\u00fcler die Mittagsverpflegung und die Betreuungsangebote in Anspruch nehmen.<\/b><\/p>\n\n\n\n<p>Ab der 8. Klasse kommt es im Anschluss an die Mittagspause (13.05 \u2013 14 Uhr) zu Nachmittagsunterricht (14 \u2013 15.30 Uhr) an mindestens einem Tag pro Woche, in der Oberstufe \u00fcblicherweise an mehreren Tagen pro Woche.<\/p>\n\n\n\n<p>Sch\u00fclerinnen und Sch\u00fcler der Klassen 5 bis 10 d\u00fcrfen laut Schulgesetz w\u00e4hrend der allgemeinen Unterrichtszeit das Schulgel\u00e4nde nicht verlassen. Den Sch\u00fclern der Klassen 8 bis 10 kann das Verlassen des Schulgel\u00e4ndes in der Mittagspause in Ausnahmef\u00e4llen auf schriftlichen Antrag der Eltern hin erlaubt werden.<\/p>\n\n\n\n<h3 class=\"wp-block-heading\">Cafeteria<\/h3>\n\n\n\n<p><\/p>\n\n\n\n<p>In der <b>Cafeteria<\/b> der Schule k\u00f6nnen sich die Sch\u00fclerinnen und Sch\u00fcler in den Pausen am Vormittag oder in der Mittagspause einen kleinen Snack kaufen. Das vielf\u00e4ltige Angebot bietet unter anderem belegte Br\u00f6tchen, verschiedenartiges s\u00fc\u00dfes und salziges Geb\u00e4ck sowie unterschiedliche Getr\u00e4nke.<\/p>\n\n\n\n<h3 class=\"wp-block-heading\">Mittagessen in der Mensa<\/h3>\n\n\n\n<p>In der schuleigenen Mensa k\u00f6nnen die Sch\u00fcler*innen in der Mittagspause zwischen 13:05 Uhr und 14:00 Uhr eine warme Mahlzeit zu sich nehmen. Dazu ben\u00f6tigen Sie einen Mensachip, den sie bei der Stadt Paderborn <a href=\"https:\/\/www.paderborn.de\/bildung-universitaet\/schulen\/schulverpflegung-weiterfuehrende-schulen.php\"><span style=\"color: windowtext; text-decoration: none; text-underline: none;\">online<\/span><\/a> bestellen k\u00f6nnen.<\/p>\n\n\n\n<p>Hier finden Sie die M\u00f6glichkeit zur<a href=\"https:\/\/mein-digiport.de\/suche\/-\/vr-bis-detail\/dienstleistung\/21389\/show\"> <strong>Anmeldung f\u00fcr das Mittagessen (Mensachip)<\/strong><\/a><\/p>\n\n\n\n<p><a href=\"https:\/\/goerdeler.lspb.de\/wordpress\/wp-content\/uploads\/Flyer-Warmverpflegung-Stand-Jan.-2026.pdf\"><strong>Informationen \u00fcber das Essensangebot und die Preise<\/strong> <\/a><\/p>\n\n\n\n<figure class=\"wp-block-image size-full\"><a href=\"https:\/\/goerdeler.lspb.de\/wordpress\/wp-content\/uploads\/GG-Mensa1.jpg\"><img loading=\"lazy\" decoding=\"async\" width=\"760\" height=\"271\" src=\"https:\/\/goerdeler.lspb.de\/wordpress\/wp-content\/uploads\/GG-Mensa1.jpg\" alt=\"\" class=\"wp-image-4854\" srcset=\"https:\/\/goerdeler.lspb.de\/wordpress\/wp-content\/uploads\/GG-Mensa1.jpg 760w, https:\/\/goerdeler.lspb.de\/wordpress\/wp-content\/uploads\/GG-Mensa1-300x107.jpg 300w, https:\/\/goerdeler.lspb.de\/wordpress\/wp-content\/uploads\/GG-Mensa1-500x178.jpg 500w\" sizes=\"auto, (max-width: 760px) 100vw, 760px\" \/><\/a><\/figure>\n\n\n\n<p><br>F\u00fcr die weiterf\u00fchrenden Schulen ist die <a href=\"https:\/\/www.esslust.de\/\">Firma Esslust<\/a> mit der Lieferung des Essens und die Firma AllerHandArbeit mit der Ausgabe des Essens beauftragt. Die Sch\u00fclerinnen und Sch\u00fcler haben stets die Wahl zwischen einem fleischhaltigen und einem vegetarischen Gericht, einem kleinen oder gro\u00dfen Salatteller oder einem t\u00e4glich wechselnden Wrap.<\/p>\n\n\n\n<p><a href=\"https:\/\/www.esslust.de\/service\/schulen\/menueplaene\/\">Men\u00fcpl\u00e4ne<\/a>&nbsp; und Informationen zu den Inhaltsstoffen sind auf der Homepage der Firma Esslust in der Regel mindestens eine Woche im Voraus einsehbar. Alle Sch\u00fcler*innen haben bis <strong>15.00 Uhr des Vortags<\/strong> die Gelegenheit, von zu Hause per Internet oder am Terminal in der Schule (Cafeteria) die Bestellung vorzunehmen oder gegebenenfalls zu stornieren. F\u00fcr die Essensausgabe in der Mensa muss der Mensachip vorgelegt werden.<\/p>\n\n\n\n<div class=\"wp-block-columns is-layout-flex wp-container-core-columns-is-layout-9d6595d7 wp-block-columns-is-layout-flex\">\n<div class=\"wp-block-column is-layout-flow wp-block-column-is-layout-flow\"><\/div>\n\n\n\n<div class=\"wp-block-column is-layout-flow wp-block-column-is-layout-flow\"><\/div>\n<\/div>\n\n\n\n<div class=\"wp-block-columns is-layout-flex wp-container-core-columns-is-layout-9d6595d7 wp-block-columns-is-layout-flex\">\n<div class=\"wp-block-column is-layout-flow wp-block-column-is-layout-flow\"><\/div>\n\n\n\n<div class=\"wp-block-column is-layout-flow wp-block-column-is-layout-flow\"><\/div>\n<\/div>\n\n\n\n<div class=\"wp-block-columns is-layout-flex wp-container-core-columns-is-layout-9d6595d7 wp-block-columns-is-layout-flex\">\n<div class=\"wp-block-column is-layout-flow wp-block-column-is-layout-flow\" style=\"flex-basis:100%\">\n<div class=\"wp-block-columns is-layout-flex wp-container-core-columns-is-layout-9d6595d7 wp-block-columns-is-layout-flex\">\n<div class=\"wp-block-column is-layout-flow wp-block-column-is-layout-flow\" style=\"flex-basis:100%\"><\/div>\n<\/div>\n<\/div>\n<\/div>\n","protected":false},"excerpt":{"rendered":"<p>Mittagessen in der Mensa des Goerdeler-Gymnasiums Nachmittagsunterricht Am Goerdeler-Gymnasium gibt es bis einschlie\u00dflich zur 7. Klasse keinen Nachmittagsunterricht. Der Unterricht endet also t\u00e4glich mit dem Ende der 6. Stunde um 13.05 Uhr \u2013 es sei denn, ein Kind nimmt freiwillig an einem F\u00f6rderkurs oder an einer Arbeitsgemeinschaft teil. Unabh\u00e4ngig davon k\u00f6nnen alle Sch\u00fclerinnen und Sch\u00fcler [&hellip;]<\/p>\n","protected":false},"author":2,"featured_media":0,"parent":4870,"menu_order":42,"comment_status":"closed","ping_status":"closed","template":"","meta":{"_themeisle_gutenberg_block_has_review":false,"_mc_calendar":[],"footnotes":""},"class_list":["post-5441","page","type-page","status-publish","hentry"],"_links":{"self":[{"href":"https:\/\/goerdeler.lspb.de\/wordpress\/wp-json\/wp\/v2\/pages\/5441","targetHints":{"allow":["GET"]}}],"collection":[{"href":"https:\/\/goerdeler.lspb.de\/wordpress\/wp-json\/wp\/v2\/pages"}],"about":[{"href":"https:\/\/goerdeler.lspb.de\/wordpress\/wp-json\/wp\/v2\/types\/page"}],"author":[{"embeddable":true,"href":"https:\/\/goerdeler.lspb.de\/wordpress\/wp-json\/wp\/v2\/users\/2"}],"replies":[{"embeddable":true,"href":"https:\/\/goerdeler.lspb.de\/wordpress\/wp-json\/wp\/v2\/comments?post=5441"}],"version-history":[{"count":21,"href":"https:\/\/goerdeler.lspb.de\/wordpress\/wp-json\/wp\/v2\/pages\/5441\/revisions"}],"predecessor-version":[{"id":19040,"href":"https:\/\/goerdeler.lspb.de\/wordpress\/wp-json\/wp\/v2\/pages\/5441\/revisions\/19040"}],"up":[{"embeddable":true,"href":"https:\/\/goerdeler.lspb.de\/wordpress\/wp-json\/wp\/v2\/pages\/4870"}],"wp:attachment":[{"href":"https:\/\/goerdeler.lspb.de\/wordpress\/wp-json\/wp\/v2\/media?parent=5441"}],"curies":[{"name":"wp","href":"https:\/\/api.w.org\/{rel}","templated":true}]}}