{"id":5453,"date":"2016-02-25T11:00:01","date_gmt":"2016-02-25T10:00:01","guid":{"rendered":"http:\/\/goerdeler.lspb.de\/wordpress\/?page_id=5453"},"modified":"2025-10-01T18:54:02","modified_gmt":"2025-10-01T16:54:02","slug":"jugend-debattiert","status":"publish","type":"page","link":"https:\/\/goerdeler.lspb.de\/wordpress\/profil\/wettbewerbe\/jugend-debattiert\/","title":{"rendered":"Jugend debattiert"},"content":{"rendered":"<p><strong>Jugend debattiert \u2013<\/strong><\/p>\n<p><strong>genau zuh\u00f6ren, aufeinander eingehen, gut abw\u00e4gen, konstruktiv diskutieren<\/strong><\/p>\n<p>\u201eJugend debattiert\u201c ist ein bundesweit ausgerichteter Sch\u00fclerwettbewerb, der von der Gemeinn\u00fctzigen Hertie-Stiftung, der Robert Bosch Stiftung, der Stiftung Mercator und der Heinz Nixdorf Stiftung auf Initiative und unter der Schirmherrschaft des Bundespr\u00e4sidenten ausgerichtet wird. Mit einem Etat von rund 15 Millionen Euro ist \u201eJugend debattiert\u201c das gr\u00f6\u00dfte privat-\u00f6ffentlich finanzierte Projekt zur sprachlichen und politischen Bildung in Deutschland.<br \/>\nTeilnehmen k\u00f6nnen Sch\u00fclerinnen und Sch\u00fcler der Seku<a href=\"http:\/\/goerdeler.lspb.de\/wordpress\/wp-content\/uploads\/JugendDebattiert_Logo.jpg\" rel=\"attachment wp-att-4418\"><img loading=\"lazy\" decoding=\"async\" class=\"wp-image-4418 alignleft\" src=\"http:\/\/goerdeler.lspb.de\/wordpress\/wp-content\/uploads\/JugendDebattiert_Logo.jpg\" alt=\"JD_Patch_CMYK\" width=\"218\" height=\"208\" srcset=\"https:\/\/goerdeler.lspb.de\/wordpress\/wp-content\/uploads\/JugendDebattiert_Logo.jpg 500w, https:\/\/goerdeler.lspb.de\/wordpress\/wp-content\/uploads\/JugendDebattiert_Logo-300x285.jpg 300w\" sizes=\"auto, (max-width: 218px) 100vw, 218px\" \/><\/a>ndarstufe I (9.-10. KLasse) und der Sekundarstufe II (Jgst. EF-Q2) an Schulen, die einem \u201eJugend debattiert\u201c-Regionalverbund angeh\u00f6ren.<\/p>\n<p>Das Goerdeler-Gymnasium ist bereits seit dem bundesweiten Start des Wettbewerbs im Jahr 2002 dabei. Seither konnten sich Sch\u00fclerinnen und Sch\u00fcler des Goerdelers immer wieder erfolgreich auf den vorderen R\u00e4ngen platzieren und bis hin zum Bundeswettbewerb qualifizieren.<\/p>\n<p>Seit dem Schuljahr 2024\/25 wird das Debattieren nach klaren Regeln und mit einem festen Debattenformat im Unterricht der Klasse 10 im Fach Politik\/ Sozialwissenschaften einge\u00fcbt. Die Jugendlichen erweitern hier ihre Sachkenntnis und Gespr\u00e4chsf\u00e4higkeit, ihr Ausdrucksverm\u00f6gen und ihre \u00dcberzeugungskraft. Jugend debattiert zielt damit darauf ab, durch Reflexion, Empathie und Perspektivwechsel den Einzelnen und die Gemeinschaft zu st\u00e4rken und den demokratischen Zusammenhalt zu f\u00f6rdern.<\/p>\n<p>Weitere Informationen unter: <a href=\"https:\/\/www.jugend-debattiert.de\/\" target=\"_self\">http:\/\/www.jugend-debattiert.de\/<\/a><\/p>\n<p><img loading=\"lazy\" decoding=\"async\" class=\"alignleft wp-image-7782\" src=\"http:\/\/goerdeler.lspb.de\/wordpress\/wp-content\/uploads\/2018_02_02_Jugenddebattiert_Schulentscheid-150x150.jpg\" alt=\"\" width=\"151\" height=\"113\" srcset=\"https:\/\/goerdeler.lspb.de\/wordpress\/wp-content\/uploads\/2018_02_02_Jugenddebattiert_Schulentscheid-300x225.jpg 300w, https:\/\/goerdeler.lspb.de\/wordpress\/wp-content\/uploads\/2018_02_02_Jugenddebattiert_Schulentscheid-768x576.jpg 768w, https:\/\/goerdeler.lspb.de\/wordpress\/wp-content\/uploads\/2018_02_02_Jugenddebattiert_Schulentscheid-585x440.jpg 585w, https:\/\/goerdeler.lspb.de\/wordpress\/wp-content\/uploads\/2018_02_02_Jugenddebattiert_Schulentscheid-230x172.jpg 230w, https:\/\/goerdeler.lspb.de\/wordpress\/wp-content\/uploads\/2018_02_02_Jugenddebattiert_Schulentscheid.jpg 900w\" sizes=\"auto, (max-width: 151px) 100vw, 151px\" \/><\/p>\n<p><a href=\"http:\/\/goerdeler.lspb.de\/wordpress\/jugend-debattiert-schulentscheid-2018\/\">Jugend debattiert-Schulentscheid 2018<\/a><\/p>\n<p><img loading=\"lazy\" decoding=\"async\" class=\"alignleft wp-image-7082\" src=\"http:\/\/goerdeler.lspb.de\/wordpress\/wp-content\/uploads\/2017-03-24LandesfinaleJugenddebattiert-300x225.jpeg\" alt=\"\" width=\"151\" height=\"113\" srcset=\"https:\/\/goerdeler.lspb.de\/wordpress\/wp-content\/uploads\/2017-03-24LandesfinaleJugenddebattiert-300x225.jpeg 300w, https:\/\/goerdeler.lspb.de\/wordpress\/wp-content\/uploads\/2017-03-24LandesfinaleJugenddebattiert-768x576.jpeg 768w, https:\/\/goerdeler.lspb.de\/wordpress\/wp-content\/uploads\/2017-03-24LandesfinaleJugenddebattiert-585x440.jpeg 585w, https:\/\/goerdeler.lspb.de\/wordpress\/wp-content\/uploads\/2017-03-24LandesfinaleJugenddebattiert-230x172.jpeg 230w, https:\/\/goerdeler.lspb.de\/wordpress\/wp-content\/uploads\/2017-03-24LandesfinaleJugenddebattiert.jpeg 900w\" sizes=\"auto, (max-width: 151px) 100vw, 151px\" \/><\/p>\n<p><a href=\"http:\/\/goerdeler.lspb.de\/wordpress\/weil-debatten-lohnen-charlotte-harbarth-bei-der-landesqualifikation-von-jugend-debattiert\/\">\u201eWeil Debatten lohnen\u2026\u201c \u2013 Charlotte Harbarth bei der Landesqualifikation von Jugend debattiert<\/a><\/p>\n<p><img loading=\"lazy\" decoding=\"async\" class=\"alignleft wp-image-6968\" src=\"http:\/\/goerdeler.lspb.de\/wordpress\/wp-content\/uploads\/2017-03-08JD_CharlotteHarbarth-300x225.jpg\" alt=\"\" width=\"151\" height=\"113\" srcset=\"https:\/\/goerdeler.lspb.de\/wordpress\/wp-content\/uploads\/2017-03-08JD_CharlotteHarbarth-300x225.jpg 300w, https:\/\/goerdeler.lspb.de\/wordpress\/wp-content\/uploads\/2017-03-08JD_CharlotteHarbarth-768x576.jpg 768w, https:\/\/goerdeler.lspb.de\/wordpress\/wp-content\/uploads\/2017-03-08JD_CharlotteHarbarth-585x440.jpg 585w, https:\/\/goerdeler.lspb.de\/wordpress\/wp-content\/uploads\/2017-03-08JD_CharlotteHarbarth-230x172.jpg 230w, https:\/\/goerdeler.lspb.de\/wordpress\/wp-content\/uploads\/2017-03-08JD_CharlotteHarbarth.jpg 900w\" sizes=\"auto, (max-width: 151px) 100vw, 151px\" \/><\/p>\n<p><a href=\"http:\/\/goerdeler.lspb.de\/wordpress\/erfolg-beim-jugend-debattiert-owl-finale-2017\/\">Erfolg beim \u201eJugend debattiert\u201c OWL-Finale 2017<\/a><\/p>\n<p><img loading=\"lazy\" decoding=\"async\" class=\"alignleft wp-image-6876\" src=\"http:\/\/goerdeler.lspb.de\/wordpress\/wp-content\/uploads\/2017-02-03Jugenddebattiert_Urkunden-300x200.jpg\" alt=\"\" width=\"152\" height=\"101\" srcset=\"https:\/\/goerdeler.lspb.de\/wordpress\/wp-content\/uploads\/2017-02-03Jugenddebattiert_Urkunden-300x200.jpg 300w, https:\/\/goerdeler.lspb.de\/wordpress\/wp-content\/uploads\/2017-02-03Jugenddebattiert_Urkunden-768x512.jpg 768w, https:\/\/goerdeler.lspb.de\/wordpress\/wp-content\/uploads\/2017-02-03Jugenddebattiert_Urkunden.jpg 900w\" sizes=\"auto, (max-width: 152px) 100vw, 152px\" \/><\/p>\n<p><a href=\"http:\/\/goerdeler.lspb.de\/wordpress\/jugend-debattiert-schulwettbewerb-2017\/\">Jugend debattiert-Schulwettbewerb 2017<\/a><\/p>\n<p><a href=\"http:\/\/goerdeler.lspb.de\/wordpress\/owl-finale-jugend-debattiert-2016\/\"><img loading=\"lazy\" decoding=\"async\" class=\"alignleft wp-image-5871\" src=\"http:\/\/goerdeler.lspb.de\/wordpress\/wp-content\/uploads\/2016-02-21Jugenddebattiert2016-1-e1458207447762.jpg\" width=\"151\" height=\"113\" \/><\/a><\/p>\n<p><a href=\"http:\/\/goerdeler.lspb.de\/wordpress\/owl-finale-jugend-debattiert-2016\/\">OWL-Finale &#8222;Jugend debattiert 2016&#8220;<\/a><\/p>\n<p><img loading=\"lazy\" decoding=\"async\" class=\"alignleft wp-image-6848\" src=\"http:\/\/goerdeler.lspb.de\/wordpress\/wp-content\/uploads\/2015-02-18jd_harbarth-300x164.jpg\" alt=\"2015-02-18jd_harbarth\" width=\"150\" height=\"82\" srcset=\"https:\/\/goerdeler.lspb.de\/wordpress\/wp-content\/uploads\/2015-02-18jd_harbarth-300x164.jpg 300w, https:\/\/goerdeler.lspb.de\/wordpress\/wp-content\/uploads\/2015-02-18jd_harbarth-768x420.jpg 768w, https:\/\/goerdeler.lspb.de\/wordpress\/wp-content\/uploads\/2015-02-18jd_harbarth.jpg 1024w\" sizes=\"auto, (max-width: 150px) 100vw, 150px\" \/><\/p>\n<p><a href=\"http:\/\/goerdeler.lspb.de\/cms_alt\/index.php?option=com_content&amp;task=view&amp;id=578&amp;Itemid=64\">Erfolg bei \u201eJugend debattiert\u201c 2015<\/a><\/p>\n<p><img loading=\"lazy\" decoding=\"async\" class=\"alignleft wp-image-6854 size-thumbnail\" src=\"http:\/\/goerdeler.lspb.de\/wordpress\/wp-content\/uploads\/2014-02-28Jugenddebattiert_Gruppe-150x150.jpg\" alt=\"2014-02-28jugenddebattiert_gruppe\" width=\"150\" height=\"150\" \/><\/p>\n<p><a href=\"http:\/\/goerdeler.lspb.de\/cms_alt\/index.php?option=com_content&amp;task=view&amp;id=475&amp;Itemid=47\">\u00dcberzeugend debattiert 2014<\/a><\/p>\n","protected":false},"excerpt":{"rendered":"<p>Jugend debattiert \u2013 genau zuh\u00f6ren, aufeinander eingehen, gut abw\u00e4gen, konstruktiv diskutieren \u201eJugend debattiert\u201c ist ein bundesweit ausgerichteter Sch\u00fclerwettbewerb, der von der Gemeinn\u00fctzigen Hertie-Stiftung, der Robert Bosch Stiftung, der Stiftung Mercator und der Heinz Nixdorf Stiftung auf Initiative und unter der Schirmherrschaft des Bundespr\u00e4sidenten ausgerichtet wird. Mit einem Etat von rund 15 Millionen Euro ist \u201eJugend [&hellip;]<\/p>\n","protected":false},"author":2,"featured_media":0,"parent":3419,"menu_order":34,"comment_status":"closed","ping_status":"closed","template":"","meta":{"_themeisle_gutenberg_block_has_review":false,"_mc_calendar":[],"footnotes":""},"class_list":["post-5453","page","type-page","status-publish","hentry"],"_links":{"self":[{"href":"https:\/\/goerdeler.lspb.de\/wordpress\/wp-json\/wp\/v2\/pages\/5453","targetHints":{"allow":["GET"]}}],"collection":[{"href":"https:\/\/goerdeler.lspb.de\/wordpress\/wp-json\/wp\/v2\/pages"}],"about":[{"href":"https:\/\/goerdeler.lspb.de\/wordpress\/wp-json\/wp\/v2\/types\/page"}],"author":[{"embeddable":true,"href":"https:\/\/goerdeler.lspb.de\/wordpress\/wp-json\/wp\/v2\/users\/2"}],"replies":[{"embeddable":true,"href":"https:\/\/goerdeler.lspb.de\/wordpress\/wp-json\/wp\/v2\/comments?post=5453"}],"version-history":[{"count":20,"href":"https:\/\/goerdeler.lspb.de\/wordpress\/wp-json\/wp\/v2\/pages\/5453\/revisions"}],"predecessor-version":[{"id":18333,"href":"https:\/\/goerdeler.lspb.de\/wordpress\/wp-json\/wp\/v2\/pages\/5453\/revisions\/18333"}],"up":[{"embeddable":true,"href":"https:\/\/goerdeler.lspb.de\/wordpress\/wp-json\/wp\/v2\/pages\/3419"}],"wp:attachment":[{"href":"https:\/\/goerdeler.lspb.de\/wordpress\/wp-json\/wp\/v2\/media?parent=5453"}],"curies":[{"name":"wp","href":"https:\/\/api.w.org\/{rel}","templated":true}]}}