{"id":5585,"date":"2016-03-13T11:34:40","date_gmt":"2016-03-13T10:34:40","guid":{"rendered":"http:\/\/goerdeler.lspb.de\/wordpress\/?page_id=5585"},"modified":"2025-09-18T15:41:25","modified_gmt":"2025-09-18T13:41:25","slug":"abitur-2019","status":"publish","type":"page","link":"https:\/\/goerdeler.lspb.de\/wordpress\/unsere-schule\/oberstufe\/abitur-2019\/","title":{"rendered":"Abitur 2028"},"content":{"rendered":"<h1>Anmeldung Abitur 2028<\/h1>\n<ul>\n<li>Sekretariat\u00a0\u00a0<a href=\"mailto:goerdeler@paderborn.de\">goerdeler@paderborn.de<\/a>\u00a0 \u00a005251\/88-14350<\/li>\n<\/ul>\n<h3>Jahrgangsstufenleitung<\/h3>\n<ul>\n<li>Frau Rossmann \/ Herr Schumacher<\/li>\n<\/ul>\n<h3>Termine<\/h3>\n\n\n<figure class=\"wp-block-table\"><table><tbody><tr><td>07.12.2024, ab 8:30<\/td><td class=\"has-text-align-left\" data-align=\"left\">Tag der offenen T\u00fcr<\/td><\/tr><tr><td>10.02. &#8211; 14.02.2025<\/td><td class=\"has-text-align-left\" data-align=\"left\">Anmeldewochen f\u00fcr neue Sch\u00fclerinnen und Sch\u00fcler&nbsp;Oberstufe\n(Anmeldeformulare sind im Sekretariat erh\u00e4ltlich)\nBitte mitbringen: Geburtsurkunde, Impfpass, Zeugnisse 9.2 und 10.1<\/td><\/tr><tr><td>20.03.2025, 14:00<\/td><td class=\"has-text-align-left\" data-align=\"left\">Vorstellen der neuen F\u00e4cher in der Oberstufe<\/td><\/tr><tr><td>25.\/26.03.2025<\/td><td class=\"has-text-align-left\" data-align=\"left\">Individuelle Beratung nach Voranmeldung<\/td><\/tr><tr><td>01.04.2025<\/td><td class=\"has-text-align-left\" data-align=\"left\">Letzter Abgabetermin Wahlb\u00f6gen<\/td><\/tr><\/tbody><\/table><\/figure>\n\n\n<h3><\/h3>\n<h3>Studienfahrt<\/h3>\n\n\n<figure class=\"wp-block-table\"><table><tbody><tr><td>5 Tage in der Q2\n(nach den Sommerferien)<\/td><\/tr><\/tbody><\/table><\/figure>\n\n\n<h3>Informationen Abiturjahrgang 2028<\/h3>\n\n\n<ul class=\"wp-block-list\">\n<li><a href=\"https:\/\/goerdeler.lspb.de\/wordpress\/wp-content\/uploads\/Oberstufenflyer-1.pdf\">Informationsflyer der Schule<\/a><\/li>\n\n\n\n<li><a href=\"https:\/\/goerdeler.lspb.de\/wordpress\/wp-content\/uploads\/Broschuere_Gymnasiale_Oberstufe_Abi-2028.pdf\">Brosch\u00fcre &#8222;Die gymnasiale Oberstufe an Gymnasien und&nbsp;Gesamtschulen in NRW<\/a><\/li>\n\n\n\n<li><a href=\"https:\/\/goerdeler.lspb.de\/wordpress\/wp-content\/uploads\/Praesentation-neue-Faecher.pdf\">Info Sek II Neue F\u00e4cher Gymnasiale Oberstufe Abi 2028<\/a><\/li>\n\n\n\n<li><a href=\"https:\/\/goerdeler.lspb.de\/wordpress\/wp-content\/uploads\/Planungsbogen-EF-Abi-28.pdf\">Planungsbogen f\u00fcr die Einf\u00fchrungsphase<\/a><\/li>\n\n\n\n<li><a href=\"https:\/\/goerdeler.lspb.de\/wordpress\/wp-content\/uploads\/Praesentation-Pflegschaft-EF-17.9.pdf\">Elternpflegschaft EF 2025\/26<\/a><\/li>\n\n\n\n<li><a href=\"https:\/\/goerdeler.lspb.de\/wordpress\/wp-content\/uploads\/Praesentation-Abi-2028.pdf\">Pr\u00e4sentation Abitur 2028<\/a><\/li>\n<\/ul>\n\n\n<h3><a href=\"https:\/\/www.svws.nrw.de\/download\/lupo-download\"><strong>Laufbahn- und Planungstool Oberstufe LuPO<\/strong><\/a><\/h3>\n\n\n<p><\/p>\n","protected":false},"excerpt":{"rendered":"<p>Anmeldung Abitur 2028 Sekretariat\u00a0\u00a0goerdeler@paderborn.de\u00a0 \u00a005251\/88-14350 Jahrgangsstufenleitung Frau Rossmann \/ Herr Schumacher Termine 07.12.2024, ab 8:30 Tag der offenen T\u00fcr 10.02. &#8211; 14.02.2025 Anmeldewochen f\u00fcr neue Sch\u00fclerinnen und Sch\u00fcler&nbsp;Oberstufe (Anmeldeformulare sind im Sekretariat erh\u00e4ltlich) Bitte mitbringen: Geburtsurkunde, Impfpass, Zeugnisse 9.2 und 10.1 20.03.2025, 14:00 Vorstellen der neuen F\u00e4cher in der Oberstufe 25.\/26.03.2025 Individuelle Beratung nach Voranmeldung [&hellip;]<\/p>\n","protected":false},"author":11,"featured_media":0,"parent":4278,"menu_order":52,"comment_status":"closed","ping_status":"closed","template":"","meta":{"_themeisle_gutenberg_block_has_review":false,"_mc_calendar":[],"footnotes":""},"class_list":["post-5585","page","type-page","status-publish","hentry"],"_links":{"self":[{"href":"https:\/\/goerdeler.lspb.de\/wordpress\/wp-json\/wp\/v2\/pages\/5585","targetHints":{"allow":["GET"]}}],"collection":[{"href":"https:\/\/goerdeler.lspb.de\/wordpress\/wp-json\/wp\/v2\/pages"}],"about":[{"href":"https:\/\/goerdeler.lspb.de\/wordpress\/wp-json\/wp\/v2\/types\/page"}],"author":[{"embeddable":true,"href":"https:\/\/goerdeler.lspb.de\/wordpress\/wp-json\/wp\/v2\/users\/11"}],"replies":[{"embeddable":true,"href":"https:\/\/goerdeler.lspb.de\/wordpress\/wp-json\/wp\/v2\/comments?post=5585"}],"version-history":[{"count":23,"href":"https:\/\/goerdeler.lspb.de\/wordpress\/wp-json\/wp\/v2\/pages\/5585\/revisions"}],"predecessor-version":[{"id":18196,"href":"https:\/\/goerdeler.lspb.de\/wordpress\/wp-json\/wp\/v2\/pages\/5585\/revisions\/18196"}],"up":[{"embeddable":true,"href":"https:\/\/goerdeler.lspb.de\/wordpress\/wp-json\/wp\/v2\/pages\/4278"}],"wp:attachment":[{"href":"https:\/\/goerdeler.lspb.de\/wordpress\/wp-json\/wp\/v2\/media?parent=5585"}],"curies":[{"name":"wp","href":"https:\/\/api.w.org\/{rel}","templated":true}]}}