{"id":5643,"date":"2016-03-14T10:35:01","date_gmt":"2016-03-14T09:35:01","guid":{"rendered":"http:\/\/goerdeler.lspb.de\/wordpress\/?page_id=5643"},"modified":"2025-10-31T11:55:28","modified_gmt":"2025-10-31T10:55:28","slug":"sowi-politik","status":"publish","type":"page","link":"https:\/\/goerdeler.lspb.de\/wordpress\/sowi-politik\/","title":{"rendered":"SoWi \/ Wirtschaft &#8211; Politik"},"content":{"rendered":"\n<h2 class=\"wp-block-heading\"><strong>Das Fach Politik\/ Sozialwissenschaften am Goerdeler-Gymnasium<\/strong><\/h2>\n\n\n\n<p>Klimawandel, internationale Sicherheit, Exportabh\u00e4ngigkeiten, G7-Treffen, EZB, Umweltschutz, Inflation, Jugendkriminalit\u00e4t &#8211; viele Schlagworte, die eins eint: sie alle werden im Fach Sozialwissenschaften aufgegriffen und besch\u00e4ftigen uns in unserem Alltag. Viele Nachrichten sind ohne fundierte Kenntnisse in ihrer Komplexit\u00e4t nicht g\u00e4nzlich zu verstehen. Im Fach Sozialwissenschaften werden die Grundlagen im Bereich Politik, Wirtschaft und Soziologie gelegt und die einzelnen Bereiche miteinander verbunden und vertieft. Die Verbindung dieser drei Disziplinen ist das Kennzeichen dieses Faches.<\/p>\n\n\n\n<p>In diesem Fach geht es darum, unser Zusammenleben und dessen Gestaltung in unserer Stadt, unserem Bundesland, unserem Staat, in Europa und auf der Erde zu beschreiben, unterschiedliche Sichtweisen darzulegen und zu diskutieren.<\/p>\n\n\n\n<p>Wohl kaum ein anderes Fach bietet so viele Themen aus unterschiedlichen Bereichen, die jeden von uns tangieren. Erst mit diesen Kenntnissen werden wir bef\u00e4higt, uns in der Gesell- schaft zurechtzufinden und uns aktiv in ihr zu beteiligen. Wenn man aktuelle Ereignisse aus Politik, Wirtschaft und Gesellschaft verstehen m\u00f6chte, ist man hier genau richtig.<\/p>\n\n\n\n<p>Seit Beginn der 1980er Jahre nimmt daher das Fach Sozialwissenschaften am Goerdeler- Gymnasium fast durchg\u00e4ngig eine bedeutende Stellung in Form von mehreren Grundkursen und eines Leistungskurses ein.<\/p>\n\n\n\n<h2 class=\"wp-block-heading\">Sekundarstufe I<\/h2>\n\n\n\n<h3 class=\"wp-block-heading\">Curriculum Klassen 5-10<\/h3>\n\n\n\n<p><\/p>\n\n\n\n<figure class=\"wp-block-gallery has-nested-images columns-default is-cropped wp-block-gallery-1 is-layout-flex wp-block-gallery-is-layout-flex\"><\/figure>\n\n\n\n<ul class=\"wp-block-list\">\n<li>Klicken Sie <a href=\"https:\/\/goerdeler.lspb.de\/wordpress\/wp-content\/uploads\/Curriculum_WiPk_SekI_G9_JG_6_7_8_10.pdf\">hier zum Anzeigen \/ Download der PDF-Datei<\/a>. ( Politik, G 9)<\/li>\n<\/ul>\n\n\n\n<p><\/p>\n\n\n\n<h3 class=\"wp-block-heading\"><a id=\"LehrmittelSI\"><\/a>Lehr- und Lernmittel<\/h3>\n\n\n\n<div class=\"wp-block-columns is-layout-flex wp-container-core-columns-is-layout-9d6595d7 wp-block-columns-is-layout-flex\">\n<div class=\"wp-block-column is-layout-flow wp-block-column-is-layout-flow\"><\/div>\n<\/div>\n\n\n\n<figure class=\"wp-block-gallery has-nested-images columns-default is-cropped wp-block-gallery-2 is-layout-flex wp-block-gallery-is-layout-flex\">\n<figure class=\"wp-block-image size-large\"><a href=\"https:\/\/goerdeler.lspb.de\/wordpress\/wp-content\/uploads\/SoWi-SI-Lehrwerk-1.jpg\"><img loading=\"lazy\" decoding=\"async\" width=\"283\" height=\"390\" data-id=\"10086\" src=\"https:\/\/goerdeler.lspb.de\/wordpress\/wp-content\/uploads\/SoWi-SI-Lehrwerk-1.jpg\" alt=\"\" class=\"wp-image-10086\" srcset=\"https:\/\/goerdeler.lspb.de\/wordpress\/wp-content\/uploads\/SoWi-SI-Lehrwerk-1.jpg 283w, https:\/\/goerdeler.lspb.de\/wordpress\/wp-content\/uploads\/SoWi-SI-Lehrwerk-1-218x300.jpg 218w\" sizes=\"(max-width: 283px) 100vw, 283px\" \/><\/a><\/figure>\n\n\n\n<figure class=\"wp-block-image size-large\"><a href=\"https:\/\/goerdeler.lspb.de\/wordpress\/wp-content\/uploads\/SoWi-SI-Lehrwerk-2.jpg\"><img loading=\"lazy\" decoding=\"async\" width=\"283\" height=\"389\" data-id=\"10087\" src=\"https:\/\/goerdeler.lspb.de\/wordpress\/wp-content\/uploads\/SoWi-SI-Lehrwerk-2.jpg\" alt=\"\" class=\"wp-image-10087\" srcset=\"https:\/\/goerdeler.lspb.de\/wordpress\/wp-content\/uploads\/SoWi-SI-Lehrwerk-2.jpg 283w, https:\/\/goerdeler.lspb.de\/wordpress\/wp-content\/uploads\/SoWi-SI-Lehrwerk-2-218x300.jpg 218w\" sizes=\"(max-width: 283px) 100vw, 283px\" \/><\/a><\/figure>\n\n\n\n<figure class=\"wp-block-image size-large\"><a href=\"https:\/\/goerdeler.lspb.de\/wordpress\/wp-content\/uploads\/Sowi3.jpg\"><img loading=\"lazy\" decoding=\"async\" width=\"210\" height=\"288\" data-id=\"14339\" src=\"https:\/\/goerdeler.lspb.de\/wordpress\/wp-content\/uploads\/Sowi3.jpg\" alt=\"\" class=\"wp-image-14339\"\/><\/a><\/figure>\n<\/figure>\n\n\n\n<h2 class=\"wp-block-heading\">Sekundarstufe II<\/h2>\n\n\n\n<h3 class=\"wp-block-heading\"><a id=\"CurriculumSII\"><\/a>Curriculum<\/h3>\n\n\n\n<p>Klicken Sie <a href=\"https:\/\/goerdeler.lspb.de\/wordpress\/wp-content\/uploads\/Curriculum_SW_SekII.pdf\" target=\"_blank\" rel=\"noreferrer noopener\">hier zum Anzeigen \/ Download der PDF-Datei<\/a>.<\/p>\n\n\n\n<h3 class=\"wp-block-heading\"><a id=\"LehrmittelSII\"><\/a>Lehr- und Lernmittel<\/h3>\n\n\n\n<div class=\"wp-block-columns is-layout-flex wp-container-core-columns-is-layout-9d6595d7 wp-block-columns-is-layout-flex\">\n<div class=\"wp-block-column is-layout-flow wp-block-column-is-layout-flow\"><div class=\"wp-block-image\">\n<figure class=\"aligncenter size-medium\"><img loading=\"lazy\" decoding=\"async\" width=\"218\" height=\"300\" src=\"https:\/\/goerdeler.lspb.de\/wordpress\/wp-content\/uploads\/SoWi-SII-Lehrwerk-2019-218x300.jpg\" alt=\"\" class=\"wp-image-9276\" srcset=\"https:\/\/goerdeler.lspb.de\/wordpress\/wp-content\/uploads\/SoWi-SII-Lehrwerk-2019-218x300.jpg 218w, https:\/\/goerdeler.lspb.de\/wordpress\/wp-content\/uploads\/SoWi-SII-Lehrwerk-2019.jpg 283w\" sizes=\"(max-width: 218px) 100vw, 218px\" \/><\/figure>\n<\/div><\/div>\n\n\n\n<div class=\"wp-block-column is-layout-flow wp-block-column-is-layout-flow\"><div class=\"wp-block-image\">\n<figure class=\"aligncenter size-medium\"><img loading=\"lazy\" decoding=\"async\" width=\"218\" height=\"300\" src=\"https:\/\/goerdeler.lspb.de\/wordpress\/wp-content\/uploads\/SoWi-SII-Lehrwerk-2019-2-218x300.jpg\" alt=\"\" class=\"wp-image-10085\" srcset=\"https:\/\/goerdeler.lspb.de\/wordpress\/wp-content\/uploads\/SoWi-SII-Lehrwerk-2019-2-218x300.jpg 218w, https:\/\/goerdeler.lspb.de\/wordpress\/wp-content\/uploads\/SoWi-SII-Lehrwerk-2019-2.jpg 283w\" sizes=\"(max-width: 218px) 100vw, 218px\" \/><\/figure>\n<\/div><\/div>\n<\/div>\n\n\n\n<h2 class=\"wp-block-heading\"><a id=\"Leistungsbewertung\"><\/a>Leistungsbewertungskonzept<\/h2>\n\n\n\n<p>Das Leistungsbewertungskonzept haben wir in einer <a href=\"https:\/\/bid.lspb.de\/Download\/Document\/1488685\/\" target=\"_blank\" rel=\"noreferrer noopener\">gesonderten Datei zusammengefasst, die Sie hier herunterladen<\/a> k\u00f6nnen.<\/p>\n\n\n\n<h2 class=\"wp-block-heading\"><a id=\"Lehrer\"><\/a>Lehrerinnen und Lehrer<\/h2>\n\n\n\n<ul class=\"wp-block-list\">\n<li>Frau Engelbert (M; SW)<\/li>\n\n\n\n<li>Frau Koster (M; SW)<\/li>\n\n\n\n<li>Herr Niggemann (D; SW)<\/li>\n\n\n\n<li>Frau Offele (D; SW)<\/li>\n\n\n\n<li>Herr Schultz (IF; SW; PH)<\/li>\n\n\n\n<li>Frau Stuke (E; SW)<\/li>\n<\/ul>\n\n\n\n<p><a id=\"Fachraeume\"><\/a><\/p>\n\n\n\n<h2 class=\"wp-block-heading\">Jugend debattiert<\/h2>\n\n\n\n<p>An unserer Schule nehmen wir seit Jahren regelm\u00e4\u00dfig am Wettbewerb \u201eJugend debattiert\u201c teil.<\/p>\n\n\n\n<p>Jugend debattiert verbindet das Training im Unterricht mit einem bundesweiten Wettbewerb. Es handelt sich um einen Wettbewerb, bei dem die Sch\u00fclerinnen und Sch\u00fcler lernen kritische Fragen zu stellen, ihre Meinung zu sagen und sich mit den Meinungen anderer fair und sachlich auseinanderzusetzen. Sie lernen au\u00dferdem zuzuh\u00f6ren und erweitern ihren Horizont in Bezug auf gesellschaftlich relevante Fragestellungen.<\/p>\n\n\n\n<p>In der Jahrgangsstufe 10 erfolgt ab dem Schuljahr 2023\/24 die Teilnahme im Rahmen des Politikunterrichts. Dort werden die Sch\u00fclerinnen und Sch\u00fcler auf den Wettbewerb vorbereitet.<\/p>\n\n\n\n<p>Folgender Link f\u00fchrt zu weiteren Informationen zum Wettbewerb:<\/p>\n\n\n\n<p><a href=\"http:\/\/jugend-debattiert.de\">jugend-debattiert.de<\/a><\/p>\n\n\n\n<h3 class=\"wp-block-heading\">Zusammenarbeit mit der FHDW<\/h3>\n\n\n\n<p>Die Kooperation mit der FHDW pr\u00e4gt auch den Unterricht in Sozialwissenschaften. Jedes Jahr f\u00fchrt der Leistungskurs der Q1 ein Unternehmensplanspiel unter der Anleitung und in Organisation der FHDW durch.<\/p>\n\n\n\n<p>Dort werden planerische Entscheidungen simuliert und die unternehmerischen Konsequenzen dabei direkt sp\u00fcrbar. Seit Jahren nehmen die Sch\u00fclerinnen und Sch\u00fcler mit viel Freude daran teil.<\/p>\n\n\n\n<h2 class=\"wp-block-heading\">Veranstaltungen und Ereignisse<\/h2>\n\n\n<div class=\"wp-block-themeisle-blocks-posts-grid\" id=\"wp-block-themeisle-blocks-posts-grid-4a68ffaa\"><div class=\"is-list\"><div class=\"o-posts-grid-post-blog o-posts-grid-post-plain\"><div class=\"o-posts-grid-post\"><div class=\"o-posts-grid-post-image\"><a href=\"https:\/\/goerdeler.lspb.de\/wordpress\/besuch-von-thw-und-freiwilliger-feuerwehr\/\"><img loading=\"lazy\" decoding=\"async\" width=\"900\" height=\"620\" src=\"https:\/\/goerdeler.lspb.de\/wordpress\/wp-content\/uploads\/2024-10-31_THW.jpg\" class=\"attachment-full size-full\" alt=\"Besuch von THW und Freiwilliger Feuerwehr\" srcset=\"https:\/\/goerdeler.lspb.de\/wordpress\/wp-content\/uploads\/2024-10-31_THW.jpg 900w, https:\/\/goerdeler.lspb.de\/wordpress\/wp-content\/uploads\/2024-10-31_THW-300x207.jpg 300w, https:\/\/goerdeler.lspb.de\/wordpress\/wp-content\/uploads\/2024-10-31_THW-768x529.jpg 768w\" sizes=\"(max-width: 900px) 100vw, 900px\" \/><\/a><\/div><div class=\"o-posts-grid-post-body\"><h4 class=\"o-posts-grid-post-title\"><a href=\"https:\/\/goerdeler.lspb.de\/wordpress\/besuch-von-thw-und-freiwilliger-feuerwehr\/\">Besuch von THW und Freiwilliger Feuerwehr<\/a><\/h4><div class=\"o-posts-grid-post-description\"><p>Vor den Herbstferien erlebte die Klasse 7d des Goerdeler-Gymnasiums im Rahmen ihres Politikunterrichts einen spannenden Einblick in das ehrenamtliche Engagement der Einsatzkr\u00e4fte des Technischen Hilfswerks (THW) und der Freiwilligen Feuerwehr Paderbo\u2026<\/p><\/div><\/div><\/div><\/div><div class=\"o-posts-grid-post-blog o-posts-grid-post-plain\"><div class=\"o-posts-grid-post\"><div class=\"o-posts-grid-post-image\"><a href=\"https:\/\/goerdeler.lspb.de\/wordpress\/politik-am-fruehstueckstisch\/\"><img loading=\"lazy\" decoding=\"async\" width=\"900\" height=\"675\" src=\"https:\/\/goerdeler.lspb.de\/wordpress\/wp-content\/uploads\/2024-05-06_FairesFruehstueck.jpeg\" class=\"attachment-full size-full\" alt=\"Politik am Fr\u00fchst\u00fcckstisch\" srcset=\"https:\/\/goerdeler.lspb.de\/wordpress\/wp-content\/uploads\/2024-05-06_FairesFruehstueck.jpeg 900w, https:\/\/goerdeler.lspb.de\/wordpress\/wp-content\/uploads\/2024-05-06_FairesFruehstueck-300x225.jpeg 300w, https:\/\/goerdeler.lspb.de\/wordpress\/wp-content\/uploads\/2024-05-06_FairesFruehstueck-768x576.jpeg 768w, https:\/\/goerdeler.lspb.de\/wordpress\/wp-content\/uploads\/2024-05-06_FairesFruehstueck-585x440.jpeg 585w, https:\/\/goerdeler.lspb.de\/wordpress\/wp-content\/uploads\/2024-05-06_FairesFruehstueck-230x172.jpeg 230w\" sizes=\"(max-width: 900px) 100vw, 900px\" \/><\/a><\/div><div class=\"o-posts-grid-post-body\"><h4 class=\"o-posts-grid-post-title\"><a href=\"https:\/\/goerdeler.lspb.de\/wordpress\/politik-am-fruehstueckstisch\/\">Politik am Fr\u00fchst\u00fcckstisch<\/a><\/h4><div class=\"o-posts-grid-post-description\"><p>Die Sowi-Sch\u00fcler:innen des Goerdelers bereiten sich derzeit besonders intensiv auf die Europawahl vor. Bei einem fairen Fr\u00fchst\u00fcck am Dienstag und am Freitag vor der Europawahl informieren sich die Sch\u00fcler:innen der Jahrgangsstufe EF im sozialwissensc\u2026<\/p><\/div><\/div><\/div><\/div><div class=\"o-posts-grid-post-blog o-posts-grid-post-plain\"><div class=\"o-posts-grid-post\"><div class=\"o-posts-grid-post-image\"><a href=\"https:\/\/goerdeler.lspb.de\/wordpress\/schuelerinnen-der-10-klasse-besuchen-die-arolsen-archives\/\"><img loading=\"lazy\" decoding=\"async\" width=\"900\" height=\"598\" src=\"https:\/\/goerdeler.lspb.de\/wordpress\/wp-content\/uploads\/2024-02-13_Arolsen_Gruppenbild.jpeg\" class=\"attachment-full size-full\" alt=\"Sch\u00fcler:innen der 10. Klasse besuchen die Arolsen-Archives\" srcset=\"https:\/\/goerdeler.lspb.de\/wordpress\/wp-content\/uploads\/2024-02-13_Arolsen_Gruppenbild.jpeg 900w, https:\/\/goerdeler.lspb.de\/wordpress\/wp-content\/uploads\/2024-02-13_Arolsen_Gruppenbild-300x199.jpeg 300w, https:\/\/goerdeler.lspb.de\/wordpress\/wp-content\/uploads\/2024-02-13_Arolsen_Gruppenbild-768x510.jpeg 768w\" sizes=\"(max-width: 900px) 100vw, 900px\" \/><\/a><\/div><div class=\"o-posts-grid-post-body\"><h4 class=\"o-posts-grid-post-title\"><a href=\"https:\/\/goerdeler.lspb.de\/wordpress\/schuelerinnen-der-10-klasse-besuchen-die-arolsen-archives\/\">Sch\u00fcler:innen der 10. Klasse besuchen die Arolsen-Archives<\/a><\/h4><div class=\"o-posts-grid-post-description\"><p>Am Dienstag, dem 13.02.2024, besuchten 27 Sch\u00fcler:innen der Jahrgangsstufe 10 in Begleitung von Frau Lambrechts und Herrn Niggemann das weltweit umfassendste Archiv f\u00fcr Opfer der NS-Verbrechen, die Arolsen Archives. Dieser Besuch fand statt im Rahmen\u2026<\/p><\/div><\/div><\/div><\/div><div class=\"o-posts-grid-post-blog o-posts-grid-post-plain\"><div class=\"o-posts-grid-post\"><div class=\"o-posts-grid-post-image\"><a href=\"https:\/\/goerdeler.lspb.de\/wordpress\/sowi-leistungskurs-als-unternehmer-beim-fhdw-planspiel\/\"><img loading=\"lazy\" decoding=\"async\" width=\"900\" height=\"585\" src=\"https:\/\/goerdeler.lspb.de\/wordpress\/wp-content\/uploads\/2024-02-08_FHDW_Planspiel.jpeg\" class=\"attachment-full size-full\" alt=\"SoWi-Leistungskurs als Unternehmer beim FHDW-Planspiel\" srcset=\"https:\/\/goerdeler.lspb.de\/wordpress\/wp-content\/uploads\/2024-02-08_FHDW_Planspiel.jpeg 900w, https:\/\/goerdeler.lspb.de\/wordpress\/wp-content\/uploads\/2024-02-08_FHDW_Planspiel-300x195.jpeg 300w, https:\/\/goerdeler.lspb.de\/wordpress\/wp-content\/uploads\/2024-02-08_FHDW_Planspiel-768x499.jpeg 768w\" sizes=\"(max-width: 900px) 100vw, 900px\" \/><\/a><\/div><div class=\"o-posts-grid-post-body\"><h4 class=\"o-posts-grid-post-title\"><a href=\"https:\/\/goerdeler.lspb.de\/wordpress\/sowi-leistungskurs-als-unternehmer-beim-fhdw-planspiel\/\">SoWi-Leistungskurs als Unternehmer beim FHDW-Planspiel<\/a><\/h4><div class=\"o-posts-grid-post-description\"><p>Der Leistungskurs Sozialwissenschaften der Q1 nahm im Januar am FHDW-Unternehmensplanspiel teil. Die Teilnehmer konkurrieren hierbei mit anderen Planspiel-Unternehmen am simulierten Markt und erleben hautnah Zielkonflikte in der Unternehmensf\u00fchrung. \u2026<\/p><\/div><\/div><\/div><\/div><\/div> <\/div>","protected":false},"excerpt":{"rendered":"<p>Das Fach Politik\/ Sozialwissenschaften am Goerdeler-Gymnasium Klimawandel, internationale Sicherheit, Exportabh\u00e4ngigkeiten, G7-Treffen, EZB, Umweltschutz, Inflation, Jugendkriminalit\u00e4t &#8211; viele Schlagworte, die eins eint: sie alle werden im Fach Sozialwissenschaften aufgegriffen und besch\u00e4ftigen uns in unserem Alltag. Viele Nachrichten sind ohne fundierte Kenntnisse in ihrer Komplexit\u00e4t nicht g\u00e4nzlich zu verstehen. Im Fach Sozialwissenschaften werden die Grundlagen im Bereich [&hellip;]<\/p>\n","protected":false},"author":2,"featured_media":0,"parent":0,"menu_order":62,"comment_status":"closed","ping_status":"closed","template":"","meta":{"_themeisle_gutenberg_block_has_review":false,"_mc_calendar":[],"footnotes":""},"class_list":["post-5643","page","type-page","status-publish","hentry"],"_links":{"self":[{"href":"https:\/\/goerdeler.lspb.de\/wordpress\/wp-json\/wp\/v2\/pages\/5643","targetHints":{"allow":["GET"]}}],"collection":[{"href":"https:\/\/goerdeler.lspb.de\/wordpress\/wp-json\/wp\/v2\/pages"}],"about":[{"href":"https:\/\/goerdeler.lspb.de\/wordpress\/wp-json\/wp\/v2\/types\/page"}],"author":[{"embeddable":true,"href":"https:\/\/goerdeler.lspb.de\/wordpress\/wp-json\/wp\/v2\/users\/2"}],"replies":[{"embeddable":true,"href":"https:\/\/goerdeler.lspb.de\/wordpress\/wp-json\/wp\/v2\/comments?post=5643"}],"version-history":[{"count":26,"href":"https:\/\/goerdeler.lspb.de\/wordpress\/wp-json\/wp\/v2\/pages\/5643\/revisions"}],"predecessor-version":[{"id":18514,"href":"https:\/\/goerdeler.lspb.de\/wordpress\/wp-json\/wp\/v2\/pages\/5643\/revisions\/18514"}],"wp:attachment":[{"href":"https:\/\/goerdeler.lspb.de\/wordpress\/wp-json\/wp\/v2\/media?parent=5643"}],"curies":[{"name":"wp","href":"https:\/\/api.w.org\/{rel}","templated":true}]}}