{"id":5742,"date":"2016-03-15T17:03:18","date_gmt":"2016-03-15T16:03:18","guid":{"rendered":"http:\/\/goerdeler.lspb.de\/wordpress\/?page_id=5742"},"modified":"2026-04-04T12:30:44","modified_gmt":"2026-04-04T10:30:44","slug":"zeitleiste","status":"publish","type":"page","link":"https:\/\/goerdeler.lspb.de\/wordpress\/home-2\/schulgeschichtliches\/zeitleiste\/","title":{"rendered":"Zeitleiste"},"content":{"rendered":"<h3><strong>Daten und Fakten im geschichtlichen \u00dcberblick<\/strong><\/h3>\n<table width=\"1000\">\n<tbody>\n<tr>\n<td width=\"69\">1967<\/td>\n<td style=\"width: 872px; text-align: left;\" width=\"472\">Mit dem Schuljahresbeginn 1967\/68 startet am 7. September das neue \u201eSt\u00e4dtische Neusprachliche Gymnasium f\u00fcr Jungen und M\u00e4dchen i.E.\u201c mit zwei Klassen 5 in zwei Pavillons neben der St. Georg-Volksschule an der Erzbergerstra\u00dfe. Es wird als erstes Gymnasium in Paderborn koedukativ gef\u00fchrt.<\/td>\n<\/tr>\n<tr>\n<td width=\"69\"><\/td>\n<td style=\"width: 872px; text-align: left;\" width=\"472\">Offizielle Ernennung des Schulleiters OStD Alfons Kohstall am 21. September.<\/td>\n<\/tr>\n<tr>\n<td width=\"69\">1968<\/td>\n<td style=\"width: 872px; text-align: left;\" width=\"472\">Mit Beginn des Schuljahres 1968\/69 Umzug in frei werdende R\u00e4ume der Luthergrundschule am Abdinghof.<\/td>\n<\/tr>\n<tr>\n<td width=\"69\">1969<\/td>\n<td style=\"width: 872px; text-align: left;\" width=\"472\">Offizielle Ernennung der stellvertretenden Schulleiterin Frau StD\u2019 Brigitte Chalup.<\/td>\n<\/tr>\n<tr>\n<td width=\"69\"><\/td>\n<td style=\"width: 872px; text-align: left;\" width=\"472\">Der F\u00f6rderverein der Schule wird gegr\u00fcndet.<\/td>\n<\/tr>\n<tr>\n<td width=\"69\">1970<\/td>\n<td style=\"width: 872px; text-align: left;\" width=\"472\">Angliederung eines mathematisch-naturwissenschaftlichen Zweiges an die Schule durch Erlass des Kultusministers.<\/td>\n<\/tr>\n<tr>\n<td width=\"69\">1971<\/td>\n<td style=\"width: 872px; text-align: left;\" width=\"472\">Der ab Sommer 1969 errichtete erste Bauabschnitt des Schulneubaus mit Dreifachturnhalle an der Goerdelerstra\u00dfe wird im August bezogen. Vier Klassen mit je 44 Sch\u00fclern werden gebildet.<\/td>\n<\/tr>\n<tr>\n<td width=\"69\"><\/td>\n<td style=\"width: 872px; text-align: left;\" width=\"472\">Am 23. November findet eine festliche Einweihungsversammlung des neuen Schulgeb\u00e4udes statt.<\/td>\n<\/tr>\n<tr>\n<td width=\"69\">1972<\/td>\n<td style=\"width: 872px; text-align: left;\" width=\"472\">Mit Beginn des Schuljahres 1972\/73 wird der zweite Bauabschnitt bezogen. 297 Neuanmeldungen sind dennoch nicht aufzunehmen \u2013 eine Entlastung bringt die Neugr\u00fcndung des Gymnasiums Schlo\u00df Neuhaus, zu dem 85 Sch\u00fcler umgemeldet werden.<\/td>\n<\/tr>\n<tr>\n<td width=\"69\"><\/td>\n<td style=\"width: 872px; text-align: left;\" width=\"472\">Ein Ratsbeschluss im Dezember f\u00fchrt zur Umbenennung der Schule in \u201eGoerdeler-Gymnasium\u201c.<\/td>\n<\/tr>\n<tr>\n<td width=\"69\"><\/td>\n<td style=\"width: 872px; text-align: left;\" width=\"472\">Die Oberstufenreform mit Kurssystem wird unter der Leitung der stellvertretenden Schulleiterin Brigitte Chalup als Oberstufenkoordinatorin eingef\u00fchrt.<\/td>\n<\/tr>\n<tr>\n<td width=\"69\">1975<\/td>\n<td style=\"width: 872px; text-align: left;\" width=\"472\">Im M\u00e4rz findet eine Feierstunde in der neuen Aula zur endg\u00fcltigen Fertigstellung aller vier Bauabschnitte statt.<\/td>\n<\/tr>\n<tr>\n<td width=\"69\">1976<\/td>\n<td style=\"width: 872px; text-align: left;\" width=\"472\">Beginn der Schulpartnerschaft mit dem Lyc\u00e9e Montesquieu in Le Mans.<\/td>\n<\/tr>\n<tr>\n<td width=\"69\"><\/td>\n<td style=\"width: 872px; text-align: left;\" width=\"472\">Am 22. Juni wird das erste Abitur abgeschlossen. 47 Sch\u00fclerinnen und Sch\u00fcler erhalten die \u201eAllgemeine Hochschulreife\u201c.<\/td>\n<\/tr>\n<tr>\n<td width=\"69\">1981<\/td>\n<td style=\"width: 872px; text-align: left;\" width=\"472\">Einweihung der Au\u00dfensportanlage mit einem Sportfest.<\/td>\n<\/tr>\n<tr>\n<td width=\"69\">1985<\/td>\n<td style=\"width: 872px; text-align: left;\" width=\"472\">Zeitweilige Beunruhigung in der Schule wegen der Favorisierung des Goerdeler-Gymnasiums als Standort einer neu zu gr\u00fcndenden Gesamtschule durch die Stadtverwaltung, die dann jedoch am Niesenteich errichtet wird.<\/td>\n<\/tr>\n<tr>\n<td width=\"69\">1988<\/td>\n<td style=\"width: 872px; text-align: left;\" width=\"472\">Im Januar wird die erste Berufsorientierungswoche (BOW) durchgef\u00fchrt.<\/td>\n<\/tr>\n<tr>\n<td width=\"69\">1990<\/td>\n<td style=\"width: 872px; text-align: left;\" width=\"472\">Offizielle Ernennung von Herrn StD Rainer Dunke zum st\u00e4ndigen Vertreter des Schulleiters.<\/td>\n<\/tr>\n<tr>\n<td width=\"69\">1992<\/td>\n<td style=\"width: 872px; text-align: left;\" width=\"472\">Jubil\u00e4umswoche mit Projekttagen und Festakt zum 25j\u00e4hrigen Bestehen des Goerdeler-Gymnasiums im Oktober.<\/td>\n<\/tr>\n<tr>\n<td width=\"69\"><\/td>\n<td style=\"width: 872px; text-align: left;\" width=\"472\">Am 20.10. wird die Partnerschaftsurkunde mit dem Liceum II in Przemysl (Ostpolen) unterzeichnet.<\/td>\n<\/tr>\n<tr>\n<td width=\"69\">1993<\/td>\n<td style=\"width: 872px; text-align: left;\" width=\"472\">Im Juni wird der langj\u00e4hrige Schulleiter OStD Alfons Kohstall in den Ruhestand verabschiedet. Sein Stellvertreter StD Rainer Dunke \u00fcbernimmt die kommissarische Schulleitung, bis ihn Dr. G\u00fcnter Wortmann im November in dieser Funktion abl\u00f6st.<\/td>\n<\/tr>\n<tr>\n<td width=\"69\">1994<\/td>\n<td style=\"width: 872px; text-align: left;\" width=\"472\">Offizielle Einf\u00fchrung von Herrn OStD Dr. G\u00fcnter Wortmann als neuer Schulleiter.<\/td>\n<\/tr>\n<tr>\n<td width=\"69\">1995<\/td>\n<td style=\"width: 872px; text-align: left;\" width=\"472\">Die Schulkonferenz beschlie\u00dft die Einf\u00fchrung der 5-Tage-Woche ab dem Schuljahr 1995\/96.<\/td>\n<\/tr>\n<tr>\n<td width=\"69\">1996<\/td>\n<td style=\"width: 872px; text-align: left;\" width=\"472\">Untersuchungen zeigen die Belastung des gesamten Schulgeb\u00e4udes durch das Umweltgift PCB. Die Stadt als Schultr\u00e4ger erarbeitet ein Sanierungskonzept, welches bis zum Sommer 1997 erfolgreich umgesetzt wird.<\/td>\n<\/tr>\n<tr>\n<td width=\"69\"><\/td>\n<td style=\"width: 872px; text-align: left;\" width=\"472\">Eine Kommission aus Sch\u00fclern, Eltern und Lehrern beginnt ein Schulprogramm zu erarbeiten.<\/td>\n<\/tr>\n<tr>\n<td width=\"69\">1997<\/td>\n<td style=\"width: 872px; text-align: left;\" width=\"472\">Im September finden anl\u00e4sslich des 30j\u00e4hrigen Schuljubil\u00e4ums Projekttage statt.<\/td>\n<\/tr>\n<tr>\n<td width=\"69\"><\/td>\n<td style=\"width: 872px; text-align: left;\" width=\"472\">Gr\u00fcndung des \u201eGoerdeler Alumni Clubs\u201c als Verein der ehemaligen Goerdeler-Sch\u00fcler.<\/td>\n<\/tr>\n<tr>\n<td width=\"69\">2001<\/td>\n<td style=\"width: 872px; text-align: left;\" width=\"472\">Beginn des Austauschprogramms f\u00fcr die Klassen 7 des Goerdeler-Gymnasiums mit der John Buchan Middle School in PB-Sennelager.<\/td>\n<\/tr>\n<tr>\n<td width=\"69\">2003<\/td>\n<td style=\"width: 872px; text-align: left;\" width=\"472\">Zum Schuljahr 2003\/04 wird erstmals eine f\u00fcnfte Klasse als \u201eBl\u00e4serklasse\u201c eingerichtet.<\/td>\n<\/tr>\n<tr>\n<td width=\"69\"><\/td>\n<td style=\"width: 872px; text-align: left;\" width=\"472\">Der langj\u00e4hrige st\u00e4ndige Vertreter des Schulleiters, Herr StD Rainer Dunke, wird im Januar in den Ruhestand verabschiedet.<\/td>\n<\/tr>\n<tr>\n<td width=\"69\"><\/td>\n<td style=\"width: 872px; text-align: left;\" width=\"472\">Im August wird Frau StD\u2019 Christa Kr\u00fcger offiziell zur stellvertretenden Schulleiterin ernannt.<\/td>\n<\/tr>\n<tr>\n<td width=\"69\">2004<\/td>\n<td style=\"width: 872px; text-align: left;\" width=\"472\">Durchf\u00fchrung der ersten Lernstandserhebungen in den F\u00e4chern Deutsch, Englisch und Mathematik in der Klasse 9. Seit dem Schuljahr 05\/06 finden diese in der Klasse 8 statt.<\/td>\n<\/tr>\n<tr>\n<td width=\"69\">2005<\/td>\n<td style=\"width: 872px; text-align: left;\" width=\"472\">Mit dem Schuljahr 2005\/06 wird der erste \u201eG 8\u201c \u2013 Jahrgang (Abitur nach 8 Jahren am Gymnasium) in die Jahrgangsstufe 5 aufgenommen.<\/td>\n<\/tr>\n<tr>\n<td width=\"69\">2006<\/td>\n<td style=\"width: 872px; text-align: left;\" width=\"472\">Das Kollegium entscheidet zu Beginn des Schuljahrs 2006\/07 per Konferenzbeschluss sich \u00fcber f\u00fcnf Jahre zur Korrespondenzschule fortzubilden.<\/td>\n<\/tr>\n<tr>\n<td width=\"69\">2007<\/td>\n<td style=\"width: 872px; text-align: left;\" width=\"472\">Die ersten zentralen Abschlusspr\u00fcfungen in der Klasse 10 und das erste Zentralabitur werden erfolgreich bestanden.<\/td>\n<\/tr>\n<tr>\n<td width=\"69\"><\/td>\n<td style=\"width: 872px; text-align: left;\" width=\"472\">Im September finden mit Projekttagen und einem Schulfest die Feierlichkeiten zum 40j\u00e4hrigen Jubil\u00e4um statt.<\/td>\n<\/tr>\n<tr>\n<td width=\"69\"><\/td>\n<td style=\"width: 872px; text-align: left;\" width=\"472\">In Kooperation mit dem Malteser Hilfsdienst wird der Schulsanit\u00e4tsdienst aufgebaut.<\/td>\n<\/tr>\n<tr>\n<td width=\"69\">2008<\/td>\n<td style=\"width: 872px; text-align: left;\" width=\"472\">Im Juni wird OStD Dr. G\u00fcnter Wortmann in den Ruhestand verabschiedet. Seine Stellvertreterin StD&#8216; Christa Kr\u00fcger \u00fcbernimmt die kommissarische Schulleitung.<\/td>\n<\/tr>\n<tr>\n<td width=\"69\">2009<\/td>\n<td style=\"width: 872px; text-align: left;\" width=\"472\">Zum Beginn des Schuljahres 2009\/10 wird Frau OStD&#8216; Helga Lazar als neue Schulleiterin am Goerdeler-Gymnasium eingef\u00fchrt.<\/td>\n<\/tr>\n<tr>\n<td width=\"69\">2010<\/td>\n<td style=\"width: 872px; text-align: left;\" width=\"472\">Die Schule erh\u00e4lt die Auszeichnung \u201eSchule ohne Rassismus-Schule mit Courage\u201c.<\/td>\n<\/tr>\n<tr>\n<td width=\"69\">2011<\/td>\n<td style=\"width: 872px; text-align: left;\" width=\"472\">Das Goerdeler erh\u00e4lt den \u201eJugend forscht-Schulpreis\u201c.<\/td>\n<\/tr>\n<tr>\n<td width=\"69\"><\/td>\n<td style=\"width: 872px; text-align: left;\" width=\"472\">Im Mai wird die neu gebaute Mensa er\u00f6ffnet und in Betrieb genommen.<\/td>\n<\/tr>\n<tr>\n<td width=\"69\">2012<\/td>\n<td style=\"width: 872px; text-align: left;\" width=\"472\">Das 20j\u00e4hrige Jubil\u00e4um der Schulpartnerschaft mit dem Liceum II Morawskiego in Przemysl wird gefeiert.<\/td>\n<\/tr>\n<tr>\n<td width=\"69\">2013<\/td>\n<td style=\"width: 872px; text-align: left;\" width=\"472\">Mit Beginn des Schuljahres 2013\/14 wird die erste naturwissenschaftliche Profilklasse (NaWi-Klasse) in der Jahrgangsstufe 5 eingerichtet.<\/td>\n<\/tr>\n<tr>\n<td width=\"69\"><\/td>\n<td style=\"width: 872px; text-align: left;\" width=\"472\">Im Rahmen der Initiative <em>\u201eLernpotenziale. Individuell f\u00f6rdern im Gymnasium\u201c <\/em>wird der Goerdeler-Schulplaner als Lernbegleiter entwickelt und f\u00fcr die Sekundarstufe I eingef\u00fchrt.<\/td>\n<\/tr>\n<tr>\n<td width=\"69\"><\/td>\n<td style=\"width: 872px; text-align: left;\" width=\"472\">Die erste Generation \u201eMedienscouts am Goerdeler\u201c werden im Schuljahr 2013\/2014 in vier Fortbildungen ausgebildet.<\/td>\n<\/tr>\n<tr>\n<td width=\"69\">2014<\/td>\n<td style=\"width: 872px; text-align: left;\" width=\"472\">Im Juli wird die stellvertretende Schulleiterin Christa Kr\u00fcger in den Ruhestand verabschiedet.<\/td>\n<\/tr>\n<tr>\n<td width=\"69\"><\/td>\n<td style=\"width: 872px; text-align: left;\" width=\"472\">Zum Beginn des Schuljahres 2014\/15 nimmt Dr. Andreas M\u00fcller als stellvertretender Schulleiter seinen Dienst am Goerdeler-Gymnasium auf.<\/td>\n<\/tr>\n<tr>\n<td width=\"69\">2015<\/td>\n<td style=\"width: 872px; text-align: left;\" width=\"472\">Das Goerdeler-Gymnasium erh\u00e4lt als erstes Paderborner Gymnasium die Autorisierung als Pr\u00fcfzentrum f\u00fcr den Europ\u00e4ischen Computerf\u00fchrerschein (European Computer Driving Licence &#8211; ECDL).<\/td>\n<\/tr>\n<tr>\n<td width=\"69\">2016<\/td>\n<td style=\"width: 872px; text-align: left;\" width=\"472\">Im Februar erh\u00e4lt das Goerdeler die Auszeichnung \u201eMINT-freundliche Schule\u201c.<\/td>\n<\/tr>\n<tr>\n<td width=\"69\"><\/td>\n<td style=\"width: 872px; text-align: left;\" width=\"472\">Zum Schuljahresbeginn 2016\/17 erh\u00e4lt das Goerdeler die Auszeichnung &#8222;Medienscouts NRW-Schule&#8220;.<\/td>\n<\/tr>\n<tr>\n<td width=\"69\">2017<\/td>\n<td style=\"width: 872px; text-align: left;\" width=\"472\">Zum 1.2.2017 wird Herr Martin Mevius neuer stellvertretender Schulleiter. Er tritt die Nachfolge von Dr. Andreas M\u00fcller an, der die Schulleitung am Westfalen-Kolleg Paderborn \u00fcbernommen hatte.<\/td>\n<\/tr>\n<tr>\n<td width=\"69\"><\/td>\n<td style=\"width: 872px; text-align: left;\" width=\"472\">Im Juni unterzeichnen die Alme-Grundschule, die von F\u00fcrstenberg-Realschule und das Goerdeler ihren Kooperationsvertrag und bilden ein Netzwerk im Projekt &#8222;Zukunftsschulen NRW-Netzwerk Lernkultur \/ Individuelle F\u00f6rderung.&#8220;<\/td>\n<\/tr>\n<tr>\n<td width=\"69\"><\/td>\n<td style=\"width: 872px; text-align: left;\" width=\"472\">Im September wird anl\u00e4sslich des 50-j\u00e4hrigen Schuljubil\u00e4ums eine Schulfahrt nach Leipzig unternommen und ein Schulfest ausgerichtet. Zugleich wird das 25-j\u00e4hrige Jubil\u00e4um der Schulpartnerschaft mit dem Liceum II Marawskiego in Przemysl gefeiert.<\/td>\n<\/tr>\n<tr>\n<td width=\"69\">2018<\/td>\n<td style=\"width: 872px; text-align: left;\" width=\"472\">Das Goerdeler wird als &#8222;Schule im NRW Talentscouting&#8220; ausgezeichnet.<\/td>\n<\/tr>\n<tr>\n<td width=\"69\"><\/td>\n<td style=\"width: 872px; text-align: left;\" width=\"472\">Im Mai beschlie\u00dft der Landtag in D\u00fcsseldorf, dass die Gymnasien ab dem Schuljahr 2019\/20 von der achtj\u00e4hrigen Gymnasialzeit, genannt G8, im Regelfall wieder zu G9 zur\u00fcckkehren.<br \/>\nDie Schulkonferenz des Goerdeler-Gymnasiums folgt am 10. Oktober 2018 dieser Leitentscheidung einstimmig. Die Umstellung erfolgt Schuljahr 2019\/20 mit den Klassen 5 und 6.<\/td>\n<\/tr>\n<tr>\n<td width=\"69\">2019<\/td>\n<td style=\"width: 872px; text-align: left;\" width=\"472\">Die Schule wird als &#8222;MINT-freundliche Schule&#8220; erfolgreich rezertifiziert.<\/td>\n<\/tr>\n<tr>\n<td width=\"69\"><\/td>\n<td style=\"width: 872px; text-align: left;\" width=\"472\">Mit dem Schuljahr 2019\/20 wird ein Austauschprogramm mit der Attenborough Primary School in Sennelager aufgenommen.<\/td>\n<\/tr>\n<tr>\n<td width=\"69\">2020<\/td>\n<td style=\"width: 872px; text-align: left;\" width=\"472\">Das Goerdeler-Gymnasium wird als &#8222;Digitale Schule&#8220; ausgezeichnet und zum vierten Mal in Folge als &#8222;Medienscouts Schule NRW&#8220; geehrt.<\/td>\n<\/tr>\n<tr>\n<td width=\"69\">2021<\/td>\n<td style=\"width: 872px; text-align: left;\" width=\"472\">Zum Ende des Schuljahres 2020\/21 wird Schulleiterin Helga Lazar in den Ruhestand verabschiedet. Die kommissarische Schulleitung \u00fcbernimmt ihr bisheriger Stellvertreter Martin Mevius.<\/td>\n<\/tr>\n<tr>\n<td width=\"69\"><\/td>\n<td style=\"width: 872px; text-align: left;\" width=\"472\">Ab dem Schuljahr 2021\/22 werden von der Schule organisierte und von den Eltern finanzierte sch\u00fclereigene iPads als regul\u00e4res Arbeitsmittel in der Jahrgangsstufe EF eingef\u00fchrt.<\/td>\n<\/tr>\n<tr>\n<td width=\"69\"><\/td>\n<td style=\"width: 872px; text-align: left;\" width=\"472\">Im Dezember wird die bisherige Oberstufenkoordinatorin Manuela Ziemer als neue Schulleiterin in ihr Amt eingef\u00fchrt.<\/td>\n<\/tr>\n<tr>\n<td width=\"69\">2022<\/td>\n<td style=\"width: 872px; text-align: left;\" width=\"472\"><span id=\"page3R_mcid14\" class=\"markedContent\"><span dir=\"ltr\" role=\"presentation\">Als 18. Schule in Deutschland (und erste in Ostwest<\/span><span dir=\"ltr\" role=\"presentation\">falen<\/span><span dir=\"ltr\" role=\"presentation\">&#8211;<\/span><span dir=\"ltr\" role=\"presentation\">Lippe)<\/span> <span dir=\"ltr\" role=\"presentation\">wird<\/span> <span dir=\"ltr\" role=\"presentation\">das<\/span> <span dir=\"ltr\" role=\"presentation\">Goerdeler<\/span><span dir=\"ltr\" role=\"presentation\">&#8211;<\/span><span dir=\"ltr\" role=\"presentation\">Gymnasium<\/span> im Januar <span dir=\"ltr\" role=\"presentation\">mit<\/span><br role=\"presentation\" \/><span dir=\"ltr\" role=\"presentation\">dem Siegel<\/span> <em><span dir=\"ltr\" role=\"presentation\">Schule:Global<\/span><\/em> <span dir=\"ltr\" role=\"presentation\">ausgezeichnet.<\/span><\/span><\/td>\n<\/tr>\n<tr>\n<td width=\"69\"><\/td>\n<td style=\"width: 872px; text-align: left;\" width=\"472\">Im September wird die Auszeichnung &#8222;Jugend pr\u00e4sentiert &#8211; Schule&#8220; verliehen.<\/td>\n<\/tr>\n<tr>\n<td width=\"69\"><\/td>\n<td style=\"width: 872px; text-align: left;\" width=\"472\">Die Schulpartnerschaft mit dem Liceum II Marawskiego in Przemysl feiert 30-j\u00e4hriges Jubil\u00e4um.<\/td>\n<\/tr>\n<tr>\n<td width=\"69\">2023<\/td>\n<td style=\"width: 872px; text-align: left;\" width=\"472\">Das Goerdeler-Gymnasium erh\u00e4lt das Schulsiegel\u00a0 &#8222;Verbraucherschule&#8220; (Kategorie silber).<\/td>\n<\/tr>\n<tr>\n<td width=\"69\"><\/td>\n<td style=\"width: 872px; text-align: left;\" width=\"472\">Im Schuljahr 2022\/23 findet erstmals ein gegenseitiges Austauschprogramm mit dem Coll\u00e8ge Roger Vercel in Le Mans statt.<\/td>\n<\/tr>\n<tr>\n<td width=\"69\"><\/td>\n<td style=\"width: 872px; text-align: left;\" width=\"472\">Bis zum Jahr 2027 wird das Goerdeler f\u00fcr das Erasmus+ Programm der Europ\u00e4ischen Union akkredidiert.<\/td>\n<\/tr>\n<tr>\n<td width=\"69\"><\/td>\n<td style=\"width: 872px; text-align: left;\" width=\"472\">Als &#8222;Digitale Schule&#8220; wird das Goerdeler erfolgreich rezertifiziert.<br \/>\nZum siebten Mal in Folge gibt es die Auszeichnung zur Medienscouts Schule NRW&#8220; und zum dritten Mal zur &#8222;Medienscouts Schule gegen Cybermobbing&#8220;.<\/td>\n<\/tr>\n<tr>\n<td width=\"69\">2024<\/td>\n<td style=\"width: 872px; text-align: left;\" width=\"472\">Als erste Schule im Kreis Paderborn wird das Goerdeler in das Netzwerk &#8222;Schule der Vielfalt&#8220; aufgenommen.<\/td>\n<\/tr>\n<tr>\n<td width=\"69\"><\/td>\n<td style=\"width: 872px; text-align: left;\" width=\"472\">Das Goerdeler-Gymnasium wird als eine von bundesweit 22 Schulen zur &#8222;Verbraucherschule Gold&#8220; ernannt.<\/td>\n<\/tr>\n<tr>\n<td width=\"69\"><\/td>\n<td style=\"width: 872px; text-align: left;\" width=\"472\">Stephan Hauk wird zum stellvertretenden Schulleiter ernannt.<\/td>\n<\/tr>\n<tr>\n<td width=\"69\">2025<\/td>\n<td style=\"width: 872px; text-align: left;\" width=\"472\">Die Sch\u00fcler:innengenossenschaft FHG (=Fairer Handel Goerdeler) wird gegr\u00fcndet.<br \/>\nDas Goerdeler wird als erste Schule Paderborns als<em> Fairtrade School<\/em> ausgezeichnet.<\/td>\n<\/tr>\n<tr>\n<td width=\"69\"><\/td>\n<td style=\"width: 872px; text-align: left;\" width=\"472\">Zum vierten Mal in Folge wird das Goerdeler als <em>MINT-freundliche Schule<\/em> ausgezeichnet.<\/td>\n<\/tr>\n<tr>\n<td width=\"69\"><\/td>\n<td style=\"width: 872px; text-align: left;\" width=\"472\">Dem Goerdeler wird das &#8222;Europ\u00e4ische eTwinning Qualit\u00e4ssiegel 2025&#8220; verliehen.<\/td>\n<\/tr>\n<tr>\n<td width=\"69\">2026<\/td>\n<td style=\"width: 872px; text-align: left;\" width=\"472\">Zum zweiten Mal werden wir im M\u00e4rz als Verbraucherschule mit dem Goldstatus ausgezeichnet.<\/td>\n<\/tr>\n<\/tbody>\n<\/table>\n","protected":false},"excerpt":{"rendered":"<p>Daten und Fakten im geschichtlichen \u00dcberblick 1967 Mit dem Schuljahresbeginn 1967\/68 startet am 7. September das neue \u201eSt\u00e4dtische Neusprachliche Gymnasium f\u00fcr Jungen und M\u00e4dchen i.E.\u201c mit zwei Klassen 5 in zwei Pavillons neben der St. Georg-Volksschule an der Erzbergerstra\u00dfe. Es wird als erstes Gymnasium in Paderborn koedukativ gef\u00fchrt. Offizielle Ernennung des Schulleiters OStD Alfons Kohstall [&hellip;]<\/p>\n","protected":false},"author":14,"featured_media":0,"parent":4197,"menu_order":124,"comment_status":"closed","ping_status":"closed","template":"","meta":{"_themeisle_gutenberg_block_has_review":false,"_mc_calendar":[],"footnotes":""},"class_list":["post-5742","page","type-page","status-publish","hentry"],"_links":{"self":[{"href":"https:\/\/goerdeler.lspb.de\/wordpress\/wp-json\/wp\/v2\/pages\/5742","targetHints":{"allow":["GET"]}}],"collection":[{"href":"https:\/\/goerdeler.lspb.de\/wordpress\/wp-json\/wp\/v2\/pages"}],"about":[{"href":"https:\/\/goerdeler.lspb.de\/wordpress\/wp-json\/wp\/v2\/types\/page"}],"author":[{"embeddable":true,"href":"https:\/\/goerdeler.lspb.de\/wordpress\/wp-json\/wp\/v2\/users\/14"}],"replies":[{"embeddable":true,"href":"https:\/\/goerdeler.lspb.de\/wordpress\/wp-json\/wp\/v2\/comments?post=5742"}],"version-history":[{"count":17,"href":"https:\/\/goerdeler.lspb.de\/wordpress\/wp-json\/wp\/v2\/pages\/5742\/revisions"}],"predecessor-version":[{"id":19478,"href":"https:\/\/goerdeler.lspb.de\/wordpress\/wp-json\/wp\/v2\/pages\/5742\/revisions\/19478"}],"up":[{"embeddable":true,"href":"https:\/\/goerdeler.lspb.de\/wordpress\/wp-json\/wp\/v2\/pages\/4197"}],"wp:attachment":[{"href":"https:\/\/goerdeler.lspb.de\/wordpress\/wp-json\/wp\/v2\/media?parent=5742"}],"curies":[{"name":"wp","href":"https:\/\/api.w.org\/{rel}","templated":true}]}}