{"id":5751,"date":"2016-03-15T18:19:15","date_gmt":"2016-03-15T17:19:15","guid":{"rendered":"http:\/\/goerdeler.lspb.de\/wordpress\/?page_id=5751"},"modified":"2025-10-07T09:45:02","modified_gmt":"2025-10-07T07:45:02","slug":"physik","status":"publish","type":"page","link":"https:\/\/goerdeler.lspb.de\/wordpress\/unterricht\/physik\/","title":{"rendered":"Physik"},"content":{"rendered":"<div class=\"wp-block-image\">\n<figure class=\"alignright\"><a href=\"http:\/\/goerdeler.lspb.de\/wordpress\/wp-content\/uploads\/CollageFisica.jpg\" rel=\"attachment wp-att-5756\"><img loading=\"lazy\" decoding=\"async\" width=\"300\" height=\"217\" src=\"http:\/\/goerdeler.lspb.de\/wordpress\/wp-content\/uploads\/CollageFisica-300x217.jpg\" alt=\"CollageFisica\" class=\"wp-image-5756\" srcset=\"https:\/\/goerdeler.lspb.de\/wordpress\/wp-content\/uploads\/CollageFisica-300x217.jpg 300w, https:\/\/goerdeler.lspb.de\/wordpress\/wp-content\/uploads\/CollageFisica-768x555.jpg 768w, https:\/\/goerdeler.lspb.de\/wordpress\/wp-content\/uploads\/CollageFisica.jpg 831w\" sizes=\"(max-width: 300px) 100vw, 300px\" \/><\/a><\/figure>\n<\/div>\n\n\n<p>Physik ist die elementarste aller Naturwissenschaften.<\/p>\n\n\n\n<p>Erkenntnisse der&nbsp;Physik und ihrer Unterdisziplinen, wie etwa der Quantenmechanik oder der Astronomie, sind zu einem guten Teil Ursache&nbsp;f\u00fcr unseren technischen und damit auch sozialen Wohlstand &#8211; und f\u00fcr das Bild, das wir uns von der Welt machen. Physik und ihr Einfluss auf die Welt ist wie ein spannender Krimi: Voller \u00fcberraschender Wendungen, voll von interessanten Charakteren und ihren Geschichten.<\/p>\n\n\n\n<p><a href=\"https:\/\/de.wikipedia.org\/wiki\/Eratosthenes\">Erathostenes von Kyrene<\/a>, der um 274 v.Chr. bis um 194 v. Chr. lebte,&nbsp;konnte nur aus dem Vergleich zweier Schattenw\u00fcrfe&nbsp;nicht nur darauf schlie\u00dfen, dass die Erde rund ist, sondern auch noch ihren Umfang mit nur 4,2% Abweichung <a href=\"https:\/\/de.wikipedia.org\/wiki\/Eratosthenes#Bestimmung_des_Erdumfangs\">bestimmen<\/a>. Der <a href=\"https:\/\/de.wikipedia.org\/wiki\/Johannes_Kepler\">Astronom Johannes Kepler<\/a>&nbsp;konnte aus seinen Beobachtungen der Planetenbewegungen nicht nur darauf schlie\u00dfen, dass die Sonne im Zentrum unseres Sonnensystems steht, sondern auch wesentliche&nbsp;Eigenschaften der Bewegung der Planten (Bahnen und Geschwindigkeiten) <a href=\"https:\/\/de.wikipedia.org\/wiki\/Keplersche_Gesetze\">bestimmen<\/a>. <a href=\"https:\/\/de.wikipedia.org\/wiki\/Isaac_Newton\">Isaac Newton<\/a> fand den <a href=\"https:\/\/de.wikipedia.org\/wiki\/Philosophiae_Naturalis_Principia_Mathematica\">theoretischen Unterbau<\/a> dazu &#8211; als eine Art &#8222;Abfallprodukt&#8220;, das er zun\u00e4chst gar nicht ver\u00f6ffentlichen wollte und vom Astronom <a href=\"https:\/\/de.wikipedia.org\/wiki\/Edmond_Halley\">Edmond Halley<\/a>&nbsp;erst dazu mit Nachdruck ermuntert werden musste &#8211; denn Newton hatte schlechte Erfahrungen mit insbesondere einem neidischen Kollegen gemacht, der ihn in Misskredit bringen wollte: <a href=\"https:\/\/de.wikipedia.org\/wiki\/Robert_Hooke\">Robert Hooke<\/a>, nach dem noch heute das Elastizit\u00e4tsgesetz benannt ist (und von dem es kein Bild mehr gibt: Man vermutet, dass Newton das einzige Bild, das es von Hooke gab, aus sp\u00e4ter&nbsp;Rache verbrannt haben soll).<\/p>\n\n\n\n<figure class=\"wp-block-gallery aligncenter has-nested-images columns-default is-cropped wp-block-gallery-1 is-layout-flex wp-block-gallery-is-layout-flex\">\n<figure class=\"wp-block-image size-large\"><img loading=\"lazy\" decoding=\"async\" width=\"746\" height=\"1024\" data-id=\"5774\" src=\"https:\/\/goerdeler.lspb.de\/wordpress\/wp-content\/uploads\/Johannes_Kepler_1610-746x1024.jpg\" alt=\"\" class=\"wp-image-5774\" srcset=\"https:\/\/goerdeler.lspb.de\/wordpress\/wp-content\/uploads\/Johannes_Kepler_1610-746x1024.jpg 746w, https:\/\/goerdeler.lspb.de\/wordpress\/wp-content\/uploads\/Johannes_Kepler_1610-218x300.jpg 218w, https:\/\/goerdeler.lspb.de\/wordpress\/wp-content\/uploads\/Johannes_Kepler_1610-768x1055.jpg 768w, https:\/\/goerdeler.lspb.de\/wordpress\/wp-content\/uploads\/Johannes_Kepler_1610.jpg 1500w\" sizes=\"(max-width: 746px) 100vw, 746px\" \/><figcaption class=\"wp-element-caption\">Johannes Kepler<\/figcaption><\/figure>\n\n\n\n<figure class=\"wp-block-image size-large\"><img loading=\"lazy\" decoding=\"async\" width=\"844\" height=\"1024\" data-id=\"5772\" src=\"https:\/\/goerdeler.lspb.de\/wordpress\/wp-content\/uploads\/Sir_Isaac_Newton_by_Sir_Godfrey_Kneller_Bt-844x1024.jpg\" alt=\"\" class=\"wp-image-5772\" srcset=\"https:\/\/goerdeler.lspb.de\/wordpress\/wp-content\/uploads\/Sir_Isaac_Newton_by_Sir_Godfrey_Kneller_Bt-844x1024.jpg 844w, https:\/\/goerdeler.lspb.de\/wordpress\/wp-content\/uploads\/Sir_Isaac_Newton_by_Sir_Godfrey_Kneller_Bt-247x300.jpg 247w, https:\/\/goerdeler.lspb.de\/wordpress\/wp-content\/uploads\/Sir_Isaac_Newton_by_Sir_Godfrey_Kneller_Bt-768x932.jpg 768w\" sizes=\"(max-width: 844px) 100vw, 844px\" \/><figcaption class=\"wp-element-caption\">Isaac Newton<\/figcaption><\/figure>\n\n\n\n<figure class=\"wp-block-image size-large\"><img loading=\"lazy\" decoding=\"async\" width=\"776\" height=\"1024\" data-id=\"5773\" src=\"https:\/\/goerdeler.lspb.de\/wordpress\/wp-content\/uploads\/Edmund_Halley-776x1024.gif\" alt=\"\" class=\"wp-image-5773\" srcset=\"https:\/\/goerdeler.lspb.de\/wordpress\/wp-content\/uploads\/Edmund_Halley-776x1024.gif 776w, https:\/\/goerdeler.lspb.de\/wordpress\/wp-content\/uploads\/Edmund_Halley-227x300.gif 227w, https:\/\/goerdeler.lspb.de\/wordpress\/wp-content\/uploads\/Edmund_Halley-768x1014.gif 768w\" sizes=\"(max-width: 776px) 100vw, 776px\" \/><figcaption class=\"wp-element-caption\">Edmond Halley<\/figcaption><\/figure>\n<\/figure>\n\n\n\n<p><a href=\"https:\/\/de.wikipedia.org\/wiki\/Michael_Faraday\">Michael Faraday<\/a> war ein begnadeter Experimentator, dem wir nahezu alle Grundlagen des Elektromagnetismus verdanken &#8211; <a href=\"https:\/\/de.wikipedia.org\/wiki\/Michael_Faraday#.E2.80.9EElektromagnetische_Rotation.E2.80.9C\">Elektromotor und Generator<\/a> eingeschlossen. Etliche Tausend&nbsp;Experimente dokumentierte dieser unerm\u00fcdliche Forscher &#8211; und ver\u00f6ffentlichte dennoch nicht eine einzige Formel. Die brauchte er nicht: Er fand andere Wege der Beschreibung der von ihm gefundenen Ph\u00e4nomene, und noch heute benutzen wir Begriffe wie &#8222;Magnetfeld&#8220; oder &#8222;Feldlinien&#8220;, die er gepr\u00e4gt hat.<\/p>\n\n\n\n<p>Und wenn <a href=\"https:\/\/de.wikipedia.org\/wiki\/Heinrich_Hertz\">Heinrich Hertz<\/a> nicht unerm\u00fcdlich <a href=\"https:\/\/de.wikipedia.org\/wiki\/Hertzscher_Oszillator\">kleine Blitze zwischen zwei Elektroden<\/a> erzeugt h\u00e4tte, weil er davon \u00fcberzeugt war, dass es elektromagnetische Wellen geben muss &#8211; dann g\u00e4be es heute keine Handys, kein Fernsehen, nicht einmal Radio. Wahrscheinlich h\u00e4tten dann auch <a href=\"https:\/\/de.wikipedia.org\/wiki\/Albert_A._Michelson\">Michelson<\/a> &amp; <a href=\"https:\/\/de.wikipedia.org\/wiki\/Edward_W._Morley\">Morley<\/a> kein <a href=\"https:\/\/de.wikipedia.org\/wiki\/Michelson-Interferometer\">Interferometer<\/a> gebaut, mit dem sie die Konstanz der <a href=\"https:\/\/de.wikipedia.org\/wiki\/Lichtgeschwindigkeit\">Lichtgeschwindigkeit<\/a> nachwiesen und <a href=\"https:\/\/de.wikipedia.org\/wiki\/Albert_Einstein\">Einstein<\/a> h\u00e4tte darauf nicht seine <a href=\"https:\/\/de.wikipedia.org\/wiki\/Spezielle_Relativit\u00e4tstheorie\">Relativit\u00e4tstheorie<\/a> fu\u00dfen lassen k\u00f6nnen. Und auch <a href=\"https:\/\/de.wikipedia.org\/wiki\/Gravitationswelle\">Gravitationswellen<\/a> h\u00e4tte man dann nicht gefunden.<\/p>\n\n\n\n<p><a href=\"https:\/\/de.wikipedia.org\/wiki\/Max_Planck\">Max Planck<\/a> hingegen konnte sich Anfang des 19. Jh. kaum auf sichere Erkenntnisse berufen. Er musste bis dahin fundamental geglaubte Prinzipien der Physik \u00fcber Bord werfen, um die Quantentheorie aufstellen zu k\u00f6nnen &#8211; eine Tatsache, der er selbst zeitlebens nur schwer akzeptieren konnte. Aber nur so war erkl\u00e4rbar, dass <a href=\"https:\/\/de.wikipedia.org\/wiki\/Max_Planck#Plancksches_Strahlungsgesetz_und_Wirkungsquantum\">hei\u00dfe Gegenst\u00e4nde nicht irgendwann unsichtbar<\/a> werden. Eine&nbsp;von ihm gefundene Naturkonstante tr\u00e4gt noch heute die Bezeichnung <a href=\"https:\/\/de.wikipedia.org\/wiki\/Plancksches_Wirkungsquantum\">h<\/a> &#8211; sie war als Hilfsgr\u00f6\u00dfe gedacht, von der er hoffte, sie sp\u00e4ter, nach fortgeschrittener Rechnung, wieder eliminieren zu k\u00f6nnen. Heute ist sie eine der wichtigsten Naturkonstanten neben der Lichtgeschwindigkeit \u00fcberhaupt.<\/p>\n\n\n\n<figure class=\"wp-block-gallery aligncenter has-nested-images columns-default is-cropped wp-block-gallery-2 is-layout-flex wp-block-gallery-is-layout-flex\">\n<figure class=\"wp-block-image size-large\"><img loading=\"lazy\" decoding=\"async\" width=\"791\" height=\"1024\" data-id=\"5778\" src=\"https:\/\/goerdeler.lspb.de\/wordpress\/wp-content\/uploads\/M_Faraday_Th_Phillips_oil_1842-1-791x1024.jpg\" alt=\"\" class=\"wp-image-5778\" srcset=\"https:\/\/goerdeler.lspb.de\/wordpress\/wp-content\/uploads\/M_Faraday_Th_Phillips_oil_1842-1-791x1024.jpg 791w, https:\/\/goerdeler.lspb.de\/wordpress\/wp-content\/uploads\/M_Faraday_Th_Phillips_oil_1842-1-232x300.jpg 232w, https:\/\/goerdeler.lspb.de\/wordpress\/wp-content\/uploads\/M_Faraday_Th_Phillips_oil_1842-1-768x994.jpg 768w, https:\/\/goerdeler.lspb.de\/wordpress\/wp-content\/uploads\/M_Faraday_Th_Phillips_oil_1842-1.jpg 1110w\" sizes=\"(max-width: 791px) 100vw, 791px\" \/><figcaption class=\"wp-element-caption\">Michael Faraday<\/figcaption><\/figure>\n\n\n\n<figure class=\"wp-block-image size-large\"><img loading=\"lazy\" decoding=\"async\" width=\"816\" height=\"1024\" data-id=\"5780\" src=\"https:\/\/goerdeler.lspb.de\/wordpress\/wp-content\/uploads\/HEINRICH_HERTZ-816x1024.jpg\" alt=\"\" class=\"wp-image-5780\" srcset=\"https:\/\/goerdeler.lspb.de\/wordpress\/wp-content\/uploads\/HEINRICH_HERTZ-816x1024.jpg 816w, https:\/\/goerdeler.lspb.de\/wordpress\/wp-content\/uploads\/HEINRICH_HERTZ-239x300.jpg 239w, https:\/\/goerdeler.lspb.de\/wordpress\/wp-content\/uploads\/HEINRICH_HERTZ-768x964.jpg 768w, https:\/\/goerdeler.lspb.de\/wordpress\/wp-content\/uploads\/HEINRICH_HERTZ.jpg 1341w\" sizes=\"(max-width: 816px) 100vw, 816px\" \/><figcaption class=\"wp-element-caption\">Heinrich Hertz<\/figcaption><\/figure>\n\n\n\n<figure class=\"wp-block-image size-large\"><img loading=\"lazy\" decoding=\"async\" width=\"729\" height=\"1024\" data-id=\"5779\" src=\"https:\/\/goerdeler.lspb.de\/wordpress\/wp-content\/uploads\/Max_Planck_1858-1947-1-729x1024.jpg\" alt=\"\" class=\"wp-image-5779\" srcset=\"https:\/\/goerdeler.lspb.de\/wordpress\/wp-content\/uploads\/Max_Planck_1858-1947-1-729x1024.jpg 729w, https:\/\/goerdeler.lspb.de\/wordpress\/wp-content\/uploads\/Max_Planck_1858-1947-1-214x300.jpg 214w, https:\/\/goerdeler.lspb.de\/wordpress\/wp-content\/uploads\/Max_Planck_1858-1947-1-768x1079.jpg 768w, https:\/\/goerdeler.lspb.de\/wordpress\/wp-content\/uploads\/Max_Planck_1858-1947-1.jpg 1810w\" sizes=\"(max-width: 729px) 100vw, 729px\" \/><figcaption class=\"wp-element-caption\">Max Planck<\/figcaption><\/figure>\n<\/figure>\n\n\n\n<p>Auch heute wird der spannende Krimi weitergeschrieben, mit Forschungen am <a href=\"https:\/\/de.wikipedia.org\/wiki\/CERN\">CERN<\/a>, die regelm\u00e4\u00dfig helfen, unser Bild von den allerkleinsten Teilchen zu komplettieren. Mit Forschungen an Hochenergie- und Ultra-<a href=\"https:\/\/de.wikipedia.org\/wiki\/Ultrakurzpulslaser\">Kurzpulslasern<\/a>, die <a href=\"https:\/\/de.wikipedia.org\/wiki\/Kernfusion\">Kernfusion<\/a> erm\u00f6glichen sollen oder das Entstehen von Molek\u00fclen in einer Art Zeitlupe sichtbar machen.<\/p>\n\n\n\n<p>Die Physik ist spannend und bleibt spannend. Jeden Tag. Um es mit den Worten des wohl charismatischsten Physikers des 20. Jh.,&nbsp;<a href=\"https:\/\/de.wikipedia.org\/wiki\/Richard_Feynman\">Richard Feynman<\/a>, zu sagen:<\/p>\n\n\n\n<figure class=\"wp-block-gallery has-nested-images columns-default is-cropped wp-block-gallery-3 is-layout-flex wp-block-gallery-is-layout-flex\">\n<figure class=\"wp-block-image size-large\"><img loading=\"lazy\" decoding=\"async\" width=\"470\" height=\"541\" data-id=\"5781\" src=\"https:\/\/goerdeler.lspb.de\/wordpress\/wp-content\/uploads\/RichardFeynman-PaineMansionWoods1984_copyrightTamikoThiel_bw.jpg\" alt=\"\" class=\"wp-image-5781\" srcset=\"https:\/\/goerdeler.lspb.de\/wordpress\/wp-content\/uploads\/RichardFeynman-PaineMansionWoods1984_copyrightTamikoThiel_bw.jpg 470w, https:\/\/goerdeler.lspb.de\/wordpress\/wp-content\/uploads\/RichardFeynman-PaineMansionWoods1984_copyrightTamikoThiel_bw-261x300.jpg 261w\" sizes=\"(max-width: 470px) 100vw, 470px\" \/><figcaption class=\"wp-element-caption\">Richard Feynman<\/figcaption><\/figure>\n<\/figure>\n\n\n\n<blockquote class=\"wp-block-quote is-layout-flow wp-block-quote-is-layout-flow\">\n<p><em>\u201eDer Spa\u00df f\u00e4ngt erst dann an, wenn man die Regeln kennt. Im Universum aber sind wir momentan noch dabei, die Spielanleitung zu lesen.\u201c<\/em><\/p>\n<\/blockquote>\n\n\n\n<h2 class=\"wp-block-heading\">Sekundarstufe I<\/h2>\n\n\n\n<h3 class=\"wp-block-heading\"><a id=\"CurriculumSI\"><\/a>Curriculum Klassen 5-9<\/h3>\n\n\n\n<p>Unser schulinterner Lehrplan f\u00fcr die Sekundarstufe I steht <a href=\"https:\/\/goerdeler.lspb.de\/wordpress\/wp-content\/uploads\/GG_Fachschaft_Physik_Curriculum_SI_G9.pdf\" data-type=\"attachment\" data-id=\"18032\">hier zum Download bereit<\/a>.<\/p>\n\n\n\n<h3 class=\"wp-block-heading\"><a id=\"LehrmittelSI\"><\/a><br>Lehr- und Lernmittel<\/h3>\n\n\n\n<p>Im Physikunterricht der Sekundarstufe I finden folgende Schulb\u00fccher Verwendung: <\/p>\n\n\n\n<p>Klasse 6: Universum Physik. NRW G9, 5-6. Cornelsen 2019.<\/p>\n\n\n\n<p>Klasse 8-10: Universum Physik. NRW G9, 7-10. Cornelsen 2022.<\/p>\n\n\n\n<div class=\"wp-block-columns is-layout-flex wp-container-core-columns-is-layout-9d6595d7 wp-block-columns-is-layout-flex\">\n<div class=\"wp-block-column is-layout-flow wp-block-column-is-layout-flow\" style=\"flex-basis:100%\">\n<div class=\"wp-block-columns is-layout-flex wp-container-core-columns-is-layout-9d6595d7 wp-block-columns-is-layout-flex\">\n<div class=\"wp-block-column is-layout-flow wp-block-column-is-layout-flow\">\n<figure class=\"wp-block-image size-full\"><a href=\"https:\/\/goerdeler.lspb.de\/wordpress\/wp-content\/uploads\/Universum-56.jpg\"><img loading=\"lazy\" decoding=\"async\" width=\"363\" height=\"499\" src=\"https:\/\/goerdeler.lspb.de\/wordpress\/wp-content\/uploads\/Universum-56.jpg\" alt=\"\" class=\"wp-image-12561\" srcset=\"https:\/\/goerdeler.lspb.de\/wordpress\/wp-content\/uploads\/Universum-56.jpg 363w, https:\/\/goerdeler.lspb.de\/wordpress\/wp-content\/uploads\/Universum-56-218x300.jpg 218w\" sizes=\"(max-width: 363px) 100vw, 363px\" \/><\/a><\/figure>\n<\/div>\n\n\n\n<div class=\"wp-block-column is-layout-flow wp-block-column-is-layout-flow\">\n<figure class=\"wp-block-image size-full\"><a href=\"https:\/\/goerdeler.lspb.de\/wordpress\/wp-content\/uploads\/Universum-7_10.jpg\"><img loading=\"lazy\" decoding=\"async\" width=\"194\" height=\"266\" src=\"https:\/\/goerdeler.lspb.de\/wordpress\/wp-content\/uploads\/Universum-7_10.jpg\" alt=\"\" class=\"wp-image-12562\"\/><\/a><\/figure>\n<\/div>\n<\/div>\n<\/div>\n<\/div>\n\n\n\n<h2 class=\"wp-block-heading\">Sekundarstufe II<\/h2>\n\n\n\n<h3 class=\"wp-block-heading\"><a id=\"CurriculumSII\"><\/a>Curriculum<\/h3>\n\n\n\n<p>Klicken Sie <a href=\"https:\/\/goerdeler.lspb.de\/wordpress\/wp-content\/uploads\/SILP_GOSt_Physik_2024_02_20.pdf\" target=\"_blank\" rel=\"noreferrer noopener\">hier zum Anzeigen \/ Download der PDF-Datei<\/a>.<\/p>\n\n\n\n<h3 class=\"wp-block-heading\"><a id=\"LehrmittelSII\"><\/a>Lehr- und Lernmittel<\/h3>\n\n\n\n<p>In der Oberstufe&nbsp;kommt als Lehrwerk der Gesamtband &#8222;Fokus Physik Sek II&#8220; des Cornelsen-Verlages zum Einsatz.&nbsp;Wie auch in der Sek. I, haben sich in der Oberstufe verschiedene digitale Medien, insbesondere Simulationen, sehr bew\u00e4hrt<a href=\"#Links\"> (s.u.)<\/a>.<\/p>\n\n\n\n<div class=\"wp-block-columns is-layout-flex wp-container-core-columns-is-layout-9d6595d7 wp-block-columns-is-layout-flex\">\n<div class=\"wp-block-column is-layout-flow wp-block-column-is-layout-flow\" style=\"flex-basis:33.33%\">\n<figure class=\"wp-block-image size-full\"><a href=\"https:\/\/goerdeler.lspb.de\/wordpress\/wp-content\/uploads\/Fokus-Physik-SII-1.jpg\"><img loading=\"lazy\" decoding=\"async\" width=\"363\" height=\"499\" src=\"https:\/\/goerdeler.lspb.de\/wordpress\/wp-content\/uploads\/Fokus-Physik-SII-1.jpg\" alt=\"\" class=\"wp-image-12564\" srcset=\"https:\/\/goerdeler.lspb.de\/wordpress\/wp-content\/uploads\/Fokus-Physik-SII-1.jpg 363w, https:\/\/goerdeler.lspb.de\/wordpress\/wp-content\/uploads\/Fokus-Physik-SII-1-218x300.jpg 218w\" sizes=\"(max-width: 363px) 100vw, 363px\" \/><\/a><\/figure>\n<\/div>\n\n\n\n<div class=\"wp-block-column is-layout-flow wp-block-column-is-layout-flow\" style=\"flex-basis:66.66%\"><\/div>\n<\/div>\n\n\n\n\n\n<h2 class=\"wp-block-heading\"><a id=\"Leistungsbewertung\"><\/a>Leistungsbewertungskonzept<\/h2>\n\n\n\n<p>Grunds\u00e4tze der Leistungsbewertung k\u00f6nnen Sie ebenfalls nach Sekundarstufen getrennt einsehen. Bitte benutzen Sie die folgenden Links:<\/p>\n\n\n\n<ul class=\"wp-block-list\">\n<li>Das Leistungsbewertungskonzept ist Bestandteil des <a href=\"https:\/\/goerdeler.lspb.de\/wordpress\/wp-content\/uploads\/SILP_GOSt_Physik_2024_02_20.pdf\">Curriculums<\/a><\/li>\n<\/ul>\n\n\n\n<h2 class=\"wp-block-heading\"><a id=\"Lehrer\"><\/a>Lehrerinnen und Lehrer<\/h2>\n\n\n\n<p>Das Fach Physik unterrichten derzeit aktiv:<\/p>\n\n\n\n<ul class=\"wp-block-list\">\n<li><a rel=\"noopener noreferrer\" href=\"mailto:edohman1@lspb.de\" target=\"_blank\">Frau Dohmann<\/a><\/li>\n\n\n\n<li><a href=\"mailto:sglasch1@lspb.de\">Frau Glaschick<\/a><\/li>\n\n\n\n<li><a href=\"mailto:uhilwer1@lspb.de\" target=\"_blank\" rel=\"noopener noreferrer\">Herr Hilwerling<\/a><\/li>\n\n\n\n<li><a rel=\"noopener noreferrer\" href=\"mailto:rmichel1@lspb.de\" target=\"_blank\">Herr Dr. Michel<\/a><\/li>\n\n\n\n<li><a href=\"mailto:tschult1@lspb.de\">Herr Schultz<\/a><\/li>\n<\/ul>\n\n\n\n<p class=\"has-text-align-center\"><\/p>\n\n\n\n<h2 class=\"wp-block-heading\"><a id=\"Fachraeume\"><\/a>Fachr\u00e4ume<\/h2>\n\n\n\n<p>Der gesamte Bereich der Physiksammlung ist hell und modern mit Mobiliar neuester Generation ausgestattet.<\/p>\n\n\n<div class=\"wp-block-image\">\n<figure class=\"alignright\"><a href=\"http:\/\/goerdeler.lspb.de\/wordpress\/wp-content\/uploads\/Physik_Sammlung.jpg\" rel=\"attachment wp-att-5766\"><img loading=\"lazy\" decoding=\"async\" width=\"300\" height=\"169\" src=\"http:\/\/goerdeler.lspb.de\/wordpress\/wp-content\/uploads\/Physik_Sammlung-300x169.jpg\" alt=\"Physiksammlung\" class=\"wp-image-5766\" srcset=\"https:\/\/goerdeler.lspb.de\/wordpress\/wp-content\/uploads\/Physik_Sammlung-300x169.jpg 300w, https:\/\/goerdeler.lspb.de\/wordpress\/wp-content\/uploads\/Physik_Sammlung-768x432.jpg 768w, https:\/\/goerdeler.lspb.de\/wordpress\/wp-content\/uploads\/Physik_Sammlung-1024x576.jpg 1024w\" sizes=\"(max-width: 300px) 100vw, 300px\" \/><\/a><\/figure>\n<\/div>\n\n\n<p>Rechts sehen Sie einen Blick in unsere gro\u00dfz\u00fcgige Sammlung zur Unterrichtsvorbereitung.<\/p>\n\n\n\n<p>Der Fachbereich Physik ist stets bem\u00fcht,&nbsp;Demonstrationsapparate und Sch\u00fcler\u00fcbungen auf dem neuesten Stand zu halten. Unsere umfangreiche Sammlung von Sch\u00fcler\u00fcbungen umfasst folgende Fachgebiete:<\/p>\n\n\n\n<ul class=\"wp-block-list\">\n<li><a href=\"http:\/\/www.mekruphy.com\/Elektrik_1.html\" target=\"_blank\" rel=\"noopener noreferrer\">Elektromagnetismus&nbsp;Sek. I (Stromkreise, Magnetismus)<\/a>&nbsp;und&nbsp;Sek. II (Magnetismus, Untersuchungen an Wechselspannungen und magnetischen Wechselfeldern mithilfe von Funktionsgeneratoren und Digitaloszilloskopen)<\/li>\n\n\n\n<li><a href=\"http:\/\/www.mekruphy.com\/mechanik-2.html\" target=\"_blank\" rel=\"noopener noreferrer\">Mechanik Sek. I (Kr\u00e4fte, Kinematik)<\/a>&nbsp;und Sek. II <a href=\"http:\/\/www.mekruphy.com\/mechanik-3.html\" target=\"_blank\" rel=\"noopener noreferrer\">(Kinematik \/ Dynamik)<\/a><\/li>\n\n\n\n<li><a href=\"http:\/\/www.mekruphy.com\/waerme-2.html\" target=\"_blank\" rel=\"noopener noreferrer\">W\u00e4rmelehre Sek. I<\/a><\/li>\n\n\n\n<li><a href=\"http:\/\/www.mekruphy.com\/optik-3.html\" target=\"_blank\" rel=\"noopener noreferrer\">Optik Sek. I<\/a><\/li>\n\n\n\n<li><a href=\"http:\/\/www.mekruphy.com\/radioaktivitaet.html\" target=\"_blank\" rel=\"noopener noreferrer\">Radioaktivit\u00e4t Sek. I und Sek. II<\/a><\/li>\n\n\n\n<li><a href=\"http:\/\/www.mekruphy.com\/wellen.html\" target=\"_blank\" rel=\"noopener noreferrer\">Schwingungen und Wellen Sek. II<\/a><\/li>\n<\/ul>\n\n\n\n<p>Moderne digitale Messsysteme erm\u00f6glichen es uns, Messergebnisse f\u00fcr die Sch\u00fclerinnen und Sch\u00fcler einfach zu pr\u00e4sentieren, vervielf\u00e4ltigen und zu archivieren.<\/p>\n\n\n\n<figure class=\"wp-block-gallery aligncenter has-nested-images columns-default is-cropped wp-block-gallery-4 is-layout-flex wp-block-gallery-is-layout-flex\">\n<figure class=\"wp-block-image size-large\"><img loading=\"lazy\" decoding=\"async\" width=\"640\" height=\"480\" data-id=\"14226\" src=\"https:\/\/goerdeler.lspb.de\/wordpress\/wp-content\/uploads\/Physik2-rotated.jpg\" alt=\"\" class=\"wp-image-14226\" srcset=\"https:\/\/goerdeler.lspb.de\/wordpress\/wp-content\/uploads\/Physik2-rotated.jpg 640w, https:\/\/goerdeler.lspb.de\/wordpress\/wp-content\/uploads\/Physik2-300x225.jpg 300w, https:\/\/goerdeler.lspb.de\/wordpress\/wp-content\/uploads\/Physik2-585x440.jpg 585w, https:\/\/goerdeler.lspb.de\/wordpress\/wp-content\/uploads\/Physik2-230x172.jpg 230w\" sizes=\"(max-width: 640px) 100vw, 640px\" \/><\/figure>\n\n\n\n<figure class=\"wp-block-image size-large\"><img loading=\"lazy\" decoding=\"async\" width=\"640\" height=\"480\" data-id=\"14225\" src=\"https:\/\/goerdeler.lspb.de\/wordpress\/wp-content\/uploads\/Physik1-rotated.jpg\" alt=\"\" class=\"wp-image-14225\" srcset=\"https:\/\/goerdeler.lspb.de\/wordpress\/wp-content\/uploads\/Physik1-rotated.jpg 640w, https:\/\/goerdeler.lspb.de\/wordpress\/wp-content\/uploads\/Physik1-300x225.jpg 300w, https:\/\/goerdeler.lspb.de\/wordpress\/wp-content\/uploads\/Physik1-585x440.jpg 585w, https:\/\/goerdeler.lspb.de\/wordpress\/wp-content\/uploads\/Physik1-230x172.jpg 230w\" sizes=\"(max-width: 640px) 100vw, 640px\" \/><\/figure>\n\n\n\n<figure class=\"wp-block-image size-large\"><img loading=\"lazy\" decoding=\"async\" width=\"640\" height=\"480\" data-id=\"14228\" src=\"https:\/\/goerdeler.lspb.de\/wordpress\/wp-content\/uploads\/Physik4.jpg\" alt=\"\" class=\"wp-image-14228\" srcset=\"https:\/\/goerdeler.lspb.de\/wordpress\/wp-content\/uploads\/Physik4.jpg 640w, https:\/\/goerdeler.lspb.de\/wordpress\/wp-content\/uploads\/Physik4-300x225.jpg 300w, https:\/\/goerdeler.lspb.de\/wordpress\/wp-content\/uploads\/Physik4-585x440.jpg 585w, https:\/\/goerdeler.lspb.de\/wordpress\/wp-content\/uploads\/Physik4-230x172.jpg 230w\" sizes=\"(max-width: 640px) 100vw, 640px\" \/><\/figure>\n\n\n\n<figure class=\"wp-block-image size-large\"><img loading=\"lazy\" decoding=\"async\" width=\"640\" height=\"480\" data-id=\"14227\" src=\"https:\/\/goerdeler.lspb.de\/wordpress\/wp-content\/uploads\/Physik3-rotated.jpg\" alt=\"\" class=\"wp-image-14227\" srcset=\"https:\/\/goerdeler.lspb.de\/wordpress\/wp-content\/uploads\/Physik3-rotated.jpg 640w, https:\/\/goerdeler.lspb.de\/wordpress\/wp-content\/uploads\/Physik3-300x225.jpg 300w, https:\/\/goerdeler.lspb.de\/wordpress\/wp-content\/uploads\/Physik3-585x440.jpg 585w, https:\/\/goerdeler.lspb.de\/wordpress\/wp-content\/uploads\/Physik3-230x172.jpg 230w\" sizes=\"(max-width: 640px) 100vw, 640px\" \/><\/figure>\n<\/figure>\n\n\n\n<h2 class=\"wp-block-heading\"><a id=\"Wettbewerbe\"><\/a>Wettbewerbe<\/h2>\n\n\n\n<p>Der Fachbereich Physik nimmt regelm\u00e4\u00dfig mit unterschiedlichen Gruppen an Sch\u00fclerwettbewerben wie <a href=\"http:\/\/www.freestyle-physics.de\">Freestyle-Physics<\/a> teil.<\/p>\n\n\n\n<h2 class=\"wp-block-heading\"><a id=\"Links\"><\/a>Links<\/h2>\n\n\n\n<p>Im Unterricht kommen zur Veranschaulichung h\u00e4ufig webbasierte Simulations-Apps zum Einsatz. Hier einige Einstiegspunkte:<\/p>\n\n\n\n<ul class=\"wp-block-list\">\n<li><a href=\"http:\/\/www.leifiphysik.de\">Leifiphysik<\/a><\/li>\n\n\n\n<li><a href=\"http:\/\/phet.colorado.edu\">Physics in Education and Technology (PHET)<\/a><\/li>\n\n\n\n<li><a href=\"https:\/\/bid.lspb.de\/Download\/Document\/1196388\/\">\u00d6tzi, wie alt bist du? (PDF)<\/a><br>Ein Projekt des Physik-GK (Abi 2004)<\/li>\n<\/ul>\n\n\n\n<h2 class=\"wp-block-heading\">Veranstaltungen und Ereignisse<\/h2>\n\n\n<div class=\"wp-block-themeisle-blocks-posts-grid\" id=\"wp-block-themeisle-blocks-posts-grid-4a68ffaa\"><div class=\"is-list\"><\/div> <\/div>\n\n\n<hr class=\"wp-block-separator has-css-opacity\"\/>\n\n\n\n<p>(Hinweis: Alle Abbildungen auf dieser Seite sind gemeinfrei)<\/p>\n","protected":false},"excerpt":{"rendered":"<p>Physik ist die elementarste aller Naturwissenschaften. Erkenntnisse der&nbsp;Physik und ihrer Unterdisziplinen, wie etwa der Quantenmechanik oder der Astronomie, sind zu einem guten Teil Ursache&nbsp;f\u00fcr unseren technischen und damit auch sozialen Wohlstand &#8211; und f\u00fcr das Bild, das wir uns von der Welt machen. Physik und ihr Einfluss auf die Welt ist wie ein spannender Krimi: [&hellip;]<\/p>\n","protected":false},"author":2,"featured_media":0,"parent":4384,"menu_order":103,"comment_status":"closed","ping_status":"closed","template":"","meta":{"_themeisle_gutenberg_block_has_review":false,"_mc_calendar":[],"footnotes":""},"class_list":["post-5751","page","type-page","status-publish","hentry"],"_links":{"self":[{"href":"https:\/\/goerdeler.lspb.de\/wordpress\/wp-json\/wp\/v2\/pages\/5751","targetHints":{"allow":["GET"]}}],"collection":[{"href":"https:\/\/goerdeler.lspb.de\/wordpress\/wp-json\/wp\/v2\/pages"}],"about":[{"href":"https:\/\/goerdeler.lspb.de\/wordpress\/wp-json\/wp\/v2\/types\/page"}],"author":[{"embeddable":true,"href":"https:\/\/goerdeler.lspb.de\/wordpress\/wp-json\/wp\/v2\/users\/2"}],"replies":[{"embeddable":true,"href":"https:\/\/goerdeler.lspb.de\/wordpress\/wp-json\/wp\/v2\/comments?post=5751"}],"version-history":[{"count":50,"href":"https:\/\/goerdeler.lspb.de\/wordpress\/wp-json\/wp\/v2\/pages\/5751\/revisions"}],"predecessor-version":[{"id":18441,"href":"https:\/\/goerdeler.lspb.de\/wordpress\/wp-json\/wp\/v2\/pages\/5751\/revisions\/18441"}],"up":[{"embeddable":true,"href":"https:\/\/goerdeler.lspb.de\/wordpress\/wp-json\/wp\/v2\/pages\/4384"}],"wp:attachment":[{"href":"https:\/\/goerdeler.lspb.de\/wordpress\/wp-json\/wp\/v2\/media?parent=5751"}],"curies":[{"name":"wp","href":"https:\/\/api.w.org\/{rel}","templated":true}]}}