{"id":6196,"date":"2016-05-06T16:02:47","date_gmt":"2016-05-06T14:02:47","guid":{"rendered":"http:\/\/goerdeler.lspb.de\/wordpress\/?page_id=6196"},"modified":"2016-05-06T16:02:47","modified_gmt":"2016-05-06T14:02:47","slug":"staedtische-musikschule","status":"publish","type":"page","link":"https:\/\/goerdeler.lspb.de\/wordpress\/staedtische-musikschule\/","title":{"rendered":"St\u00e4dtische Musikschule"},"content":{"rendered":"<p style=\"text-align: left;\">Seit dem Jahr 2003 kooperiert das Goerdeler Gymnasium im Projekt Bl\u00e4serklasse mit der <a href=\"http:\/\/www.paderborn.de\/microsite\/musikschule\/index.php\">St\u00e4dtischen Musikschule Paderborn<\/a>.<br \/>\nW\u00f6chentlich kommen\u00a0 Instrumentallehrer f\u00fcr Querfl\u00f6te, Klarinette, Saxophon, Trompete, Posaune und Euphonium ins Goerdeler, um die Sch\u00fclerinnen und Sch\u00fcler aus den Bl\u00e4serklassen im gew\u00e4hlten Instrument\u00a0 zu unterrichten. Oft wird dieser Gruppenunterricht auch nach dem Ende der Klasse 6 auf diese Weise im Goerdeler weitergef\u00fchrt, so dass f\u00fcr alle Beteiligten weite Wege zum Instrumentalunterricht entfallen und das Instrumentalspiel oft direkt im Anschluss an den Unterricht stattfinden kann.<a href=\"http:\/\/goerdeler.lspb.de\/wordpress\/wp-content\/uploads\/Logo-Musikschule.bmp\" rel=\"attachment wp-att-6197\"><img loading=\"lazy\" decoding=\"async\" class=\" wp-image-6197 aligncenter\" src=\"http:\/\/goerdeler.lspb.de\/wordpress\/wp-content\/uploads\/Logo-Musikschule.bmp\" alt=\"Logo Musikschule\" width=\"654\" height=\"115\" \/><\/a>Das Goerdeler-Gymnasium nimmt regelm\u00e4\u00dfig an den \u201eMusikschultagen\u201c teil, bei denen sich die verschiedensten Fachbereiche und Gruppen, sowie die Kooperationspartner der Musikschule der \u00d6ffentlichkeit vorstellen. N\u00e4here Hinweise zum Projekt Bl\u00e4serklasse <a href=\"http:\/\/goerdeler.lspb.de\/wordpress\/unsere-schule\/blaeserklasse\/\">hier<\/a>.<\/p>\n<p style=\"text-align: left;\">\n","protected":false},"excerpt":{"rendered":"<p>Seit dem Jahr 2003 kooperiert das Goerdeler Gymnasium im Projekt Bl\u00e4serklasse mit der St\u00e4dtischen Musikschule Paderborn. W\u00f6chentlich kommen\u00a0 Instrumentallehrer f\u00fcr Querfl\u00f6te, Klarinette, Saxophon, Trompete, Posaune und Euphonium ins Goerdeler, um die Sch\u00fclerinnen und Sch\u00fcler aus den Bl\u00e4serklassen im gew\u00e4hlten Instrument\u00a0 zu unterrichten. Oft wird dieser Gruppenunterricht auch nach dem Ende der Klasse 6 auf diese [&hellip;]<\/p>\n","protected":false},"author":14,"featured_media":0,"parent":0,"menu_order":8,"comment_status":"closed","ping_status":"closed","template":"","meta":{"_themeisle_gutenberg_block_has_review":false,"_mc_calendar":[],"footnotes":""},"class_list":["post-6196","page","type-page","status-publish","hentry"],"_links":{"self":[{"href":"https:\/\/goerdeler.lspb.de\/wordpress\/wp-json\/wp\/v2\/pages\/6196","targetHints":{"allow":["GET"]}}],"collection":[{"href":"https:\/\/goerdeler.lspb.de\/wordpress\/wp-json\/wp\/v2\/pages"}],"about":[{"href":"https:\/\/goerdeler.lspb.de\/wordpress\/wp-json\/wp\/v2\/types\/page"}],"author":[{"embeddable":true,"href":"https:\/\/goerdeler.lspb.de\/wordpress\/wp-json\/wp\/v2\/users\/14"}],"replies":[{"embeddable":true,"href":"https:\/\/goerdeler.lspb.de\/wordpress\/wp-json\/wp\/v2\/comments?post=6196"}],"version-history":[{"count":8,"href":"https:\/\/goerdeler.lspb.de\/wordpress\/wp-json\/wp\/v2\/pages\/6196\/revisions"}],"predecessor-version":[{"id":6205,"href":"https:\/\/goerdeler.lspb.de\/wordpress\/wp-json\/wp\/v2\/pages\/6196\/revisions\/6205"}],"wp:attachment":[{"href":"https:\/\/goerdeler.lspb.de\/wordpress\/wp-json\/wp\/v2\/media?parent=6196"}],"curies":[{"name":"wp","href":"https:\/\/api.w.org\/{rel}","templated":true}]}}