{"id":6981,"date":"2017-03-23T15:19:25","date_gmt":"2017-03-23T14:19:25","guid":{"rendered":"http:\/\/goerdeler.lspb.de\/wordpress\/?page_id=6981"},"modified":"2026-03-03T14:05:00","modified_gmt":"2026-03-03T13:05:00","slug":"sport","status":"publish","type":"page","link":"https:\/\/goerdeler.lspb.de\/wordpress\/unterricht\/sport\/","title":{"rendered":"Sport"},"content":{"rendered":"\n<h2 class=\"wp-block-heading\"><b><strong>Einf\u00fchrung und Profil<\/strong><\/b><\/h2>\n\n\n\n<p><strong><em>&nbsp;<\/em><\/strong><strong><em>\u201eDer Sport ist die Sozialisationsinstanz f\u00fcr eine regelgeleitete Konkurrenzgesellschaft\u201c<\/em><\/strong><\/p>\n\n\n\n<p>Unbestreitbar liegt der Wettstreit in der Natur des Menschen verankert. Im Sport hat unsere Gesellschaft diese Veranlagung des Menschen kultiviert und schafft einen Ausgleich zu den immer geringer werdenden k\u00f6rperlichen Beanspruchungen, um unseren K\u00f6rper gesund zu erhalten, der dem kulturellen Wandel nicht in gleicher Geschwindigkeit zu folgen vermag. Zugleich wird im Sport der Wettstreit Regeln unterworfen, die sicherstellen, dass zentrale Werte unserer Gesellschaft den Konkurrenzkampf begleiten. Leistungsbereitschaft, Selbstbewusstsein, Gesundheit, Fairness, Respekt und R\u00fccksichtnahme sind nur einige Stichworte in der breiten Palette der Tugenden, deren F\u00f6rderung dem Sport zugesprochen werden. So sollte unser koedukativer Sportunterricht im Sinne einer ganzheitlichen Bildung nicht nur Freude an Bewegung vermitteln und der k\u00f6rperlichen Ausbildung der Sch\u00fclerinnen und Sch\u00fcler dienen, sondern gleichfalls das soziale Miteinander in den Blick nehmen und insbesondere im Leistungskurs der Oberstufe Entwicklungen im modernen Sporttreiben, wie z.B. die Leistungsideologie im Spitzensport oder die zunehmende Kommerzialisierung mancher Sportarten, kritisch hinterfragen.<\/p>\n\n\n\n<h2 class=\"wp-block-heading\"><b><strong>Sekundarstufe I<\/strong><\/b><\/h2>\n\n\n\n<p><\/p>\n\n\n\n<ul class=\"wp-block-list\">\n<li><a href=\"https:\/\/goerdeler.lspb.de\/wordpress\/wp-content\/uploads\/SiLP_GG_SPORT_SEK1-\u2013-2025.pdf\">Curriculum Klassen 5 bis 10<\/a><\/li>\n<\/ul>\n\n\n\n<h2 class=\"wp-block-heading\"><b><strong>Sekundarstufe II<\/strong><\/b><\/h2>\n\n\n\n<ul class=\"wp-block-list\">\n<li><a href=\"https:\/\/bid.lspb.de\/explorer\/ViewDocument\/1231135\/\">Curriculum Jahrgangsstufe EF und Q1\/Q2 &#8211; GK<\/a>   (derzeit in \u00dcberarbeitung)<\/li>\n\n\n\n<li><a href=\"https:\/\/bid.lspb.de\/explorer\/ViewDocument\/1230721\/\">Curriculum Jahrgangsstufe Q1\/Q2 &#8211; LK<\/a>  (derzeit in \u00dcberarbeitung)<\/li>\n<\/ul>\n\n\n\n<h2 class=\"wp-block-heading\"><b><strong>Lehrerinnen und Lehrer<\/strong>&nbsp;<\/b><\/h2>\n\n\n\n<p>Zurzeit unterrichten an unserer Schule folgende Lehrerinnen und Lehrer das Fach Sport:<\/p>\n\n\n\n<figure class=\"wp-block-table\"><table><tbody><tr><td>Frau Bunse<\/td><td>Sport, Biologie<\/td><\/tr><tr><td>Herr Kost<\/td><td>Sport, Englisch<\/td><\/tr><tr><td>Herr Lucas<\/td><td>Sport, Erdkunde <\/td><\/tr><tr><td>Frau Masukowitz<\/td><td>Sport, Erdkunde<\/td><\/tr><tr><td>Frau Pruhs<\/td><td>Sport, Mathematik<\/td><\/tr><tr><td>Herr Rehberg<\/td><td>Sport, Deutsch<\/td><\/tr><tr><td>Herr Schumacher, F.<\/td><td>Sport, Englisch<\/td><\/tr><tr><td>Herr Strotmann<\/td><td>Sport, Deutsch<\/td><\/tr><tr><td>Herr Szymanski<\/td><td>Sport, Mathematik<\/td><\/tr><tr><td>Frau Witte<\/td><td>Sport, Biologie<\/td><\/tr><\/tbody><\/table><\/figure>\n\n\n\n<h2 class=\"wp-block-heading\"><b><strong>Sportanlagen<\/strong><\/b><\/h2>\n\n\n\n<h3 class=\"wp-block-heading\"><\/h3>\n\n\n\n<p>Unsere Schule verf\u00fcgt \u00fcber eine gro\u00dfe dreiteilige Sporthalle, die sich sogar trockenen Fu\u00dfes von der Pausenhalle erreichen l\u00e4sst.<br><\/p>\n\n\n<div class=\"wp-block-image\">\n<figure class=\"alignright\"><img loading=\"lazy\" decoding=\"async\" width=\"300\" height=\"169\" src=\"http:\/\/goerdeler.lspb.de\/wordpress\/wp-content\/uploads\/Halle-Parkours-300x169.jpg\" alt=\"\" class=\"wp-image-6987\" srcset=\"https:\/\/goerdeler.lspb.de\/wordpress\/wp-content\/uploads\/Halle-Parkours-300x169.jpg 300w, https:\/\/goerdeler.lspb.de\/wordpress\/wp-content\/uploads\/Halle-Parkours-768x432.jpg 768w, https:\/\/goerdeler.lspb.de\/wordpress\/wp-content\/uploads\/Halle-Parkours.jpg 1024w\" sizes=\"(max-width: 300px) 100vw, 300px\" \/><\/figure>\n<\/div>\n\n\n<h3 class=\"wp-block-heading\">Au\u00dfenanlagen<\/h3>\n\n\n<div class=\"wp-block-image\">\n<figure class=\"alignleft\"><img loading=\"lazy\" decoding=\"async\" width=\"300\" height=\"200\" src=\"http:\/\/goerdeler.lspb.de\/wordpress\/wp-content\/uploads\/GG-Sporthalle2013-07-VoBa-300x200.jpg\" alt=\"\" class=\"wp-image-6986\" srcset=\"https:\/\/goerdeler.lspb.de\/wordpress\/wp-content\/uploads\/GG-Sporthalle2013-07-VoBa-300x200.jpg 300w, https:\/\/goerdeler.lspb.de\/wordpress\/wp-content\/uploads\/GG-Sporthalle2013-07-VoBa-768x512.jpg 768w, https:\/\/goerdeler.lspb.de\/wordpress\/wp-content\/uploads\/GG-Sporthalle2013-07-VoBa.jpg 1024w\" sizes=\"(max-width: 300px) 100vw, 300px\" \/><\/figure>\n<\/div>\n\n\n<p><p>Direkt neben unserem Schulgeb\u00e4ude liegen unsere Sportfreianlagen. Dazu geh\u00f6ren neben zus\u00e4tzlichen Umkleider\u00e4umen mit Duschen ein gro\u00dfer Sportplatz mit einem mit Naturrasen versehenen Gro\u00dfspielfeld, um den eine 400m lange Laufbahn angelegt ist, und ein Kleinspielfeld mit Tartanbelag. F\u00fcr weitere leichtathletische Disziplinen sind f\u00fcnf Weitsprung- und zwei Kugelsto\u00dfanlagen vorhanden.<\/p> <\/p>\n\n\n\n<figure class=\"wp-block-table\"><table><tbody><tr><td><figure><img loading=\"lazy\" decoding=\"async\" class=\"wp-image-6993 aligncenter\" src=\"http:\/\/goerdeler.lspb.de\/wordpress\/wp-content\/uploads\/GG-Sportplatz2-2014-300x225.jpg\" width=\"460\" height=\"345\" srcset=\"https:\/\/goerdeler.lspb.de\/wordpress\/wp-content\/uploads\/GG-Sportplatz2-2014-300x225.jpg 300w, https:\/\/goerdeler.lspb.de\/wordpress\/wp-content\/uploads\/GG-Sportplatz2-2014-768x576.jpg 768w, https:\/\/goerdeler.lspb.de\/wordpress\/wp-content\/uploads\/GG-Sportplatz2-2014.jpg 1024w, https:\/\/goerdeler.lspb.de\/wordpress\/wp-content\/uploads\/GG-Sportplatz2-2014-585x440.jpg 585w, https:\/\/goerdeler.lspb.de\/wordpress\/wp-content\/uploads\/GG-Sportplatz2-2014-230x172.jpg 230w\" sizes=\"(max-width: 460px) 100vw, 460px\" \/><\/figure><\/td><td><figure><img loading=\"lazy\" decoding=\"async\" class=\"wp-image-6992 aligncenter\" src=\"http:\/\/goerdeler.lspb.de\/wordpress\/wp-content\/uploads\/GG-Sportplatz1-2014-300x225.jpg\" width=\"460\" height=\"345\" srcset=\"https:\/\/goerdeler.lspb.de\/wordpress\/wp-content\/uploads\/GG-Sportplatz1-2014-300x225.jpg 300w, https:\/\/goerdeler.lspb.de\/wordpress\/wp-content\/uploads\/GG-Sportplatz1-2014-768x576.jpg 768w, https:\/\/goerdeler.lspb.de\/wordpress\/wp-content\/uploads\/GG-Sportplatz1-2014.jpg 1024w, https:\/\/goerdeler.lspb.de\/wordpress\/wp-content\/uploads\/GG-Sportplatz1-2014-585x440.jpg 585w, https:\/\/goerdeler.lspb.de\/wordpress\/wp-content\/uploads\/GG-Sportplatz1-2014-230x172.jpg 230w\" sizes=\"(max-width: 460px) 100vw, 460px\" \/><\/figure><\/td><\/tr><tr><td><figure><img loading=\"lazy\" decoding=\"async\" class=\"wp-image-6991 aligncenter\" src=\"http:\/\/goerdeler.lspb.de\/wordpress\/wp-content\/uploads\/GG-SportHartplatz2013-07-FuBa-300x200.jpg\" width=\"460\" height=\"307\" srcset=\"https:\/\/goerdeler.lspb.de\/wordpress\/wp-content\/uploads\/GG-SportHartplatz2013-07-FuBa-300x200.jpg 300w, https:\/\/goerdeler.lspb.de\/wordpress\/wp-content\/uploads\/GG-SportHartplatz2013-07-FuBa-768x512.jpg 768w, https:\/\/goerdeler.lspb.de\/wordpress\/wp-content\/uploads\/GG-SportHartplatz2013-07-FuBa.jpg 1024w\" sizes=\"(max-width: 460px) 100vw, 460px\" \/><\/figure><\/td><td>&nbsp;<\/td><\/tr><\/tbody><\/table><\/figure>\n\n\n\n<p>Wegen der fu\u00dfl\u00e4ufigen N\u00e4he zum <a href=\"http:\/\/www.ahorn-sportpark.de\/\"><strong>Ahorn-Sportpark<\/strong><\/a> nutzen wir dessen Anlagen h\u00e4ufig zus\u00e4tzlich in der Sekundarstufe II (z.B. Abiturpr\u00fcfungen).<\/p>\n\n\n\n<h3 class=\"wp-block-heading\">Hallenbad<\/h3>\n\n\n\n<p><span style=\"font-size: inherit;\">Der Schwimmunterricht unserer Schule findet in der Schwimmoper in Paderborn statt. <\/span><\/p>\n\n\n\n<h2 class=\"wp-block-heading\"><strong>Arbeitsgruppen, Projekte und Aktivit\u00e4ten<\/strong><\/h2>\n\n\n\n<h3 class=\"wp-block-heading\">Arbeitsgruppen<\/h3>\n\n\n\n<p>An unserer Schule werden in der Sekundarstufe I regelm\u00e4\u00dfig verschiedene Sport-Arbeitsgemeinschaften (Akrobatik, Tanzen, Fu\u00dfball&#8230;) angeboten.<\/p>\n\n\n\n<figure class=\"wp-block-table\"><table><tbody><tr><td><figure><img loading=\"lazy\" decoding=\"async\" class=\"aligncenter wp-image-7019\" src=\"http:\/\/goerdeler.lspb.de\/wordpress\/wp-content\/uploads\/Akrobatik-1-06-2015-Sommerkonzert-GG-300x200.jpg\" width=\"300\" height=\"200\" srcset=\"https:\/\/goerdeler.lspb.de\/wordpress\/wp-content\/uploads\/Akrobatik-1-06-2015-Sommerkonzert-GG-300x200.jpg 300w, https:\/\/goerdeler.lspb.de\/wordpress\/wp-content\/uploads\/Akrobatik-1-06-2015-Sommerkonzert-GG-768x512.jpg 768w, https:\/\/goerdeler.lspb.de\/wordpress\/wp-content\/uploads\/Akrobatik-1-06-2015-Sommerkonzert-GG.jpg 1024w\" sizes=\"(max-width: 300px) 100vw, 300px\" \/><\/figure><\/td><td><figure><img loading=\"lazy\" decoding=\"async\" class=\"aligncenter wp-image-7020\" src=\"http:\/\/goerdeler.lspb.de\/wordpress\/wp-content\/uploads\/Akrobatik-2-06-2015-Sommerkonzert-GG-300x255.jpg\" width=\"235\" height=\"200\" srcset=\"https:\/\/goerdeler.lspb.de\/wordpress\/wp-content\/uploads\/Akrobatik-2-06-2015-Sommerkonzert-GG-300x255.jpg 300w, https:\/\/goerdeler.lspb.de\/wordpress\/wp-content\/uploads\/Akrobatik-2-06-2015-Sommerkonzert-GG-768x652.jpg 768w, https:\/\/goerdeler.lspb.de\/wordpress\/wp-content\/uploads\/Akrobatik-2-06-2015-Sommerkonzert-GG.jpg 904w\" sizes=\"(max-width: 235px) 100vw, 235px\" \/><\/figure><\/td><td><figure><img loading=\"lazy\" decoding=\"async\" class=\"aligncenter wp-image-7021\" src=\"http:\/\/goerdeler.lspb.de\/wordpress\/wp-content\/uploads\/Fu\u00dfball-AG-SJ-2016-17-300x169.jpg\" width=\"356\" height=\"200\" srcset=\"https:\/\/goerdeler.lspb.de\/wordpress\/wp-content\/uploads\/Fu\u00dfball-AG-SJ-2016-17-300x169.jpg 300w, https:\/\/goerdeler.lspb.de\/wordpress\/wp-content\/uploads\/Fu\u00dfball-AG-SJ-2016-17-768x432.jpg 768w, https:\/\/goerdeler.lspb.de\/wordpress\/wp-content\/uploads\/Fu\u00dfball-AG-SJ-2016-17-1024x576.jpg 1024w\" sizes=\"(max-width: 356px) 100vw, 356px\" \/><\/figure><\/td><\/tr><\/tbody><\/table><\/figure>\n\n\n\n<h3 class=\"wp-block-heading\">Sporthelfer<\/h3>\n\n\n<div class=\"wp-block-image\">\n<figure class=\"alignright size-full\"><a href=\"https:\/\/goerdeler.lspb.de\/wordpress\/wp-content\/uploads\/Sporthelfer-23_24.jpg\"><img loading=\"lazy\" decoding=\"async\" width=\"900\" height=\"675\" src=\"https:\/\/goerdeler.lspb.de\/wordpress\/wp-content\/uploads\/Sporthelfer-23_24.jpg\" alt=\"\" class=\"wp-image-14744\" srcset=\"https:\/\/goerdeler.lspb.de\/wordpress\/wp-content\/uploads\/Sporthelfer-23_24.jpg 900w, https:\/\/goerdeler.lspb.de\/wordpress\/wp-content\/uploads\/Sporthelfer-23_24-300x225.jpg 300w, https:\/\/goerdeler.lspb.de\/wordpress\/wp-content\/uploads\/Sporthelfer-23_24-768x576.jpg 768w, https:\/\/goerdeler.lspb.de\/wordpress\/wp-content\/uploads\/Sporthelfer-23_24-585x440.jpg 585w, https:\/\/goerdeler.lspb.de\/wordpress\/wp-content\/uploads\/Sporthelfer-23_24-230x172.jpg 230w\" sizes=\"(max-width: 900px) 100vw, 900px\" \/><\/a><\/figure>\n<\/div>\n\n\n<p><p>Die Ausbildung f\u00fcr Sporthelfer richtet sich an Sch\u00fclerinnen und Sch\u00fcler ab Klasse 8, die ein Interesse haben Bewegungs-, Spiel- und Sportangebote f\u00fcr Kinder und Jugendliche in der Schule oder im\u00a0Sportverein zu organisieren und zu betreuen. Die Sporthelferausbildung wird anerkannt als erster Baustein in der Qualifikation auf dem Weg der \u00dcbungsleiter- bzw. Trainerausbildung. Die Ausbildung umfasst ca. 35 Wochenstunden, dabei erlangen die Sch\u00fclerinnen und Sch\u00fcler die F\u00e4higkeit selbst\u00e4ndig eine AG zu leiten, in der \u00dcbermittagsbetreuung zu arbeiten oder die Lehrer an sportorientierten Wandertagen oder Schulfahrten zu unterst\u00fctzen. Ferner werden sie bei eigenen Schulsportfesten eingebunden und k\u00f6nnen bei Schulwettk\u00e4mpfen eingesetzt werden. Ein Erste-Hilfe Kurs, der bei einem Erwerb des F\u00fchrerscheins anerkannt wird, rundet die Ausbildung ab. Jeder Absolvent erh\u00e4lt eine offizielle Bescheinigung vom LSB NRW und ein Sporthelfer T-Shirt. Das Engagement der ausgebildeten Sporthelfer wird jeweils auf dem Schulzeugnis dokumentiert und kann so auch auf beruflicher Basis positiv Einfluss nehmen.<\/p> <\/p>\n\n\n\n<h3 class=\"wp-block-heading\">Sportfest<\/h3>\n\n\n\n<p><span style=\"font-size: inherit;\">Jedes zweite Jahr am letzten Donnerstag vor den Sommerferien findet f\u00fcr alle Jahrg\u00e4nge unserer Schule ein Sportfest statt. W\u00e4hrend sich die Klassen 5 und 6 auf dem Sportplatz im \u201eGoerdeler-Zehnkampf\u201c messen und vergleichen, machen die Sch\u00fclerinnen und Sch\u00fcler der Jahrgangsstufe 7 und EF dort ihr Sportabzeichen.<\/span><\/p>\n\n\n<div class=\"wp-block-image\">\n<figure class=\"aligncenter\"><img loading=\"lazy\" decoding=\"async\" width=\"791\" height=\"611\" src=\"http:\/\/goerdeler.lspb.de\/wordpress\/wp-content\/uploads\/2015-06-25SportfestCollage2.jpg\" alt=\"\" class=\"wp-image-7039\" srcset=\"https:\/\/goerdeler.lspb.de\/wordpress\/wp-content\/uploads\/2015-06-25SportfestCollage2.jpg 791w, https:\/\/goerdeler.lspb.de\/wordpress\/wp-content\/uploads\/2015-06-25SportfestCollage2-300x232.jpg 300w, https:\/\/goerdeler.lspb.de\/wordpress\/wp-content\/uploads\/2015-06-25SportfestCollage2-768x593.jpg 768w\" sizes=\"(max-width: 791px) 100vw, 791px\" \/><\/figure>\n<\/div>\n\n<div class=\"wp-block-image\">\n<figure class=\"aligncenter\"><img loading=\"lazy\" decoding=\"async\" width=\"794\" height=\"647\" src=\"http:\/\/goerdeler.lspb.de\/wordpress\/wp-content\/uploads\/2015-06-25Sportfest_Collage1.jpg\" alt=\"\" class=\"wp-image-7038\" srcset=\"https:\/\/goerdeler.lspb.de\/wordpress\/wp-content\/uploads\/2015-06-25Sportfest_Collage1.jpg 794w, https:\/\/goerdeler.lspb.de\/wordpress\/wp-content\/uploads\/2015-06-25Sportfest_Collage1-300x244.jpg 300w, https:\/\/goerdeler.lspb.de\/wordpress\/wp-content\/uploads\/2015-06-25Sportfest_Collage1-768x626.jpg 768w\" sizes=\"(max-width: 794px) 100vw, 794px\" \/><\/figure>\n<\/div>\n\n\n<h3 class=\"wp-block-heading\">Weiteres<\/h3>\n\n\n\n<p><span style=\"font-size: inherit;\">Wir besuchen mit der Sekundarstufe w\u00e4hrend einiger UV gelegentlich die nahe gelegene <\/span><a style=\"font-size: inherit;\" href=\"https:\/\/www.wasserski-paderborn.de\/\"><u>Wasserskianlage in Sande<\/u><\/a><span style=\"font-size: inherit;\">.<\/span> <\/p>\n\n\n\n<p>Das Goerdeler-Gymnasium kooperiert mit den Untouchables Paderborn (Baseball) in einem Unterrichtsvorhaben in der Jahrgangsstufe 6 und mit den Paderborn Dolphins (American Football) in der Jahrgangsstufe 8.<\/p>\n\n\n\n<p><\/p>\n\n\n\n<h2 class=\"wp-block-heading\"><b><strong>Wettbewerbe<\/strong><\/b><\/h2>\n\n\n\n<p>Wir nehmen regelm\u00e4\u00dfig an Schulsportwettbewerben in den folgenden Sportarten teil:<\/p>\n\n\n\n<ul class=\"wp-block-list\">\n<li>Badminton<\/li>\n\n\n\n<li>Fu\u00dfball<\/li>\n\n\n\n<li>Leichtathletik<\/li>\n\n\n\n<li>Osterlauf<\/li>\n\n\n\n<li>Volleyball<\/li>\n<\/ul>\n\n\n\n<h2 class=\"wp-block-heading\"><b><strong>Links<\/strong><\/b><\/h2>\n\n\n\n<ul class=\"wp-block-list\">\n<li><a href=\"https:\/\/goerdeler.lspb.de\/wordpress\/wp-content\/uploads\/SportTdoT.pdf\">Pr\u00e4sentation Sport am Goerdeler (Download, PowerPoint-Format)<\/a><\/li>\n\n\n\n<li><a href=\"https:\/\/goerdeler.lspb.de\/wordpress\/?s=Sportfest\">Sportfeste<\/a><\/li>\n<\/ul>\n\n\n\n<h2 class=\"wp-block-heading\">Veranstaltungen und Ereignisse<\/h2>\n\n\n<div class=\"wp-block-themeisle-blocks-posts-grid\" id=\"wp-block-themeisle-blocks-posts-grid-4a68ffaa\"><div class=\"is-list\"><div class=\"o-posts-grid-post-blog o-posts-grid-post-plain\"><div class=\"o-posts-grid-post\"><div class=\"o-posts-grid-post-image\"><a href=\"https:\/\/goerdeler.lspb.de\/wordpress\/vier-top-platzierungen-bei-den-kreismeisterschaften-im-schwimmen\/\"><img loading=\"lazy\" decoding=\"async\" width=\"900\" height=\"675\" src=\"https:\/\/goerdeler.lspb.de\/wordpress\/wp-content\/uploads\/2026-03-16_KM_Schwimmen.jpeg\" class=\"attachment-full size-full\" alt=\"Vier Top-Platzierungen bei den Kreismeisterschaften im Schwimmen\" srcset=\"https:\/\/goerdeler.lspb.de\/wordpress\/wp-content\/uploads\/2026-03-16_KM_Schwimmen.jpeg 900w, https:\/\/goerdeler.lspb.de\/wordpress\/wp-content\/uploads\/2026-03-16_KM_Schwimmen-300x225.jpeg 300w, https:\/\/goerdeler.lspb.de\/wordpress\/wp-content\/uploads\/2026-03-16_KM_Schwimmen-768x576.jpeg 768w, https:\/\/goerdeler.lspb.de\/wordpress\/wp-content\/uploads\/2026-03-16_KM_Schwimmen-585x440.jpeg 585w, https:\/\/goerdeler.lspb.de\/wordpress\/wp-content\/uploads\/2026-03-16_KM_Schwimmen-230x172.jpeg 230w\" sizes=\"(max-width: 900px) 100vw, 900px\" \/><\/a><\/div><div class=\"o-posts-grid-post-body\"><h4 class=\"o-posts-grid-post-title\"><a href=\"https:\/\/goerdeler.lspb.de\/wordpress\/vier-top-platzierungen-bei-den-kreismeisterschaften-im-schwimmen\/\">Vier Top-Platzierungen bei den Kreismeisterschaften im Schwimmen<\/a><\/h4><div class=\"o-posts-grid-post-description\"><p>Im Residenzbad Schloss Neuhaus zeigten Linda (8b), Hannah (7b) und Laetitia (6a) am 16. M\u00e4rz bei den Kreismeisterschaften Schwimmen der Schulen im Kreis Paderborn starke Leistungen im Wasser.Mit viel Einsatz, Teamgeist und gro\u00dfem sportlichem Ehrgeiz \u2026<\/p><\/div><\/div><\/div><\/div><div class=\"o-posts-grid-post-blog o-posts-grid-post-plain\"><div class=\"o-posts-grid-post\"><div class=\"o-posts-grid-post-image\"><a href=\"https:\/\/goerdeler.lspb.de\/wordpress\/erfolgreiche-skifahrt-der-ef\/\"><img loading=\"lazy\" decoding=\"async\" width=\"900\" height=\"675\" src=\"https:\/\/goerdeler.lspb.de\/wordpress\/wp-content\/uploads\/Skifahrt_01.jpg\" class=\"attachment-full size-full\" alt=\"Erfolgreiche Skifahrt\u00a0der EF\" srcset=\"https:\/\/goerdeler.lspb.de\/wordpress\/wp-content\/uploads\/Skifahrt_01.jpg 900w, https:\/\/goerdeler.lspb.de\/wordpress\/wp-content\/uploads\/Skifahrt_01-300x225.jpg 300w, https:\/\/goerdeler.lspb.de\/wordpress\/wp-content\/uploads\/Skifahrt_01-768x576.jpg 768w, https:\/\/goerdeler.lspb.de\/wordpress\/wp-content\/uploads\/Skifahrt_01-585x440.jpg 585w, https:\/\/goerdeler.lspb.de\/wordpress\/wp-content\/uploads\/Skifahrt_01-230x172.jpg 230w\" sizes=\"(max-width: 900px) 100vw, 900px\" \/><\/a><\/div><div class=\"o-posts-grid-post-body\"><h4 class=\"o-posts-grid-post-title\"><a href=\"https:\/\/goerdeler.lspb.de\/wordpress\/erfolgreiche-skifahrt-der-ef\/\">Erfolgreiche Skifahrt\u00a0der EF<\/a><\/h4><div class=\"o-posts-grid-post-description\"><p>Mit einer Nachtfahrt von Freitag auf Samstag startete am 13. Februar eine Woche voller Schnee, Action und Teamspirit.&nbsp;Sechs intensive Skitage im Skigebiet Goldeck in Spittal an der Drau&nbsp;(\u00d6sterreich)&nbsp;bedeuteten gute Pistenbedingungen, s\u2026<\/p><\/div><\/div><\/div><\/div><div class=\"o-posts-grid-post-blog o-posts-grid-post-plain\"><div class=\"o-posts-grid-post\"><div class=\"o-posts-grid-post-image\"><a href=\"https:\/\/goerdeler.lspb.de\/wordpress\/kooperationsvereinbarung-mit-der-sg-handball-paderborn\/\"><img loading=\"lazy\" decoding=\"async\" width=\"900\" height=\"675\" src=\"https:\/\/goerdeler.lspb.de\/wordpress\/wp-content\/uploads\/2026-01-29_Koop_GG_SGHandball_HP.jpg\" class=\"attachment-full size-full\" alt=\"Kooperationsvereinbarung mit der SG Handball Paderborn\" srcset=\"https:\/\/goerdeler.lspb.de\/wordpress\/wp-content\/uploads\/2026-01-29_Koop_GG_SGHandball_HP.jpg 900w, https:\/\/goerdeler.lspb.de\/wordpress\/wp-content\/uploads\/2026-01-29_Koop_GG_SGHandball_HP-300x225.jpg 300w, https:\/\/goerdeler.lspb.de\/wordpress\/wp-content\/uploads\/2026-01-29_Koop_GG_SGHandball_HP-768x576.jpg 768w, https:\/\/goerdeler.lspb.de\/wordpress\/wp-content\/uploads\/2026-01-29_Koop_GG_SGHandball_HP-585x440.jpg 585w, https:\/\/goerdeler.lspb.de\/wordpress\/wp-content\/uploads\/2026-01-29_Koop_GG_SGHandball_HP-230x172.jpg 230w\" sizes=\"(max-width: 900px) 100vw, 900px\" \/><\/a><\/div><div class=\"o-posts-grid-post-body\"><h4 class=\"o-posts-grid-post-title\"><a href=\"https:\/\/goerdeler.lspb.de\/wordpress\/kooperationsvereinbarung-mit-der-sg-handball-paderborn\/\">Kooperationsvereinbarung mit der SG Handball Paderborn<\/a><\/h4><div class=\"o-posts-grid-post-description\"><p>Das Angebot an Kooperationen mit au\u00dferschulischen Partnern am Goerdeler-Gymnasium wird um eine attraktive Sportart erweitert: Ab Fr\u00fchjahr 2026 wird es in Jahrgang 7 ein Unterrichtsvorhaben \u201eHandball\u201c geben, das von Trainer:innen der SG Handball Pader\u2026<\/p><\/div><\/div><\/div><\/div><div class=\"o-posts-grid-post-blog o-posts-grid-post-plain\"><div class=\"o-posts-grid-post\"><div class=\"o-posts-grid-post-image\"><a href=\"https:\/\/goerdeler.lspb.de\/wordpress\/u20-mannschaft-wird-vize-kreismeister-im-fussball\/\"><img loading=\"lazy\" decoding=\"async\" width=\"900\" height=\"675\" src=\"https:\/\/goerdeler.lspb.de\/wordpress\/wp-content\/uploads\/2025-03-11_Vizekreismeister_Fussball.jpeg\" class=\"attachment-full size-full\" alt=\"U20-Mannschaft wird Vize-Kreismeister im Fu\u00dfball\" srcset=\"https:\/\/goerdeler.lspb.de\/wordpress\/wp-content\/uploads\/2025-03-11_Vizekreismeister_Fussball.jpeg 900w, https:\/\/goerdeler.lspb.de\/wordpress\/wp-content\/uploads\/2025-03-11_Vizekreismeister_Fussball-300x225.jpeg 300w, https:\/\/goerdeler.lspb.de\/wordpress\/wp-content\/uploads\/2025-03-11_Vizekreismeister_Fussball-768x576.jpeg 768w, https:\/\/goerdeler.lspb.de\/wordpress\/wp-content\/uploads\/2025-03-11_Vizekreismeister_Fussball-585x440.jpeg 585w, https:\/\/goerdeler.lspb.de\/wordpress\/wp-content\/uploads\/2025-03-11_Vizekreismeister_Fussball-230x172.jpeg 230w\" sizes=\"(max-width: 900px) 100vw, 900px\" \/><\/a><\/div><div class=\"o-posts-grid-post-body\"><h4 class=\"o-posts-grid-post-title\"><a href=\"https:\/\/goerdeler.lspb.de\/wordpress\/u20-mannschaft-wird-vize-kreismeister-im-fussball\/\">U20-Mannschaft wird Vize-Kreismeister im Fu\u00dfball<\/a><\/h4><div class=\"o-posts-grid-post-description\"><p>In einer spannenden und oftmals auch sehr engen Endrunde wurde unsere U20-Fu\u00dfballmannschaft am 03. November 2025 verdient Vize-Kreismeister.Im ersten Spiel gegen die Gesamtschule B\u00fcren stand am Ende eine sehr knappe und ungl\u00fcckliche 1:2 Niederlage (T\u2026<\/p><\/div><\/div><\/div><\/div><div class=\"o-posts-grid-post-blog o-posts-grid-post-plain\"><div class=\"o-posts-grid-post\"><div class=\"o-posts-grid-post-image\"><a href=\"https:\/\/goerdeler.lspb.de\/wordpress\/sportfest-2025\/\"><img loading=\"lazy\" decoding=\"async\" width=\"900\" height=\"600\" src=\"https:\/\/goerdeler.lspb.de\/wordpress\/wp-content\/uploads\/01-5.jpg\" class=\"attachment-full size-full\" alt=\"Sportfest 2025\" srcset=\"https:\/\/goerdeler.lspb.de\/wordpress\/wp-content\/uploads\/01-5.jpg 900w, https:\/\/goerdeler.lspb.de\/wordpress\/wp-content\/uploads\/01-5-300x200.jpg 300w, https:\/\/goerdeler.lspb.de\/wordpress\/wp-content\/uploads\/01-5-768x512.jpg 768w\" sizes=\"(max-width: 900px) 100vw, 900px\" \/><\/a><\/div><div class=\"o-posts-grid-post-body\"><h4 class=\"o-posts-grid-post-title\"><a href=\"https:\/\/goerdeler.lspb.de\/wordpress\/sportfest-2025\/\">Sportfest 2025<\/a><\/h4><div class=\"o-posts-grid-post-description\"><p>Bei besten Wetterbedingungen fand zum Abschluss des Schuljahres das Sportfest statt &#8211; ein sportlicher Tag voller Einsatz, Teamgeist und Bewegung! Die Fachschaft Sport hatte f\u00fcr den 10. Juli einen Turniertag organisiert, bei dem sich alle Jahrga\u2026<\/p><\/div><\/div><\/div><\/div><div class=\"o-posts-grid-post-blog o-posts-grid-post-plain\"><div class=\"o-posts-grid-post\"><div class=\"o-posts-grid-post-image\"><a href=\"https:\/\/goerdeler.lspb.de\/wordpress\/unglueckliche-final-niederlagen-fuer-goerdeler-fussballteams\/\"><img loading=\"lazy\" decoding=\"async\" width=\"900\" height=\"675\" src=\"https:\/\/goerdeler.lspb.de\/wordpress\/wp-content\/uploads\/2024-10-04_WKI.jpg\" class=\"attachment-full size-full\" alt=\"Ungl\u00fcckliche (Final)-niederlagen f\u00fcr Goerdeler-Fu\u00dfballteams\" srcset=\"https:\/\/goerdeler.lspb.de\/wordpress\/wp-content\/uploads\/2024-10-04_WKI.jpg 900w, https:\/\/goerdeler.lspb.de\/wordpress\/wp-content\/uploads\/2024-10-04_WKI-300x225.jpg 300w, https:\/\/goerdeler.lspb.de\/wordpress\/wp-content\/uploads\/2024-10-04_WKI-768x576.jpg 768w, https:\/\/goerdeler.lspb.de\/wordpress\/wp-content\/uploads\/2024-10-04_WKI-585x440.jpg 585w, https:\/\/goerdeler.lspb.de\/wordpress\/wp-content\/uploads\/2024-10-04_WKI-230x172.jpg 230w\" sizes=\"(max-width: 900px) 100vw, 900px\" \/><\/a><\/div><div class=\"o-posts-grid-post-body\"><h4 class=\"o-posts-grid-post-title\"><a href=\"https:\/\/goerdeler.lspb.de\/wordpress\/unglueckliche-final-niederlagen-fuer-goerdeler-fussballteams\/\">Ungl\u00fcckliche (Final)-niederlagen f\u00fcr Goerdeler-Fu\u00dfballteams<\/a><\/h4><div class=\"o-posts-grid-post-description\"><p>Auch in diesem Jahr war das Goerdeler-Gymnasium wieder beim Landessportfest der Schulen in der Sportart Fu\u00dfball vertreten \u2013 dieses Mal sogar mit einer WK2-Mannschaft.Die WK1 Mannschaft, angetreten als amtierender Kreismeister, sah sich im Inselbadsta\u2026<\/p><\/div><\/div><\/div><\/div><\/div> <\/div>","protected":false},"excerpt":{"rendered":"<p>Einf\u00fchrung und Profil &nbsp;\u201eDer Sport ist die Sozialisationsinstanz f\u00fcr eine regelgeleitete Konkurrenzgesellschaft\u201c Unbestreitbar liegt der Wettstreit in der Natur des Menschen verankert. Im Sport hat unsere Gesellschaft diese Veranlagung des Menschen kultiviert und schafft einen Ausgleich zu den immer geringer werdenden k\u00f6rperlichen Beanspruchungen, um unseren K\u00f6rper gesund zu erhalten, der dem kulturellen Wandel nicht in [&hellip;]<\/p>\n","protected":false},"author":11,"featured_media":0,"parent":4384,"menu_order":108,"comment_status":"closed","ping_status":"closed","template":"","meta":{"_themeisle_gutenberg_block_has_review":false,"_mc_calendar":[],"footnotes":""},"class_list":["post-6981","page","type-page","status-publish","hentry"],"_links":{"self":[{"href":"https:\/\/goerdeler.lspb.de\/wordpress\/wp-json\/wp\/v2\/pages\/6981","targetHints":{"allow":["GET"]}}],"collection":[{"href":"https:\/\/goerdeler.lspb.de\/wordpress\/wp-json\/wp\/v2\/pages"}],"about":[{"href":"https:\/\/goerdeler.lspb.de\/wordpress\/wp-json\/wp\/v2\/types\/page"}],"author":[{"embeddable":true,"href":"https:\/\/goerdeler.lspb.de\/wordpress\/wp-json\/wp\/v2\/users\/11"}],"replies":[{"embeddable":true,"href":"https:\/\/goerdeler.lspb.de\/wordpress\/wp-json\/wp\/v2\/comments?post=6981"}],"version-history":[{"count":115,"href":"https:\/\/goerdeler.lspb.de\/wordpress\/wp-json\/wp\/v2\/pages\/6981\/revisions"}],"predecessor-version":[{"id":19356,"href":"https:\/\/goerdeler.lspb.de\/wordpress\/wp-json\/wp\/v2\/pages\/6981\/revisions\/19356"}],"up":[{"embeddable":true,"href":"https:\/\/goerdeler.lspb.de\/wordpress\/wp-json\/wp\/v2\/pages\/4384"}],"wp:attachment":[{"href":"https:\/\/goerdeler.lspb.de\/wordpress\/wp-json\/wp\/v2\/media?parent=6981"}],"curies":[{"name":"wp","href":"https:\/\/api.w.org\/{rel}","templated":true}]}}