{"id":7537,"date":"2017-11-15T09:08:31","date_gmt":"2017-11-15T08:08:31","guid":{"rendered":"http:\/\/goerdeler.lspb.de\/wordpress\/?page_id=7537"},"modified":"2025-12-04T11:05:21","modified_gmt":"2025-12-04T10:05:21","slug":"abitur-2021","status":"publish","type":"page","link":"https:\/\/goerdeler.lspb.de\/wordpress\/unsere-schule\/oberstufe\/abitur-2021\/","title":{"rendered":"Abitur 2029"},"content":{"rendered":"<h1>Anmeldung Abitur 2029<\/h1>\n<ul>\n<li>Sekretariat\u00a0\u00a0<a href=\"mailto:goerdeler@paderborn.de\">goerdeler@paderborn.de<\/a>\u00a0\u00a0 05251\/88-14350<\/li>\n<\/ul>\n<h3>Jahrgangsstufenleitung<\/h3>\n<ul>\n<li>Frau Kumlehn \/ Frau Eikel<\/li>\n<\/ul>\n<h3>Termine<\/h3>\n<table border=\"2\">\n<tbody>\n<tr style=\"height: 40px;\">\n<td>\n<ul>\n<li>06.12.2025, ab 08:30<\/li>\n<\/ul>\n<\/td>\n<td>Tag der offenen T\u00fcr\u00a0<\/td>\n<\/tr>\n<tr>\n<td>\n<ul>\n<li>09.02. &#8211; 13.02.2026\u00a0<\/li>\n<\/ul>\n<\/td>\n<td>Anmeldewochen f\u00fcr neue Sch\u00fclerinnen und Sch\u00fcler Oberstufe (Anmeldeformulare sind im Sekretariat erh\u00e4ltlich) Bitte mitbringen: Geburtsurkunde, Impfpass, Zeugnisse 9.2 und 10.1<\/td>\n<\/tr>\n<tr>\n<td>\n<ul>\n<li>12.03.2026, 14:00\u00a0<\/li>\n<\/ul>\n<\/td>\n<td>Vorstellen der neuen F\u00e4cher in der Oberstufe<\/td>\n<\/tr>\n<tr>\n<td>\n<ul>\n<li>17.\/18.03.2026,\u00a0<br \/>\u00a0\u00a0 15:30 &#8211; 17:00<\/li>\n<\/ul>\n<\/td>\n<td>\n<p>Individuelle Beratung nach Voranmeldung<\/p>\n<\/td>\n<\/tr>\n<tr>\n<td>\n<ul>\n<li>25.03.2026, 14:00<\/li>\n<\/ul>\n<\/td>\n<td>Letzter Abgabetermin Wahlb\u00f6gen<\/td>\n<\/tr>\n<\/tbody>\n<\/table>\n<h3>Studienfahrt<\/h3>\n<table border=\"2\">\n<tbody>\n<tr>\n<td>\n<ul>\n<li>5 Tage in der Qualifikationsphase<\/li>\n<\/ul>\n<\/td>\n<\/tr>\n<\/tbody>\n<\/table>\n<h3>Informationen Abiturjahrgang 2029<\/h3>\n<ul>\n<li><a href=\"https:\/\/goerdeler.lspb.de\/wordpress\/wp-content\/uploads\/Oberstufenflyer-2.pdf\">Informationsflyer der Schule<\/a><\/li>\n<li><a href=\"https:\/\/goerdeler.lspb.de\/wordpress\/wp-content\/uploads\/Broschuere_Gymnasiale_Oberstufe_2026.pdf\">Brosch\u00fcre Pr\u00e4sentation &#8222;Die gymnasiale Oberstufe an Gymnasien und\u00a0Gesamtschulen in NRW&#8220;<\/a><\/li>\n<li><a href=\"https:\/\/goerdeler.lspb.de\/wordpress\/wp-content\/uploads\/Praesentation-neue-Faecher-1.pdf\">Info Sek II Neue F\u00e4cher Gymnasiale Oberstufe Abi 2029<\/a><\/li>\n<li><a href=\"https:\/\/goerdeler.lspb.de\/wordpress\/wp-content\/uploads\/Planungsbogen-EF-Abitur-2029.pdf\">Planungsbogen f\u00fcr die Einf\u00fchrungsphase<\/a><\/li>\n<li><a href=\"https:\/\/goerdeler.lspb.de\/wordpress\/wp-content\/uploads\/Praesentation-Abiturjahrgang-2029.pdf\">Pr\u00e4sentation Abitur 2029<\/a><\/li>\n<\/ul>\n<h3>Laufbahn- und Planungstool Oberstufe LuPO<\/h3>\n<ul>\n<li><a href=\"https:\/\/www.svws.nrw.de\/schild-nrw2\/lupo-download\">Download der Software LuPO<\/a><\/li>\n<\/ul>\n\n\n<p><\/p>\n","protected":false},"excerpt":{"rendered":"<p>Anmeldung Abitur 2029 Sekretariat\u00a0\u00a0goerdeler@paderborn.de\u00a0\u00a0 05251\/88-14350 Jahrgangsstufenleitung Frau Kumlehn \/ Frau Eikel Termine 06.12.2025, ab 08:30 Tag der offenen T\u00fcr\u00a0 09.02. &#8211; 13.02.2026\u00a0 Anmeldewochen f\u00fcr neue Sch\u00fclerinnen und Sch\u00fcler Oberstufe (Anmeldeformulare sind im Sekretariat erh\u00e4ltlich) Bitte mitbringen: Geburtsurkunde, Impfpass, Zeugnisse 9.2 und 10.1 12.03.2026, 14:00\u00a0 Vorstellen der neuen F\u00e4cher in der Oberstufe 17.\/18.03.2026,\u00a0\u00a0\u00a0 15:30 &#8211; 17:00 [&hellip;]<\/p>\n","protected":false},"author":11,"featured_media":0,"parent":4278,"menu_order":56,"comment_status":"closed","ping_status":"closed","template":"","meta":{"_themeisle_gutenberg_block_has_review":false,"_mc_calendar":[],"footnotes":""},"class_list":["post-7537","page","type-page","status-publish","hentry"],"_links":{"self":[{"href":"https:\/\/goerdeler.lspb.de\/wordpress\/wp-json\/wp\/v2\/pages\/7537","targetHints":{"allow":["GET"]}}],"collection":[{"href":"https:\/\/goerdeler.lspb.de\/wordpress\/wp-json\/wp\/v2\/pages"}],"about":[{"href":"https:\/\/goerdeler.lspb.de\/wordpress\/wp-json\/wp\/v2\/types\/page"}],"author":[{"embeddable":true,"href":"https:\/\/goerdeler.lspb.de\/wordpress\/wp-json\/wp\/v2\/users\/11"}],"replies":[{"embeddable":true,"href":"https:\/\/goerdeler.lspb.de\/wordpress\/wp-json\/wp\/v2\/comments?post=7537"}],"version-history":[{"count":36,"href":"https:\/\/goerdeler.lspb.de\/wordpress\/wp-json\/wp\/v2\/pages\/7537\/revisions"}],"predecessor-version":[{"id":18689,"href":"https:\/\/goerdeler.lspb.de\/wordpress\/wp-json\/wp\/v2\/pages\/7537\/revisions\/18689"}],"up":[{"embeddable":true,"href":"https:\/\/goerdeler.lspb.de\/wordpress\/wp-json\/wp\/v2\/pages\/4278"}],"wp:attachment":[{"href":"https:\/\/goerdeler.lspb.de\/wordpress\/wp-json\/wp\/v2\/media?parent=7537"}],"curies":[{"name":"wp","href":"https:\/\/api.w.org\/{rel}","templated":true}]}}