{"id":7720,"date":"2018-01-09T10:27:10","date_gmt":"2018-01-09T09:27:10","guid":{"rendered":"http:\/\/goerdeler.lspb.de\/wordpress\/?page_id=7720"},"modified":"2022-02-24T07:51:27","modified_gmt":"2022-02-24T06:51:27","slug":"fhdw","status":"publish","type":"page","link":"https:\/\/goerdeler.lspb.de\/wordpress\/profil\/kooperationen\/fhdw\/","title":{"rendered":"FHDW"},"content":{"rendered":"<p>Seit Dezember 2017 kooperiert das Goerdeler mit der Fachholschule der Wirtschaft in Paderborn.<\/p>\n<p><img loading=\"lazy\" decoding=\"async\" class=\"size-medium wp-image-7721 alignleft\" src=\"http:\/\/goerdeler.lspb.de\/wordpress\/wp-content\/uploads\/FHDW-300x134.jpg\" alt=\"\" width=\"300\" height=\"134\" srcset=\"https:\/\/goerdeler.lspb.de\/wordpress\/wp-content\/uploads\/FHDW-300x134.jpg 300w, https:\/\/goerdeler.lspb.de\/wordpress\/wp-content\/uploads\/FHDW.jpg 445w\" sizes=\"auto, (max-width: 300px) 100vw, 300px\" \/><\/p>\n<p>Begabte Oberstufensch\u00fcler k\u00f6nnen einen Nachmittag pro Woche an der FHDW in den Studieng\u00e4ngen Betriebswirtschaft, International Business, Wirtschaftsinformatik oder Wirtschaftsrecht studieren. Die Leistungspunkte, die die Sch\u00fcler erhalten, wenn sie die Klausuren bestehen, werden ihnen bei einem sp\u00e4teren Fachhochschulstudium angerechnet. Im Rahmen der Kooperation werden auch Berufsinformationstage, Unternehmensplanspiele und Business-Knigge-Seminare f\u00fcr unsere Sch\u00fcler angeboten.<\/p>\n<p><a href=\"https:\/\/www.fhdw.de\/\">https:\/\/www.fhdw.de<\/a><\/p>\n","protected":false},"excerpt":{"rendered":"<p>Seit Dezember 2017 kooperiert das Goerdeler mit der Fachholschule der Wirtschaft in Paderborn. Begabte Oberstufensch\u00fcler k\u00f6nnen einen Nachmittag pro Woche an der FHDW in den Studieng\u00e4ngen Betriebswirtschaft, International Business, Wirtschaftsinformatik oder Wirtschaftsrecht studieren. Die Leistungspunkte, die die Sch\u00fcler erhalten, wenn sie die Klausuren bestehen, werden ihnen bei einem sp\u00e4teren Fachhochschulstudium angerechnet. Im Rahmen der Kooperation [&hellip;]<\/p>\n","protected":false},"author":11,"featured_media":0,"parent":4326,"menu_order":29,"comment_status":"closed","ping_status":"closed","template":"","meta":{"_themeisle_gutenberg_block_has_review":false,"_mc_calendar":[],"footnotes":""},"class_list":["post-7720","page","type-page","status-publish","hentry"],"_links":{"self":[{"href":"https:\/\/goerdeler.lspb.de\/wordpress\/wp-json\/wp\/v2\/pages\/7720","targetHints":{"allow":["GET"]}}],"collection":[{"href":"https:\/\/goerdeler.lspb.de\/wordpress\/wp-json\/wp\/v2\/pages"}],"about":[{"href":"https:\/\/goerdeler.lspb.de\/wordpress\/wp-json\/wp\/v2\/types\/page"}],"author":[{"embeddable":true,"href":"https:\/\/goerdeler.lspb.de\/wordpress\/wp-json\/wp\/v2\/users\/11"}],"replies":[{"embeddable":true,"href":"https:\/\/goerdeler.lspb.de\/wordpress\/wp-json\/wp\/v2\/comments?post=7720"}],"version-history":[{"count":2,"href":"https:\/\/goerdeler.lspb.de\/wordpress\/wp-json\/wp\/v2\/pages\/7720\/revisions"}],"predecessor-version":[{"id":12179,"href":"https:\/\/goerdeler.lspb.de\/wordpress\/wp-json\/wp\/v2\/pages\/7720\/revisions\/12179"}],"up":[{"embeddable":true,"href":"https:\/\/goerdeler.lspb.de\/wordpress\/wp-json\/wp\/v2\/pages\/4326"}],"wp:attachment":[{"href":"https:\/\/goerdeler.lspb.de\/wordpress\/wp-json\/wp\/v2\/media?parent=7720"}],"curies":[{"name":"wp","href":"https:\/\/api.w.org\/{rel}","templated":true}]}}