{"id":9197,"date":"2019-09-12T12:11:05","date_gmt":"2019-09-12T10:11:05","guid":{"rendered":"http:\/\/goerdeler.lspb.de\/wordpress\/?page_id=9197"},"modified":"2019-09-12T12:24:30","modified_gmt":"2019-09-12T10:24:30","slug":"mint-ec","status":"publish","type":"page","link":"https:\/\/goerdeler.lspb.de\/wordpress\/mint-ec\/","title":{"rendered":"MINT-EC"},"content":{"rendered":"\n<div class=\"wp-block-image\"><figure class=\"aligncenter is-resized\"><img loading=\"lazy\" decoding=\"async\" src=\"http:\/\/goerdeler.lspb.de\/wordpress\/wp-content\/uploads\/MINT12-1.jpg\" alt=\"\" class=\"wp-image-8191\" width=\"461\" height=\"293\" srcset=\"https:\/\/goerdeler.lspb.de\/wordpress\/wp-content\/uploads\/MINT12-1.jpg 921w, https:\/\/goerdeler.lspb.de\/wordpress\/wp-content\/uploads\/MINT12-1-300x191.jpg 300w, https:\/\/goerdeler.lspb.de\/wordpress\/wp-content\/uploads\/MINT12-1-768x489.jpg 768w\" sizes=\"auto, (max-width: 461px) 100vw, 461px\" \/><\/figure><\/div>\n\n\n\n<p>Die Mitgliedschaft der Schulen im nationalen Excellence-Schulnetzwerk bietet die M\u00f6glichkeit an zahlreiche vielf\u00e4ltigen F\u00f6rderprogrammen und Veranstaltungsformaten f\u00fcr Sch\u00fclerinnen und Sch\u00fcler teilzunehmen sowie das MINT-EC-Zertifikat vergeben zu d\u00fcrfen. F\u00fcr Lehrkr\u00e4fte und Schulleitungen bietet MINT-EC Plattformen zum bundesweiten Austausch sowie zur regionalen Zusammenarbeit untereinander und mit hochkar\u00e4tigen Partnern aus Wirtschaft und Wissenschaft. Diese Kooperationen f\u00f6rdern ebenfalls die Schulentwicklung und die Weiterentwicklung des Fachunterrichts in Orientierung an den aktuellen Anforderungen aus Wirtschaft und Wissenschaft.<\/p>\n\n\n\n<p>Dar\u00fcber hinaus unterst\u00fctzt MINT-EC die Vernetzung der Schulen untereinander sowie mit Unternehmen oder wissenschaftlichen Einrichtungen. So ist die MINT-EC-Schulleitertagung ein Format, das einmal j\u00e4hrlich die Schulleitungen aller MINT-EC-Schulen an einer der Netzwerkschulen zusammenf\u00fchrt und zum Austausch auf Leitungsebene sowie zur Weiterbildung einl\u00e4dt. W\u00e4hrend der zweit\u00e4gigen Veranstaltung informieren sich die Teilnehmenden auf einem Bildungsmarkt \u00fcber MINT-Angebote, besuchen Workshops zu Managementthemen und h\u00f6ren Fachvortr\u00e4ge zu aktuellen Bildungs-Diskursen, wie Digitalisierung an Schulen.<\/p>\n\n\n\n<p>Weiterf\u00fchrender Link: <a href=\"https:\/\/www.mint-ec.de\/schulnetzwerk\/mint-ec-schulen\/microsite\/goerdeler-gymnasium\/\">https:\/\/www.mint-ec.de\/schulnetzwerk\/mint-ec-schulen\/microsite\/goerdeler-gymnasium\/<\/a><\/p>\n","protected":false},"excerpt":{"rendered":"<p>Die Mitgliedschaft der Schulen im nationalen Excellence-Schulnetzwerk bietet die M\u00f6glichkeit an zahlreiche vielf\u00e4ltigen F\u00f6rderprogrammen und Veranstaltungsformaten f\u00fcr Sch\u00fclerinnen und Sch\u00fcler teilzunehmen sowie das MINT-EC-Zertifikat vergeben zu d\u00fcrfen. F\u00fcr Lehrkr\u00e4fte und Schulleitungen bietet MINT-EC Plattformen zum bundesweiten Austausch sowie zur regionalen Zusammenarbeit untereinander und mit hochkar\u00e4tigen Partnern aus Wirtschaft und Wissenschaft. Diese Kooperationen f\u00f6rdern ebenfalls die [&hellip;]<\/p>\n","protected":false},"author":2,"featured_media":0,"parent":0,"menu_order":3,"comment_status":"closed","ping_status":"closed","template":"","meta":{"_themeisle_gutenberg_block_has_review":false,"_mc_calendar":[],"footnotes":""},"class_list":["post-9197","page","type-page","status-publish","hentry"],"_links":{"self":[{"href":"https:\/\/goerdeler.lspb.de\/wordpress\/wp-json\/wp\/v2\/pages\/9197","targetHints":{"allow":["GET"]}}],"collection":[{"href":"https:\/\/goerdeler.lspb.de\/wordpress\/wp-json\/wp\/v2\/pages"}],"about":[{"href":"https:\/\/goerdeler.lspb.de\/wordpress\/wp-json\/wp\/v2\/types\/page"}],"author":[{"embeddable":true,"href":"https:\/\/goerdeler.lspb.de\/wordpress\/wp-json\/wp\/v2\/users\/2"}],"replies":[{"embeddable":true,"href":"https:\/\/goerdeler.lspb.de\/wordpress\/wp-json\/wp\/v2\/comments?post=9197"}],"version-history":[{"count":2,"href":"https:\/\/goerdeler.lspb.de\/wordpress\/wp-json\/wp\/v2\/pages\/9197\/revisions"}],"predecessor-version":[{"id":9204,"href":"https:\/\/goerdeler.lspb.de\/wordpress\/wp-json\/wp\/v2\/pages\/9197\/revisions\/9204"}],"wp:attachment":[{"href":"https:\/\/goerdeler.lspb.de\/wordpress\/wp-json\/wp\/v2\/media?parent=9197"}],"curies":[{"name":"wp","href":"https:\/\/api.w.org\/{rel}","templated":true}]}}