{"id":9452,"date":"2019-11-11T10:11:28","date_gmt":"2019-11-11T09:11:28","guid":{"rendered":"https:\/\/goerdeler.lspb.de\/wordpress\/?page_id=9452"},"modified":"2019-11-11T10:48:11","modified_gmt":"2019-11-11T09:48:11","slug":"caritasverband","status":"publish","type":"page","link":"https:\/\/goerdeler.lspb.de\/wordpress\/profil\/kooperationen\/caritasverband\/","title":{"rendered":"Caritasverband"},"content":{"rendered":"\n<p> <\/p>\n\n\n\n<p><img loading=\"lazy\" decoding=\"async\" width=\"225\" height=\"141\" class=\"wp-image-9455\" style=\"width: 225px;\" src=\"https:\/\/goerdeler.lspb.de\/wordpress\/wp-content\/uploads\/grafik-1.png\" alt=\"\">   <\/p>\n\n\n\n<p>Der Caritasverband Paderborn und das Goerdeler-Gymnasium haben ihre Zusammenarbeit 2019 in einem Kooperationsvertrag festgehalten. Sch\u00fclerinnen und Sch\u00fclern zukunftsorientierte T\u00e4tigkeitsfelder in sozial-caritativen Berufsfeldern zu vermitteln und den Caritasverband als gemeinn\u00fctzigen Tr\u00e4ger der Region als sp\u00e4teren Arbeitgeber in den Fokus zu bringen, sind dabei Zielsetzungen. <br>Praxiserfahrungen im Bereich der sozialen Dienstleistungen k\u00f6nnen so im Bereich der Studien- und Berufsorientierung gewonnen werden. Ebenso intendiert sind gemeinsame Veranstaltungen und Projekte, die Goerdeler-Sch\u00fcler f\u00fcr und mit Menschen gestalten, die sich in der Versorgung des Caritasverbandes befinden.<\/p>\n\n\n\n<p><a href=\"https:\/\/www.caritas-pb.de\">www.caritas-pb.de<\/a><\/p>\n","protected":false},"excerpt":{"rendered":"<p>Der Caritasverband Paderborn und das Goerdeler-Gymnasium haben ihre Zusammenarbeit 2019 in einem Kooperationsvertrag festgehalten. Sch\u00fclerinnen und Sch\u00fclern zukunftsorientierte T\u00e4tigkeitsfelder in sozial-caritativen Berufsfeldern zu vermitteln und den Caritasverband als gemeinn\u00fctzigen Tr\u00e4ger der Region als sp\u00e4teren Arbeitgeber in den Fokus zu bringen, sind dabei Zielsetzungen. Praxiserfahrungen im Bereich der sozialen Dienstleistungen k\u00f6nnen so im Bereich der Studien- [&hellip;]<\/p>\n","protected":false},"author":11,"featured_media":0,"parent":4326,"menu_order":17,"comment_status":"closed","ping_status":"closed","template":"","meta":{"_themeisle_gutenberg_block_has_review":false,"_mc_calendar":[],"footnotes":""},"class_list":["post-9452","page","type-page","status-publish","hentry"],"_links":{"self":[{"href":"https:\/\/goerdeler.lspb.de\/wordpress\/wp-json\/wp\/v2\/pages\/9452","targetHints":{"allow":["GET"]}}],"collection":[{"href":"https:\/\/goerdeler.lspb.de\/wordpress\/wp-json\/wp\/v2\/pages"}],"about":[{"href":"https:\/\/goerdeler.lspb.de\/wordpress\/wp-json\/wp\/v2\/types\/page"}],"author":[{"embeddable":true,"href":"https:\/\/goerdeler.lspb.de\/wordpress\/wp-json\/wp\/v2\/users\/11"}],"replies":[{"embeddable":true,"href":"https:\/\/goerdeler.lspb.de\/wordpress\/wp-json\/wp\/v2\/comments?post=9452"}],"version-history":[{"count":8,"href":"https:\/\/goerdeler.lspb.de\/wordpress\/wp-json\/wp\/v2\/pages\/9452\/revisions"}],"predecessor-version":[{"id":9466,"href":"https:\/\/goerdeler.lspb.de\/wordpress\/wp-json\/wp\/v2\/pages\/9452\/revisions\/9466"}],"up":[{"embeddable":true,"href":"https:\/\/goerdeler.lspb.de\/wordpress\/wp-json\/wp\/v2\/pages\/4326"}],"wp:attachment":[{"href":"https:\/\/goerdeler.lspb.de\/wordpress\/wp-json\/wp\/v2\/media?parent=9452"}],"curies":[{"name":"wp","href":"https:\/\/api.w.org\/{rel}","templated":true}]}}