{"id":9490,"date":"2019-11-12T14:08:03","date_gmt":"2019-11-12T13:08:03","guid":{"rendered":"https:\/\/goerdeler.lspb.de\/wordpress\/?page_id=9490"},"modified":"2025-10-01T18:50:13","modified_gmt":"2025-10-01T16:50:13","slug":"schuelerbuecherei-2","status":"publish","type":"page","link":"https:\/\/goerdeler.lspb.de\/wordpress\/profil\/schuelerbuecherei-2\/","title":{"rendered":"Sch\u00fcler:innenb\u00fccherei"},"content":{"rendered":"\n<blockquote class=\"wp-block-quote has-text-align-center is-layout-flow wp-block-quote-is-layout-flow\">\n<p><em>An Zerstreuung<\/em> <em>l\u00e4sst es uns die Welt nicht fehlen.<\/em><\/p>\n\n\n\n<p><em>Wenn ich lese, will ich mich sammeln.<\/em> <\/p>\n<cite>Johann Wolfgang von Goethe<\/cite><\/blockquote>\n\n\n\n<p>Die Sch\u00fcler:innenb\u00fccherei des Goerdeler Gymnasiums hat eine lange Geschichte. Etwa seit vier Jahrzehnten befindet sie sich in demselben, zentral gelegenen Raum in der Pausenhalle der Schule. Parallel zur Renovierung der angrenzenden Klassen- und Fachr\u00e4ume erfuhr auch die B\u00fccherei 2015 eine umfassende Neugestaltung und Aktualisierung des Buchbestandes.<\/p>\n\n\n\n<figure class=\"wp-block-gallery has-nested-images columns-default is-cropped wp-block-gallery-1 is-layout-flex wp-block-gallery-is-layout-flex\">\n<figure class=\"wp-block-image\"><img loading=\"lazy\" decoding=\"async\" width=\"900\" height=\"602\" data-id=\"9497\" src=\"https:\/\/goerdeler.lspb.de\/wordpress\/wp-content\/uploads\/DSC02725_2.jpg\" alt=\"\" class=\"wp-image-9497\" srcset=\"https:\/\/goerdeler.lspb.de\/wordpress\/wp-content\/uploads\/DSC02725_2.jpg 900w, https:\/\/goerdeler.lspb.de\/wordpress\/wp-content\/uploads\/DSC02725_2-300x201.jpg 300w, https:\/\/goerdeler.lspb.de\/wordpress\/wp-content\/uploads\/DSC02725_2-768x514.jpg 768w\" sizes=\"auto, (max-width: 900px) 100vw, 900px\" \/><\/figure>\n\n\n\n<figure class=\"wp-block-image\"><img loading=\"lazy\" decoding=\"async\" width=\"900\" height=\"602\" data-id=\"9492\" src=\"https:\/\/goerdeler.lspb.de\/wordpress\/wp-content\/uploads\/DSC02650_2.jpg\" alt=\"\" class=\"wp-image-9492\" srcset=\"https:\/\/goerdeler.lspb.de\/wordpress\/wp-content\/uploads\/DSC02650_2.jpg 900w, https:\/\/goerdeler.lspb.de\/wordpress\/wp-content\/uploads\/DSC02650_2-300x201.jpg 300w, https:\/\/goerdeler.lspb.de\/wordpress\/wp-content\/uploads\/DSC02650_2-768x514.jpg 768w\" sizes=\"auto, (max-width: 900px) 100vw, 900px\" \/><\/figure>\n<\/figure>\n\n\n\n<p>Die B\u00fccher, die wir anschaffen, sollen die Sch\u00fclerinnen und Sch\u00fcler vor allem fesseln, unterhalten und f\u00fcr die Besch\u00e4ftigung mit B\u00fcchern begeistern. Nat\u00fcrlich bem\u00fchen wir uns gleichzeitig darum, m\u00f6glichst viele B\u00fccher anzubieten, die geeignet sind, auch einen Beitrag zur Pers\u00f6nlichkeitsbildung der jungen Leserinnen und Lesern und zur eigenst\u00e4ndigen Welterschlie\u00dfung zu leisten.<\/p>\n\n\n\n<figure class=\"wp-block-gallery has-nested-images columns-default is-cropped wp-block-gallery-2 is-layout-flex wp-block-gallery-is-layout-flex\">\n<figure class=\"wp-block-image\"><img loading=\"lazy\" decoding=\"async\" width=\"900\" height=\"602\" data-id=\"9496\" src=\"https:\/\/goerdeler.lspb.de\/wordpress\/wp-content\/uploads\/DSC02710_3.jpg\" alt=\"\" class=\"wp-image-9496\" srcset=\"https:\/\/goerdeler.lspb.de\/wordpress\/wp-content\/uploads\/DSC02710_3.jpg 900w, https:\/\/goerdeler.lspb.de\/wordpress\/wp-content\/uploads\/DSC02710_3-300x201.jpg 300w, https:\/\/goerdeler.lspb.de\/wordpress\/wp-content\/uploads\/DSC02710_3-768x514.jpg 768w\" sizes=\"auto, (max-width: 900px) 100vw, 900px\" \/><\/figure>\n\n\n\n<figure class=\"wp-block-image\"><img loading=\"lazy\" decoding=\"async\" width=\"900\" height=\"602\" data-id=\"9495\" src=\"https:\/\/goerdeler.lspb.de\/wordpress\/wp-content\/uploads\/DSC02686_4.jpg\" alt=\"\" class=\"wp-image-9495\" srcset=\"https:\/\/goerdeler.lspb.de\/wordpress\/wp-content\/uploads\/DSC02686_4.jpg 900w, https:\/\/goerdeler.lspb.de\/wordpress\/wp-content\/uploads\/DSC02686_4-300x201.jpg 300w, https:\/\/goerdeler.lspb.de\/wordpress\/wp-content\/uploads\/DSC02686_4-768x514.jpg 768w\" sizes=\"auto, (max-width: 900px) 100vw, 900px\" \/><\/figure>\n<\/figure>\n\n\n\n<p>Die Sch\u00fcler:innenb\u00fcchereii dient nicht dazu, Antworten auf altbekannte Fragen zu finden, um dann die Besch\u00e4ftigung mit einem Thema beenden zu k\u00f6nnen. Dazu gen\u00fcgt in der Regel ein gutes Lexikon oder eine Internetrecherche. Wir wollen den Kindern und Jugendlichen stattdessen Leseerfahrungen erm\u00f6glichen, die ihnen im besten Fall T\u00fcren \u00f6ffnen, sie neue Denk- und Lebenswege erkennen lassen und ihren Horizont erweitern.<\/p>\n\n\n\n<figure class=\"wp-block-gallery has-nested-images columns-default is-cropped wp-block-gallery-3 is-layout-flex wp-block-gallery-is-layout-flex\">\n<figure class=\"wp-block-image\"><img loading=\"lazy\" decoding=\"async\" width=\"900\" height=\"602\" data-id=\"9494\" src=\"https:\/\/goerdeler.lspb.de\/wordpress\/wp-content\/uploads\/DSC02678_5.jpg\" alt=\"\" class=\"wp-image-9494\" srcset=\"https:\/\/goerdeler.lspb.de\/wordpress\/wp-content\/uploads\/DSC02678_5.jpg 900w, https:\/\/goerdeler.lspb.de\/wordpress\/wp-content\/uploads\/DSC02678_5-300x201.jpg 300w, https:\/\/goerdeler.lspb.de\/wordpress\/wp-content\/uploads\/DSC02678_5-768x514.jpg 768w\" sizes=\"auto, (max-width: 900px) 100vw, 900px\" \/><\/figure>\n\n\n\n<figure class=\"wp-block-image\"><img loading=\"lazy\" decoding=\"async\" width=\"900\" height=\"602\" data-id=\"9493\" src=\"https:\/\/goerdeler.lspb.de\/wordpress\/wp-content\/uploads\/DSC02674_2.jpg\" alt=\"\" class=\"wp-image-9493\" srcset=\"https:\/\/goerdeler.lspb.de\/wordpress\/wp-content\/uploads\/DSC02674_2.jpg 900w, https:\/\/goerdeler.lspb.de\/wordpress\/wp-content\/uploads\/DSC02674_2-300x201.jpg 300w, https:\/\/goerdeler.lspb.de\/wordpress\/wp-content\/uploads\/DSC02674_2-768x514.jpg 768w\" sizes=\"auto, (max-width: 900px) 100vw, 900px\" \/><\/figure>\n<\/figure>\n\n\n\n<p>Um m\u00f6glichst vielen Sch\u00fclerinnen und Sch\u00fclern die selbstbestimmte Auseinandersetzung mit dem Medium Buch zu erm\u00f6glichen, bem\u00fchen wir uns um ein vielf\u00e4ltiges Buchangebot und die Pflege der Lesekultur an unserer Schule. Die Sch\u00fcler:innenb\u00fccherei im Herzen unserer Schule ist ein Ort, um sich zur\u00fcckzuziehen, in sich zu gehen, zu lesen, sich zu sammeln und zu zerstreuen.<\/p>\n","protected":false},"excerpt":{"rendered":"<p>An Zerstreuung l\u00e4sst es uns die Welt nicht fehlen. Wenn ich lese, will ich mich sammeln. Johann Wolfgang von Goethe Die Sch\u00fcler:innenb\u00fccherei des Goerdeler Gymnasiums hat eine lange Geschichte. Etwa seit vier Jahrzehnten befindet sie sich in demselben, zentral gelegenen Raum in der Pausenhalle der Schule. Parallel zur Renovierung der angrenzenden Klassen- und Fachr\u00e4ume erfuhr [&hellip;]<\/p>\n","protected":false},"author":11,"featured_media":9501,"parent":4304,"menu_order":13,"comment_status":"closed","ping_status":"closed","template":"","meta":{"_themeisle_gutenberg_block_has_review":false,"_mc_calendar":[],"footnotes":""},"class_list":["post-9490","page","type-page","status-publish","has-post-thumbnail","hentry"],"_links":{"self":[{"href":"https:\/\/goerdeler.lspb.de\/wordpress\/wp-json\/wp\/v2\/pages\/9490","targetHints":{"allow":["GET"]}}],"collection":[{"href":"https:\/\/goerdeler.lspb.de\/wordpress\/wp-json\/wp\/v2\/pages"}],"about":[{"href":"https:\/\/goerdeler.lspb.de\/wordpress\/wp-json\/wp\/v2\/types\/page"}],"author":[{"embeddable":true,"href":"https:\/\/goerdeler.lspb.de\/wordpress\/wp-json\/wp\/v2\/users\/11"}],"replies":[{"embeddable":true,"href":"https:\/\/goerdeler.lspb.de\/wordpress\/wp-json\/wp\/v2\/comments?post=9490"}],"version-history":[{"count":4,"href":"https:\/\/goerdeler.lspb.de\/wordpress\/wp-json\/wp\/v2\/pages\/9490\/revisions"}],"predecessor-version":[{"id":18332,"href":"https:\/\/goerdeler.lspb.de\/wordpress\/wp-json\/wp\/v2\/pages\/9490\/revisions\/18332"}],"up":[{"embeddable":true,"href":"https:\/\/goerdeler.lspb.de\/wordpress\/wp-json\/wp\/v2\/pages\/4304"}],"wp:featuredmedia":[{"embeddable":true,"href":"https:\/\/goerdeler.lspb.de\/wordpress\/wp-json\/wp\/v2\/media\/9501"}],"wp:attachment":[{"href":"https:\/\/goerdeler.lspb.de\/wordpress\/wp-json\/wp\/v2\/media?parent=9490"}],"curies":[{"name":"wp","href":"https:\/\/api.w.org\/{rel}","templated":true}]}}