{"id":9503,"date":"2019-11-12T15:10:43","date_gmt":"2019-11-12T14:10:43","guid":{"rendered":"https:\/\/goerdeler.lspb.de\/wordpress\/?page_id=9503"},"modified":"2024-08-29T08:01:09","modified_gmt":"2024-08-29T06:01:09","slug":"schueler-helfen-schuelern","status":"publish","type":"page","link":"https:\/\/goerdeler.lspb.de\/wordpress\/schueler-helfen-schuelern\/","title":{"rendered":"GoerdeLernteams"},"content":{"rendered":"\n<figure class=\"wp-block-image size-full\"><a href=\"https:\/\/goerdeler.lspb.de\/wordpress\/wp-content\/uploads\/Goerdelernteams.jpg\"><img loading=\"lazy\" decoding=\"async\" width=\"967\" height=\"253\" src=\"https:\/\/goerdeler.lspb.de\/wordpress\/wp-content\/uploads\/Goerdelernteams.jpg\" alt=\"\" class=\"wp-image-12535\" srcset=\"https:\/\/goerdeler.lspb.de\/wordpress\/wp-content\/uploads\/Goerdelernteams.jpg 967w, https:\/\/goerdeler.lspb.de\/wordpress\/wp-content\/uploads\/Goerdelernteams-300x78.jpg 300w, https:\/\/goerdeler.lspb.de\/wordpress\/wp-content\/uploads\/Goerdelernteams-768x201.jpg 768w\" sizes=\"auto, (max-width: 967px) 100vw, 967px\" \/><\/a><\/figure>\n\n\n\n<h3 class=\"wp-block-heading has-text-align-center\">Ein F\u00f6rderprojekt, von dem alle profitieren<\/h3>\n\n\n\n\n\n<p>Schon seit l\u00e4ngerer Zeit bietet unsere Schule ein Unterst\u00fctzungssystem f\u00fcr Sch\u00fclerinnen und Sch\u00fcler der Sekundarstufe I an.<\/p>\n\n\n\n<p>Dieses F\u00f6rderprojekt hat sich unter dem Namen \u201eSch\u00fcler helfen Sch\u00fclern\u201c bereits gut bew\u00e4hrt und eignet sich prinzipiell f\u00fcr alle F\u00e4cher, wird aber nat\u00fcrlich besonders in den Hauptf\u00e4chern in Anspruch genommen. Wir m\u00f6chten es hier kurz vorstellen.<\/p>\n\n\n\n<p>Die F\u00f6rderung erfolgt durch geeignete Sch\u00fcler*innen (Tutor:inn:en) der Sekundarstufe II, vereinzelt auch bereits der Stufen 9 und 10. Die Tutor:inn:en nehmen Kontakt zu den jeweiligen Fachlehrer:inne:n auf und informieren sich \u00fcber die Lernst\u00e4nde der zu betreuenden Sch\u00fcler:innen, um so gezielt wie m\u00f6glich helfen zu k\u00f6nnen.<br>Sie f\u00fchren Protokoll \u00fcber die geleistete Arbeit und k\u00f6nnen sich diese auf dem Zeugnis bescheinigen lassen.<\/p>\n\n\n\n<p>Die einzelnen Sitzungen dauern zwischen 45 und 90 Minuten im Anschluss an den Unterricht oder nach Vereinbarung am Nachmittag. Auch der Ort ist Vereinbarungssache; die F\u00f6rderung kann sowohl in der Schule als auch an jedem anderen Ort stattfinden.<\/p>\n\n\n\n<p>In der Regel handelt es sich um Einzelunterricht. Es ist aber auch m\u00f6glich, dass sich bis zu 3 Sch\u00fcler:innen einer Klasse\/eines Kurses zu einer Kleingruppe zusammenschlie\u00dfen (dies ist dann allerdings selbst zu organisieren). Die Verg\u00fctung f\u00fcr den Tutor \/ die Tutorin wird entsprechend aufgeteilt.<\/p>\n\n\n\n<p>Die Preise sind folgenderma\u00dfen gestaffelt:<\/p>\n\n\n<table>\n<tbody>\n<tr>\n<td width=\"174\">\u00a0<\/td>\n<td width=\"121\">\n<p>45 Minuten<\/p>\n<\/td>\n<td width=\"120\">\n<p>90 Minuten<\/p>\n<\/td>\n<\/tr>\n<tr>\n<td width=\"174\">\n<p>3 Sch\u00fcler\/innen<\/p>\n<\/td>\n<td width=\"121\">\n<p>je 3 \u20ac<\/p>\n<\/td>\n<td width=\"120\">\n<p>\u00a0je 5 \u20ac<\/p>\n<\/td>\n<\/tr>\n<tr>\n<td width=\"174\">\n<p>2 Sch\u00fcler\/innen<\/p>\n<\/td>\n<td width=\"121\">\n<p>je 4 \u20ac<\/p>\n<\/td>\n<td width=\"120\">\n<p>je 7 \u20ac<\/p>\n<\/td>\n<\/tr>\n<tr>\n<td width=\"174\">\n<p>1 Sch\u00fcler\/in<\/p>\n<\/td>\n<td width=\"121\">\n<p>je 8 \u20ac<\/p>\n<\/td>\n<td width=\"120\">\n<p>je 15 \u20ac<\/p>\n<\/td>\n<\/tr>\n<\/tbody>\n<\/table>\n<p>F\u00fcr Nachfragen stehen gern zur Verf\u00fcgung<\/p>\n<p><a href=\"mailto:jschnei5@lspb.de\">Frau Busche<\/a> und <a href=\"mailto:sglitz2@lspb.de\">Frau Glitz<\/a><\/p>\n<p>Anmeldeformulare gibt es am Schwarzen Brett neben dem Eingang zum Lehrerzimmer <br \/>oder hier:<\/p>\n<p><a href=\"https:\/\/goerdeler.lspb.de\/wordpress\/wp-content\/uploads\/Anmeldeformular-Eltern-2.pdf\">Anmeldeformular f\u00fcr Eltern von Sch\u00fclerinnen und Sch\u00fclern, die F\u00f6rderung ben\u00f6tigen<\/a><\/p>\n<p><a href=\"https:\/\/goerdeler.lspb.de\/wordpress\/wp-content\/uploads\/Anmeldeformular-Tutoren-4.pdf\">Anmeldeformular f\u00fcr Tutor:innen<\/a><\/p>\n\n\n<p><\/p>\n\n\n\n<figure class=\"wp-block-gallery has-nested-images columns-default is-cropped wp-block-gallery-1 is-layout-flex wp-block-gallery-is-layout-flex\"><\/figure>\n","protected":false},"excerpt":{"rendered":"<p>Ein F\u00f6rderprojekt, von dem alle profitieren Schon seit l\u00e4ngerer Zeit bietet unsere Schule ein Unterst\u00fctzungssystem f\u00fcr Sch\u00fclerinnen und Sch\u00fcler der Sekundarstufe I an. Dieses F\u00f6rderprojekt hat sich unter dem Namen \u201eSch\u00fcler helfen Sch\u00fclern\u201c bereits gut bew\u00e4hrt und eignet sich prinzipiell f\u00fcr alle F\u00e4cher, wird aber nat\u00fcrlich besonders in den Hauptf\u00e4chern in Anspruch genommen. Wir m\u00f6chten [&hellip;]<\/p>\n","protected":false},"author":11,"featured_media":0,"parent":0,"menu_order":6,"comment_status":"closed","ping_status":"closed","template":"","meta":{"_themeisle_gutenberg_block_has_review":false,"_mc_calendar":[],"footnotes":""},"class_list":["post-9503","page","type-page","status-publish","hentry"],"_links":{"self":[{"href":"https:\/\/goerdeler.lspb.de\/wordpress\/wp-json\/wp\/v2\/pages\/9503","targetHints":{"allow":["GET"]}}],"collection":[{"href":"https:\/\/goerdeler.lspb.de\/wordpress\/wp-json\/wp\/v2\/pages"}],"about":[{"href":"https:\/\/goerdeler.lspb.de\/wordpress\/wp-json\/wp\/v2\/types\/page"}],"author":[{"embeddable":true,"href":"https:\/\/goerdeler.lspb.de\/wordpress\/wp-json\/wp\/v2\/users\/11"}],"replies":[{"embeddable":true,"href":"https:\/\/goerdeler.lspb.de\/wordpress\/wp-json\/wp\/v2\/comments?post=9503"}],"version-history":[{"count":16,"href":"https:\/\/goerdeler.lspb.de\/wordpress\/wp-json\/wp\/v2\/pages\/9503\/revisions"}],"predecessor-version":[{"id":16153,"href":"https:\/\/goerdeler.lspb.de\/wordpress\/wp-json\/wp\/v2\/pages\/9503\/revisions\/16153"}],"wp:attachment":[{"href":"https:\/\/goerdeler.lspb.de\/wordpress\/wp-json\/wp\/v2\/media?parent=9503"}],"curies":[{"name":"wp","href":"https:\/\/api.w.org\/{rel}","templated":true}]}}