{"id":9545,"date":"2019-11-18T11:52:29","date_gmt":"2019-11-18T10:52:29","guid":{"rendered":"https:\/\/goerdeler.lspb.de\/wordpress\/?page_id=9545"},"modified":"2024-09-30T15:55:23","modified_gmt":"2024-09-30T13:55:23","slug":"attenborough-school-in-sennelager","status":"publish","type":"page","link":"https:\/\/goerdeler.lspb.de\/wordpress\/profil\/schueleraustausch\/attenborough-school-in-sennelager\/","title":{"rendered":"Attenborough School in Sennelager"},"content":{"rendered":"\n<p>Die Fachschaft Englisch freut sich, mit der britischen Auslandsschule \u201cAttenborough School\u201d vor den Toren Paderborns in Sennelager einen Austausch auf Gegenseitigkeit aufzunehmen.<\/p>\n\n\n\n<p>Die Attenborough School ist eine zertifizierte \u201cGreen Tree School\u201d und misst der Bildung f\u00fcr Nachhaltigkeit und sozialer Gerechtigkeit einen gro\u00dfen Wert bei. Die Klassen 1-6 werden dort in kleinen Lerngruppen unterrichtet.<\/p>\n\n\n\n<p>Einige Sch\u00fclerinnen und Sch\u00fcler unserer Klassen 6 k\u00f6nnen den neu initiierten Austausch erleben. Aufgrund der kleinen Lerngruppen in der AttenboroughSchool k\u00f6nnen maximal 15 Sch\u00fclerinnen und Sch\u00fcler an diesem Austausch teilnehmen. Die Englischlehrer\/-innen der Jahrgangsstufe 6 m\u00fcssen daher eine Auswahl an interessierten Kindern vornehmen.<br>Das Anforderungsprofil f\u00fcr diesen Austausch ber\u00fccksichtigt die guten Sprachleistungen im Englischunterricht sowie kulturelle Offenheit, Neugierde und soziale Kompetenzen.<br>In einem Motivationsschreiben d\u00fcrfen sich interessierte Sch\u00fclerinnen und Sch\u00fcler f\u00fcr einen Platz im Austauschprogramm bewerben.<\/p>\n\n\n\n<p><a href=\"https:\/\/www.attenborough.school\">https:\/\/www.attenborough.school<\/a><\/p>\n\n\n\n<h2 class=\"wp-block-heading\">Veranstaltungen und Ereignisse<\/h2>\n\n\n<div class=\"wp-block-themeisle-blocks-posts-grid\" id=\"wp-block-themeisle-blocks-posts-grid-8960b330\"><div class=\"is-list\"><div class=\"o-posts-grid-post-blog o-posts-grid-post-plain\"><div class=\"o-posts-grid-post\"><div class=\"o-posts-grid-post-image\"><a href=\"https:\/\/goerdeler.lspb.de\/wordpress\/austauschtag-an-der-attenborough-school\/\"><img loading=\"lazy\" decoding=\"async\" width=\"900\" height=\"675\" src=\"https:\/\/goerdeler.lspb.de\/wordpress\/wp-content\/uploads\/01_HP.jpg\" class=\"attachment-full size-full\" alt=\"Austauschtag an der Attenborough School\" srcset=\"https:\/\/goerdeler.lspb.de\/wordpress\/wp-content\/uploads\/01_HP.jpg 900w, https:\/\/goerdeler.lspb.de\/wordpress\/wp-content\/uploads\/01_HP-300x225.jpg 300w, https:\/\/goerdeler.lspb.de\/wordpress\/wp-content\/uploads\/01_HP-768x576.jpg 768w, https:\/\/goerdeler.lspb.de\/wordpress\/wp-content\/uploads\/01_HP-585x440.jpg 585w, https:\/\/goerdeler.lspb.de\/wordpress\/wp-content\/uploads\/01_HP-230x172.jpg 230w\" sizes=\"(max-width: 900px) 100vw, 900px\" \/><\/a><\/div><div class=\"o-posts-grid-post-body\"><h4 class=\"o-posts-grid-post-title\"><a href=\"https:\/\/goerdeler.lspb.de\/wordpress\/austauschtag-an-der-attenborough-school\/\">Austauschtag an der Attenborough School<\/a><\/h4><div class=\"o-posts-grid-post-description\"><p>In der zweiten Novemberwoche war es endlich soweit: Wir starteten mit unserem ersten Besuch in diese\u2026<\/p><\/div><\/div><\/div><\/div><div class=\"o-posts-grid-post-blog o-posts-grid-post-plain\"><div class=\"o-posts-grid-post\"><div class=\"o-posts-grid-post-image\"><a href=\"https:\/\/goerdeler.lspb.de\/wordpress\/wildwest-feeling-in-unserer-aula-das-phoenix-theatre-zu-gas\/\"><img loading=\"lazy\" decoding=\"async\" width=\"900\" height=\"600\" src=\"https:\/\/goerdeler.lspb.de\/wordpress\/wp-content\/uploads\/1_PhoenixTheatre.jpg\" class=\"attachment-full size-full\" alt=\"Wildwest-Feeling in unserer Aula \u2013 das Phoenix Theatre zu Gast\" srcset=\"https:\/\/goerdeler.lspb.de\/wordpress\/wp-content\/uploads\/1_PhoenixTheatre.jpg 900w, https:\/\/goerdeler.lspb.de\/wordpress\/wp-content\/uploads\/1_PhoenixTheatre-300x200.jpg 300w, https:\/\/goerdeler.lspb.de\/wordpress\/wp-content\/uploads\/1_PhoenixTheatre-768x512.jpg 768w\" sizes=\"(max-width: 900px) 100vw, 900px\" \/><\/a><\/div><div class=\"o-posts-grid-post-body\"><h4 class=\"o-posts-grid-post-title\"><a href=\"https:\/\/goerdeler.lspb.de\/wordpress\/wildwest-feeling-in-unserer-aula-das-phoenix-theatre-zu-gas\/\">Wildwest-Feeling in unserer Aula \u2013 das Phoenix Theatre zu Gast<\/a><\/h4><div class=\"o-posts-grid-post-description\"><p>Die Fachschaft Englisch freut sich sehr, dass sie auch in diesem Jahr wieder das englischsprachige T\u2026<\/p><\/div><\/div><\/div><\/div><div class=\"o-posts-grid-post-blog o-posts-grid-post-plain\"><div class=\"o-posts-grid-post\"><div class=\"o-posts-grid-post-image\"><a href=\"https:\/\/goerdeler.lspb.de\/wordpress\/training-day-mit-den-paderborn-dolphins\/\"><img loading=\"lazy\" decoding=\"async\" width=\"900\" height=\"675\" src=\"https:\/\/goerdeler.lspb.de\/wordpress\/wp-content\/uploads\/2025-05-22_Attenborough_1.jpg\" class=\"attachment-full size-full\" alt=\"Training-Day mit den Paderborn Dolphins\" srcset=\"https:\/\/goerdeler.lspb.de\/wordpress\/wp-content\/uploads\/2025-05-22_Attenborough_1.jpg 900w, https:\/\/goerdeler.lspb.de\/wordpress\/wp-content\/uploads\/2025-05-22_Attenborough_1-300x225.jpg 300w, https:\/\/goerdeler.lspb.de\/wordpress\/wp-content\/uploads\/2025-05-22_Attenborough_1-768x576.jpg 768w, https:\/\/goerdeler.lspb.de\/wordpress\/wp-content\/uploads\/2025-05-22_Attenborough_1-585x440.jpg 585w, https:\/\/goerdeler.lspb.de\/wordpress\/wp-content\/uploads\/2025-05-22_Attenborough_1-230x172.jpg 230w\" sizes=\"(max-width: 900px) 100vw, 900px\" \/><\/a><\/div><div class=\"o-posts-grid-post-body\"><h4 class=\"o-posts-grid-post-title\"><a href=\"https:\/\/goerdeler.lspb.de\/wordpress\/training-day-mit-den-paderborn-dolphins\/\">Training-Day mit den Paderborn Dolphins<\/a><\/h4><div class=\"o-posts-grid-post-description\"><p>Am 22.Mai waren wieder unsere Freunde von der Attenborough School in Sennelager bei uns zu Gast. Auf\u2026<\/p><\/div><\/div><\/div><\/div><div class=\"o-posts-grid-post-blog o-posts-grid-post-plain\"><div class=\"o-posts-grid-post\"><div class=\"o-posts-grid-post-image\"><a href=\"https:\/\/goerdeler.lspb.de\/wordpress\/austauschtag-mit-der-attenborough-school\/\"><img loading=\"lazy\" decoding=\"async\" width=\"900\" height=\"675\" src=\"https:\/\/goerdeler.lspb.de\/wordpress\/wp-content\/uploads\/2025-03-10_Attenborough_1.jpg\" class=\"attachment-full size-full\" alt=\"Austauschtag mit der Attenborough School\" srcset=\"https:\/\/goerdeler.lspb.de\/wordpress\/wp-content\/uploads\/2025-03-10_Attenborough_1.jpg 900w, https:\/\/goerdeler.lspb.de\/wordpress\/wp-content\/uploads\/2025-03-10_Attenborough_1-300x225.jpg 300w, https:\/\/goerdeler.lspb.de\/wordpress\/wp-content\/uploads\/2025-03-10_Attenborough_1-768x576.jpg 768w, https:\/\/goerdeler.lspb.de\/wordpress\/wp-content\/uploads\/2025-03-10_Attenborough_1-585x440.jpg 585w, https:\/\/goerdeler.lspb.de\/wordpress\/wp-content\/uploads\/2025-03-10_Attenborough_1-230x172.jpg 230w\" sizes=\"(max-width: 900px) 100vw, 900px\" \/><\/a><\/div><div class=\"o-posts-grid-post-body\"><h4 class=\"o-posts-grid-post-title\"><a href=\"https:\/\/goerdeler.lspb.de\/wordpress\/austauschtag-mit-der-attenborough-school\/\">Austauschtag mit der Attenborough School<\/a><\/h4><div class=\"o-posts-grid-post-description\"><p>Am 6. M\u00e4rz war es wieder soweit: eine Gruppe von 15 Sch\u00fcler:innen unserer 6. Klassen fuhr zu ihrer P\u2026<\/p><\/div><\/div><\/div><\/div><div class=\"o-posts-grid-post-blog o-posts-grid-post-plain\"><div class=\"o-posts-grid-post\"><div class=\"o-posts-grid-post-image\"><a href=\"https:\/\/goerdeler.lspb.de\/wordpress\/welcome-to-goerdeler-austausch-mit-der-attenborough-school\/\"><img loading=\"lazy\" decoding=\"async\" width=\"900\" height=\"675\" src=\"https:\/\/goerdeler.lspb.de\/wordpress\/wp-content\/uploads\/2024-09-26_Attenborough_1.jpg\" class=\"attachment-full size-full\" alt=\"Welcome to Goerdeler! \u00a0&#8211; Austausch mit der Attenborough School\" srcset=\"https:\/\/goerdeler.lspb.de\/wordpress\/wp-content\/uploads\/2024-09-26_Attenborough_1.jpg 900w, https:\/\/goerdeler.lspb.de\/wordpress\/wp-content\/uploads\/2024-09-26_Attenborough_1-300x225.jpg 300w, https:\/\/goerdeler.lspb.de\/wordpress\/wp-content\/uploads\/2024-09-26_Attenborough_1-768x576.jpg 768w, https:\/\/goerdeler.lspb.de\/wordpress\/wp-content\/uploads\/2024-09-26_Attenborough_1-585x440.jpg 585w, https:\/\/goerdeler.lspb.de\/wordpress\/wp-content\/uploads\/2024-09-26_Attenborough_1-230x172.jpg 230w\" sizes=\"(max-width: 900px) 100vw, 900px\" \/><\/a><\/div><div class=\"o-posts-grid-post-body\"><h4 class=\"o-posts-grid-post-title\"><a href=\"https:\/\/goerdeler.lspb.de\/wordpress\/welcome-to-goerdeler-austausch-mit-der-attenborough-school\/\">Welcome to Goerdeler! \u00a0&#8211; Austausch mit der Attenborough School<\/a><\/h4><div class=\"o-posts-grid-post-description\"><p>Am 26. September konnten wir zum ersten Mal in diesem Schuljahr unsere Freunde von der Attenborough \u2026<\/p><\/div><\/div><\/div><\/div><div class=\"o-posts-grid-post-blog o-posts-grid-post-plain\"><div class=\"o-posts-grid-post\"><div class=\"o-posts-grid-post-image\"><a href=\"https:\/\/goerdeler.lspb.de\/wordpress\/a-day-at-forest-school-austausch-mit-der-attenborough-school\/\"><img loading=\"lazy\" decoding=\"async\" width=\"900\" height=\"675\" src=\"https:\/\/goerdeler.lspb.de\/wordpress\/wp-content\/uploads\/2024-04-12_Attenborough_1.jpg\" class=\"attachment-full size-full\" alt=\"A Day at Forest School &#8211; Austausch mit der Attenborough School\" srcset=\"https:\/\/goerdeler.lspb.de\/wordpress\/wp-content\/uploads\/2024-04-12_Attenborough_1.jpg 900w, https:\/\/goerdeler.lspb.de\/wordpress\/wp-content\/uploads\/2024-04-12_Attenborough_1-300x225.jpg 300w, https:\/\/goerdeler.lspb.de\/wordpress\/wp-content\/uploads\/2024-04-12_Attenborough_1-768x576.jpg 768w, https:\/\/goerdeler.lspb.de\/wordpress\/wp-content\/uploads\/2024-04-12_Attenborough_1-585x440.jpg 585w, https:\/\/goerdeler.lspb.de\/wordpress\/wp-content\/uploads\/2024-04-12_Attenborough_1-230x172.jpg 230w\" sizes=\"(max-width: 900px) 100vw, 900px\" \/><\/a><\/div><div class=\"o-posts-grid-post-body\"><h4 class=\"o-posts-grid-post-title\"><a href=\"https:\/\/goerdeler.lspb.de\/wordpress\/a-day-at-forest-school-austausch-mit-der-attenborough-school\/\">A Day at Forest School &#8211; Austausch mit der Attenborough School<\/a><\/h4><div class=\"o-posts-grid-post-description\"><p>Am 10.April war es wieder soweit. Die Sechstkl\u00e4ssler:innen besuchten zum zweiten Mal in diesem Schul\u2026<\/p><\/div><\/div><\/div><\/div><\/div> <\/div>\n\n\n<p><\/p>\n","protected":false},"excerpt":{"rendered":"<p>Die Fachschaft Englisch freut sich, mit der britischen Auslandsschule \u201cAttenborough School\u201d vor den Toren Paderborns in Sennelager einen Austausch auf Gegenseitigkeit aufzunehmen. Die Attenborough School ist eine zertifizierte \u201cGreen Tree School\u201d und misst der Bildung f\u00fcr Nachhaltigkeit und sozialer Gerechtigkeit einen gro\u00dfen Wert bei. Die Klassen 1-6 werden dort in kleinen Lerngruppen unterrichtet. Einige Sch\u00fclerinnen [&hellip;]<\/p>\n","protected":false},"author":11,"featured_media":0,"parent":3632,"menu_order":22,"comment_status":"closed","ping_status":"closed","template":"","meta":{"_themeisle_gutenberg_block_has_review":false,"_mc_calendar":[],"footnotes":""},"class_list":["post-9545","page","type-page","status-publish","hentry"],"_links":{"self":[{"href":"https:\/\/goerdeler.lspb.de\/wordpress\/wp-json\/wp\/v2\/pages\/9545","targetHints":{"allow":["GET"]}}],"collection":[{"href":"https:\/\/goerdeler.lspb.de\/wordpress\/wp-json\/wp\/v2\/pages"}],"about":[{"href":"https:\/\/goerdeler.lspb.de\/wordpress\/wp-json\/wp\/v2\/types\/page"}],"author":[{"embeddable":true,"href":"https:\/\/goerdeler.lspb.de\/wordpress\/wp-json\/wp\/v2\/users\/11"}],"replies":[{"embeddable":true,"href":"https:\/\/goerdeler.lspb.de\/wordpress\/wp-json\/wp\/v2\/comments?post=9545"}],"version-history":[{"count":8,"href":"https:\/\/goerdeler.lspb.de\/wordpress\/wp-json\/wp\/v2\/pages\/9545\/revisions"}],"predecessor-version":[{"id":16399,"href":"https:\/\/goerdeler.lspb.de\/wordpress\/wp-json\/wp\/v2\/pages\/9545\/revisions\/16399"}],"up":[{"embeddable":true,"href":"https:\/\/goerdeler.lspb.de\/wordpress\/wp-json\/wp\/v2\/pages\/3632"}],"wp:attachment":[{"href":"https:\/\/goerdeler.lspb.de\/wordpress\/wp-json\/wp\/v2\/media?parent=9545"}],"curies":[{"name":"wp","href":"https:\/\/api.w.org\/{rel}","templated":true}]}}