{"id":9745,"date":"2020-02-03T11:09:15","date_gmt":"2020-02-03T10:09:15","guid":{"rendered":"https:\/\/goerdeler.lspb.de\/wordpress\/?page_id=9745"},"modified":"2020-02-05T14:41:40","modified_gmt":"2020-02-05T13:41:40","slug":"connext","status":"publish","type":"page","link":"https:\/\/goerdeler.lspb.de\/wordpress\/profil\/kooperationen\/connext\/","title":{"rendered":"Connext"},"content":{"rendered":"\n<p>Die Paderborner IT-Fima Connext Communication GmbH mit sechs Standorten in Deutschland&nbsp; und das Goerdeler-Gymnasium habe ihre Bildungspartnerschaft im Januar 2020 in einem Kooperationsvertrag festgehalten.<br>Die zukunftsweisenden Berufsfelder aus der Arbeitswelt der Informationstechnologie sollen Sch\u00fclerinnen und Sch\u00fclern mit praktischen Einblicken nahe gebracht werden.<br>Praxistage zur Berufsfelderkundung, Sch\u00fclerpraktika, Bewerbungstrainings und betriebsinterne Veranstaltungen f\u00fcr Sch\u00fcler ab Klasse 7 sowie eine Arbeitsgemeinschaft f\u00fcr M\u00e4dchen unter dem Motto \u201eIT zum Anfassen und Ausprobieren\u201c sind einige der konkret vereinbarten Angebote.<\/p>\n\n\n\n<p><a href=\"http:\/\/www.connext.de\">www.connext.de<\/a><\/p>\n","protected":false},"excerpt":{"rendered":"<p>Die Paderborner IT-Fima Connext Communication GmbH mit sechs Standorten in Deutschland&nbsp; und das Goerdeler-Gymnasium habe ihre Bildungspartnerschaft im Januar 2020 in einem Kooperationsvertrag festgehalten.Die zukunftsweisenden Berufsfelder aus der Arbeitswelt der Informationstechnologie sollen Sch\u00fclerinnen und Sch\u00fclern mit praktischen Einblicken nahe gebracht werden.Praxistage zur Berufsfelderkundung, Sch\u00fclerpraktika, Bewerbungstrainings und betriebsinterne Veranstaltungen f\u00fcr Sch\u00fcler ab Klasse 7 sowie eine [&hellip;]<\/p>\n","protected":false},"author":11,"featured_media":9746,"parent":4326,"menu_order":16,"comment_status":"closed","ping_status":"closed","template":"","meta":{"_themeisle_gutenberg_block_has_review":false,"_mc_calendar":[],"footnotes":""},"class_list":["post-9745","page","type-page","status-publish","has-post-thumbnail","hentry"],"_links":{"self":[{"href":"https:\/\/goerdeler.lspb.de\/wordpress\/wp-json\/wp\/v2\/pages\/9745","targetHints":{"allow":["GET"]}}],"collection":[{"href":"https:\/\/goerdeler.lspb.de\/wordpress\/wp-json\/wp\/v2\/pages"}],"about":[{"href":"https:\/\/goerdeler.lspb.de\/wordpress\/wp-json\/wp\/v2\/types\/page"}],"author":[{"embeddable":true,"href":"https:\/\/goerdeler.lspb.de\/wordpress\/wp-json\/wp\/v2\/users\/11"}],"replies":[{"embeddable":true,"href":"https:\/\/goerdeler.lspb.de\/wordpress\/wp-json\/wp\/v2\/comments?post=9745"}],"version-history":[{"count":4,"href":"https:\/\/goerdeler.lspb.de\/wordpress\/wp-json\/wp\/v2\/pages\/9745\/revisions"}],"predecessor-version":[{"id":9772,"href":"https:\/\/goerdeler.lspb.de\/wordpress\/wp-json\/wp\/v2\/pages\/9745\/revisions\/9772"}],"up":[{"embeddable":true,"href":"https:\/\/goerdeler.lspb.de\/wordpress\/wp-json\/wp\/v2\/pages\/4326"}],"wp:featuredmedia":[{"embeddable":true,"href":"https:\/\/goerdeler.lspb.de\/wordpress\/wp-json\/wp\/v2\/media\/9746"}],"wp:attachment":[{"href":"https:\/\/goerdeler.lspb.de\/wordpress\/wp-json\/wp\/v2\/media?parent=9745"}],"curies":[{"name":"wp","href":"https:\/\/api.w.org\/{rel}","templated":true}]}}