{"id":9761,"date":"2020-02-14T10:22:03","date_gmt":"2020-02-14T09:22:03","guid":{"rendered":"https:\/\/goerdeler.lspb.de\/wordpress\/?page_id=9761"},"modified":"2024-12-05T13:46:17","modified_gmt":"2024-12-05T12:46:17","slug":"busverbindungen","status":"publish","type":"page","link":"https:\/\/goerdeler.lspb.de\/wordpress\/busverbindungen\/","title":{"rendered":"Busverbindungen"},"content":{"rendered":"\n<p>Die folgenden Buslinien fahren die Schul-Haltestelle morgens bzw. mittags an: <\/p>\n\n\n\n<ul class=\"wp-block-list\">\n<li>E1 Sonderlinie <em>(Richtung Kaukenberg)<\/em><\/li>\n\n\n\n<li>E4 <em>(Richtung Westerntor)<\/em><\/li>\n\n\n\n<li>E6 <em>(Richtung Westerntor)<\/em><\/li>\n\n\n\n<li>Linie 6 <em>(Richtung Elsen, Bohlenweg)<\/em><\/li>\n<\/ul>\n\n\n\n<p>Folgende Linien fahren die in direkter N\u00e4he liegenden Haltstellen mehrfach t\u00e4glich an:  <\/p>\n\n\n\n<p>Riemekerfeld, Delpstrasse<\/p>\n\n\n\n<ul class=\"wp-block-list\">\n<li>Linie 4 (Dahl-Sande)<\/li>\n\n\n\n<li>Linie 6 (Sande-Bahneinschnitt)<\/li>\n<\/ul>\n\n\n\n<p>Goerdelerstrasse<\/p>\n\n\n\n<ul class=\"wp-block-list\">\n<li>Linie 8 (Neuenbeken-Gesseln)<\/li>\n\n\n\n<li>Linie 10 (Schlo\u00df Neuhaus)<\/li>\n\n\n\n<li>Linie 20 (Uni-S\u00fcdring)<\/li>\n\n\n\n<li>Linie 44 (Elsen)<\/li>\n\n\n\n<li>Regionalbusse (Borchen-Alfen, Lichtenau-Ebbinghausen, Elsen)<\/li>\n<\/ul>\n\n\n\n<p class=\"has-text-align-right\"><em>(Stand: November 2024, Angaben ohne Gew\u00e4hr)<\/em><\/p>\n\n\n\n<p>N\u00e4here Informationen zu aktuellen Busfahrzeiten und Linien\nerhalten sie bei<\/p>\n\n\n\n<p><a href=\"http:\/\/www.padersprinter.de\">www.padersprinter.de<\/a><\/p>\n\n\n\n<p><a href=\"http:\/\/www.westfalenfahrplan.de\">www.westfalenfahrplan.de<\/a><\/p>\n\n\n\n<p>Zur Sch\u00fclerbef\u00f6rderung:<\/p>\n\n\n\n<p><a href=\"https:\/\/goerdeler.lspb.de\/wordpress\/wp-content\/uploads\/Anleitung-z.-Ausfuellen-Antrag-SchulwegTicket.pdf\">Flyer zur digitalen Anmeldung<\/a><\/p>\n\n\n\n<p><a href=\"https:\/\/goerdeler.lspb.de\/wordpress\/wp-content\/uploads\/Flyer-SWT-aktuell-1.jpg\">Anleitung zum digitalen Ausf\u00fcllen des Fahrkarten-Antrages<\/a><\/p>\n\n\n\n<p><a href=\"https:\/\/mein-digiport.de\/suche\/-\/vr-bis-detail\/dienstleistung\/22182\/show\">Link zur digitalen Anmeldung<\/a><\/p>\n\n\n\n<p class=\"has-small-font-size\"><strong>F\u00fcr die\nInhalte der externen Seiten \u00fcbernimmt das Goerdeler-Gymnasium keine Haftung.<\/strong><\/p>\n","protected":false},"excerpt":{"rendered":"<p>Die folgenden Buslinien fahren die Schul-Haltestelle morgens bzw. mittags an: Folgende Linien fahren die in direkter N\u00e4he liegenden Haltstellen mehrfach t\u00e4glich an: Riemekerfeld, Delpstrasse Goerdelerstrasse (Stand: November 2024, Angaben ohne Gew\u00e4hr) N\u00e4here Informationen zu aktuellen Busfahrzeiten und Linien erhalten sie bei www.padersprinter.de www.westfalenfahrplan.de Zur Sch\u00fclerbef\u00f6rderung: Flyer zur digitalen Anmeldung Anleitung zum digitalen Ausf\u00fcllen des Fahrkarten-Antrages [&hellip;]<\/p>\n","protected":false},"author":11,"featured_media":0,"parent":0,"menu_order":2,"comment_status":"closed","ping_status":"closed","template":"","meta":{"_themeisle_gutenberg_block_has_review":false,"_mc_calendar":[],"footnotes":""},"class_list":["post-9761","page","type-page","status-publish","hentry"],"_links":{"self":[{"href":"https:\/\/goerdeler.lspb.de\/wordpress\/wp-json\/wp\/v2\/pages\/9761","targetHints":{"allow":["GET"]}}],"collection":[{"href":"https:\/\/goerdeler.lspb.de\/wordpress\/wp-json\/wp\/v2\/pages"}],"about":[{"href":"https:\/\/goerdeler.lspb.de\/wordpress\/wp-json\/wp\/v2\/types\/page"}],"author":[{"embeddable":true,"href":"https:\/\/goerdeler.lspb.de\/wordpress\/wp-json\/wp\/v2\/users\/11"}],"replies":[{"embeddable":true,"href":"https:\/\/goerdeler.lspb.de\/wordpress\/wp-json\/wp\/v2\/comments?post=9761"}],"version-history":[{"count":13,"href":"https:\/\/goerdeler.lspb.de\/wordpress\/wp-json\/wp\/v2\/pages\/9761\/revisions"}],"predecessor-version":[{"id":16821,"href":"https:\/\/goerdeler.lspb.de\/wordpress\/wp-json\/wp\/v2\/pages\/9761\/revisions\/16821"}],"wp:attachment":[{"href":"https:\/\/goerdeler.lspb.de\/wordpress\/wp-json\/wp\/v2\/media?parent=9761"}],"curies":[{"name":"wp","href":"https:\/\/api.w.org\/{rel}","templated":true}]}}